{"id":19036,"date":"2026-04-16T12:23:33","date_gmt":"2026-04-16T10:23:33","guid":{"rendered":"https:\/\/dntagro.com\/solicitud-de-presupuesto\/"},"modified":"2026-04-16T13:57:21","modified_gmt":"2026-04-16T11:57:21","slug":"solicitud-de-presupuesto","status":"publish","type":"page","link":"https:\/\/dntagro.com\/pt-pt\/solicitud-de-presupuesto\/","title":{"rendered":"Solicite o seu or\u00e7amento"},"content":{"rendered":"\n<script type=\"text\/javascript\" src=\"https:\/\/api.clientify.net\/web-marketing\/superforms\/script\/283070.js\"><\/script>\n\n\n\n<p><\/p>\n","protected":false},"excerpt":{"rendered":"","protected":false},"author":18,"featured_media":19032,"parent":0,"menu_order":0,"comment_status":"closed","ping_status":"closed","template":"","meta":{"inline_featured_image":false,"footnotes":""},"class_list":["post-19036","page","type-page","status-publish","has-post-thumbnail"],"yoast_head":"<!-- This site is optimized with the Yoast SEO plugin v27.4 - https:\/\/yoast.com\/product\/yoast-seo-wordpress\/ -->\n<title>Solicite o seu or\u00e7amento - DNT Agro<\/title>\n<meta name=\"robots\" content=\"index, follow, max-snippet:-1, max-image-preview:large, max-video-preview:-1\" \/>\n<link rel=\"canonical\" href=\"https:\/\/dntagro.com\/pt-pt\/solicitud-de-presupuesto\/\" \/>\n<meta property=\"og:locale\" content=\"pt_PT\" \/>\n<meta property=\"og:type\" content=\"article\" \/>\n<meta property=\"og:title\" content=\"Solicite o seu or\u00e7amento - DNT Agro\" \/>\n<meta property=\"og:url\" content=\"https:\/\/dntagro.com\/pt-pt\/solicitud-de-presupuesto\/\" \/>\n<meta property=\"og:site_name\" content=\"DNT Agro\" \/>\n<meta property=\"article:modified_time\" content=\"2026-04-16T11:57:21+00:00\" \/>\n<meta property=\"og:image\" content=\"https:\/\/dntagro.com\/wp-content\/uploads\/2026\/04\/banner-presupuesto.jpg\" \/>\n\t<meta property=\"og:image:width\" content=\"2121\" \/>\n\t<meta property=\"og:image:height\" content=\"1414\" \/>\n\t<meta property=\"og:image:type\" content=\"image\/jpeg\" \/>\n<meta name=\"twitter:card\" content=\"summary_large_image\" \/>\n<meta name=\"twitter:label1\" content=\"Tempo estimado de leitura\" \/>\n\t<meta name=\"twitter:data1\" content=\"1 minute\" \/>\n<script type=\"application\/ld+json\" class=\"yoast-schema-graph\">{\"@context\":\"https:\\\/\\\/schema.org\",\"@graph\":[{\"@type\":\"WebPage\",\"@id\":\"https:\\\/\\\/dntagro.com\\\/pt-pt\\\/solicitud-de-presupuesto\\\/\",\"url\":\"https:\\\/\\\/dntagro.com\\\/pt-pt\\\/solicitud-de-presupuesto\\\/\",\"name\":\"Solicite o seu or\u00e7amento - DNT Agro\",\"isPartOf\":{\"@id\":\"https:\\\/\\\/dntagro.com\\\/pt-pt\\\/#website\"},\"primaryImageOfPage\":{\"@id\":\"https:\\\/\\\/dntagro.com\\\/pt-pt\\\/solicitud-de-presupuesto\\\/#primaryimage\"},\"image\":{\"@id\":\"https:\\\/\\\/dntagro.com\\\/pt-pt\\\/solicitud-de-presupuesto\\\/#primaryimage\"},\"thumbnailUrl\":\"https:\\\/\\\/dntagro.com\\\/wp-content\\\/uploads\\\/2026\\\/04\\\/banner-presupuesto.jpg\",\"datePublished\":\"2026-04-16T10:23:33+00:00\",\"dateModified\":\"2026-04-16T11:57:21+00:00\",\"breadcrumb\":{\"@id\":\"https:\\\/\\\/dntagro.com\\\/pt-pt\\\/solicitud-de-presupuesto\\\/#breadcrumb\"},\"inLanguage\":\"pt-PT\",\"potentialAction\":[{\"@type\":\"ReadAction\",\"target\":[\"https:\\\/\\\/dntagro.com\\\/pt-pt\\\/solicitud-de-presupuesto\\\/\"]}]},{\"@type\":\"ImageObject\",\"inLanguage\":\"pt-PT\",\"@id\":\"https:\\\/\\\/dntagro.com\\\/pt-pt\\\/solicitud-de-presupuesto\\\/#primaryimage\",\"url\":\"https:\\\/\\\/dntagro.com\\\/wp-content\\\/uploads\\\/2026\\\/04\\\/banner-presupuesto.jpg\",\"contentUrl\":\"https:\\\/\\\/dntagro.com\\\/wp-content\\\/uploads\\\/2026\\\/04\\\/banner-presupuesto.jpg\",\"width\":2121,\"height\":1414,\"caption\":\"Proffessional Accountant calculating and filling Tax form\"},{\"@type\":\"BreadcrumbList\",\"@id\":\"https:\\\/\\\/dntagro.com\\\/pt-pt\\\/solicitud-de-presupuesto\\\/#breadcrumb\",\"itemListElement\":[{\"@type\":\"ListItem\",\"position\":1,\"name\":\"Portada\",\"item\":\"https:\\\/\\\/dntagro.com\\\/pt-pt\\\/\"},{\"@type\":\"ListItem\",\"position\":2,\"name\":\"Solicite o seu or\u00e7amento\"}]},{\"@type\":\"WebSite\",\"@id\":\"https:\\\/\\\/dntagro.com\\\/pt-pt\\\/#website\",\"url\":\"https:\\\/\\\/dntagro.com\\\/pt-pt\\\/\",\"name\":\"DNT Agro\",\"description\":\"DNT AGRO es la l\u00ednea de no tejidos y complementos para la protecci\u00f3n y el control biol\u00f3gico y t\u00e9rmico de \u00e1rboles, cultivos y plantas.\",\"publisher\":{\"@id\":\"https:\\\/\\\/dntagro.com\\\/pt-pt\\\/#organization\"},\"potentialAction\":[{\"@type\":\"SearchAction\",\"target\":{\"@type\":\"EntryPoint\",\"urlTemplate\":\"https:\\\/\\\/dntagro.com\\\/pt-pt\\\/?s={search_term_string}\"},\"query-input\":{\"@type\":\"PropertyValueSpecification\",\"valueRequired\":true,\"valueName\":\"search_term_string\"}}],\"inLanguage\":\"pt-PT\"},{\"@type\":\"Organization\",\"@id\":\"https:\\\/\\\/dntagro.com\\\/pt-pt\\\/#organization\",\"name\":\"DNT Agro\",\"url\":\"https:\\\/\\\/dntagro.com\\\/pt-pt\\\/\",\"logo\":{\"@type\":\"ImageObject\",\"inLanguage\":\"pt-PT\",\"@id\":\"https:\\\/\\\/dntagro.com\\\/pt-pt\\\/#\\\/schema\\\/logo\\\/image\\\/\",\"url\":\"https:\\\/\\\/dntagro.com\\\/wp-content\\\/uploads\\\/2025\\\/10\\\/dntagro-menu.png\",\"contentUrl\":\"https:\\\/\\\/dntagro.com\\\/wp-content\\\/uploads\\\/2025\\\/10\\\/dntagro-menu.png\",\"width\":170,\"height\":100,\"caption\":\"DNT Agro\"},\"image\":{\"@id\":\"https:\\\/\\\/dntagro.com\\\/pt-pt\\\/#\\\/schema\\\/logo\\\/image\\\/\"}}]}<\/script>\n<!-- \/ Yoast SEO plugin. -->","yoast_head_json":{"title":"Solicite o seu or\u00e7amento - DNT Agro","robots":{"index":"index","follow":"follow","max-snippet":"max-snippet:-1","max-image-preview":"max-image-preview:large","max-video-preview":"max-video-preview:-1"},"canonical":"https:\/\/dntagro.com\/pt-pt\/solicitud-de-presupuesto\/","og_locale":"pt_PT","og_type":"article","og_title":"Solicite o seu or\u00e7amento - DNT Agro","og_url":"https:\/\/dntagro.com\/pt-pt\/solicitud-de-presupuesto\/","og_site_name":"DNT Agro","article_modified_time":"2026-04-16T11:57:21+00:00","og_image":[{"width":2121,"height":1414,"url":"https:\/\/dntagro.com\/wp-content\/uploads\/2026\/04\/banner-presupuesto.jpg","type":"image\/jpeg"}],"twitter_card":"summary_large_image","twitter_misc":{"Tempo estimado de leitura":"1 minute"},"schema":{"@context":"https:\/\/schema.org","@graph":[{"@type":"WebPage","@id":"https:\/\/dntagro.com\/pt-pt\/solicitud-de-presupuesto\/","url":"https:\/\/dntagro.com\/pt-pt\/solicitud-de-presupuesto\/","name":"Solicite o seu or\u00e7amento - DNT Agro","isPartOf":{"@id":"https:\/\/dntagro.com\/pt-pt\/#website"},"primaryImageOfPage":{"@id":"https:\/\/dntagro.com\/pt-pt\/solicitud-de-presupuesto\/#primaryimage"},"image":{"@id":"https:\/\/dntagro.com\/pt-pt\/solicitud-de-presupuesto\/#primaryimage"},"thumbnailUrl":"https:\/\/dntagro.com\/wp-content\/uploads\/2026\/04\/banner-presupuesto.jpg","datePublished":"2026-04-16T10:23:33+00:00","dateModified":"2026-04-16T11:57:21+00:00","breadcrumb":{"@id":"https:\/\/dntagro.com\/pt-pt\/solicitud-de-presupuesto\/#breadcrumb"},"inLanguage":"pt-PT","potentialAction":[{"@type":"ReadAction","target":["https:\/\/dntagro.com\/pt-pt\/solicitud-de-presupuesto\/"]}]},{"@type":"ImageObject","inLanguage":"pt-PT","@id":"https:\/\/dntagro.com\/pt-pt\/solicitud-de-presupuesto\/#primaryimage","url":"https:\/\/dntagro.com\/wp-content\/uploads\/2026\/04\/banner-presupuesto.jpg","contentUrl":"https:\/\/dntagro.com\/wp-content\/uploads\/2026\/04\/banner-presupuesto.jpg","width":2121,"height":1414,"caption":"Proffessional Accountant calculating and filling Tax form"},{"@type":"BreadcrumbList","@id":"https:\/\/dntagro.com\/pt-pt\/solicitud-de-presupuesto\/#breadcrumb","itemListElement":[{"@type":"ListItem","position":1,"name":"Portada","item":"https:\/\/dntagro.com\/pt-pt\/"},{"@type":"ListItem","position":2,"name":"Solicite o seu or\u00e7amento"}]},{"@type":"WebSite","@id":"https:\/\/dntagro.com\/pt-pt\/#website","url":"https:\/\/dntagro.com\/pt-pt\/","name":"DNT Agro","description":"DNT AGRO es la l\u00ednea de no tejidos y complementos para la protecci\u00f3n y el control biol\u00f3gico y t\u00e9rmico de \u00e1rboles, cultivos y plantas.","publisher":{"@id":"https:\/\/dntagro.com\/pt-pt\/#organization"},"potentialAction":[{"@type":"SearchAction","target":{"@type":"EntryPoint","urlTemplate":"https:\/\/dntagro.com\/pt-pt\/?s={search_term_string}"},"query-input":{"@type":"PropertyValueSpecification","valueRequired":true,"valueName":"search_term_string"}}],"inLanguage":"pt-PT"},{"@type":"Organization","@id":"https:\/\/dntagro.com\/pt-pt\/#organization","name":"DNT Agro","url":"https:\/\/dntagro.com\/pt-pt\/","logo":{"@type":"ImageObject","inLanguage":"pt-PT","@id":"https:\/\/dntagro.com\/pt-pt\/#\/schema\/logo\/image\/","url":"https:\/\/dntagro.com\/wp-content\/uploads\/2025\/10\/dntagro-menu.png","contentUrl":"https:\/\/dntagro.com\/wp-content\/uploads\/2025\/10\/dntagro-menu.png","width":170,"height":100,"caption":"DNT Agro"},"image":{"@id":"https:\/\/dntagro.com\/pt-pt\/#\/schema\/logo\/image\/"}}]}},"_links":{"self":[{"href":"https:\/\/dntagro.com\/pt-pt\/wp-json\/wp\/v2\/pages\/19036","targetHints":{"allow":["GET"]}}],"collection":[{"href":"https:\/\/dntagro.com\/pt-pt\/wp-json\/wp\/v2\/pages"}],"about":[{"href":"https:\/\/dntagro.com\/pt-pt\/wp-json\/wp\/v2\/types\/page"}],"author":[{"embeddable":true,"href":"https:\/\/dntagro.com\/pt-pt\/wp-json\/wp\/v2\/users\/18"}],"replies":[{"embeddable":true,"href":"https:\/\/dntagro.com\/pt-pt\/wp-json\/wp\/v2\/comments?post=19036"}],"version-history":[{"count":0,"href":"https:\/\/dntagro.com\/pt-pt\/wp-json\/wp\/v2\/pages\/19036\/revisions"}],"wp:featuredmedia":[{"embeddable":true,"href":"https:\/\/dntagro.com\/pt-pt\/wp-json\/wp\/v2\/media\/19032"}],"wp:attachment":[{"href":"https:\/\/dntagro.com\/pt-pt\/wp-json\/wp\/v2\/media?parent=19036"}],"curies":[{"name":"wp","href":"https:\/\/api.w.org\/{rel}","templated":true}]}}