{"id":18340,"date":"2020-09-29T13:36:02","date_gmt":"2020-09-29T11:36:02","guid":{"rendered":"https:\/\/dntagro.com\/politica-de-privacidad\/"},"modified":"2025-10-21T16:44:41","modified_gmt":"2025-10-21T14:44:41","slug":"politica-de-privacidade","status":"publish","type":"page","link":"https:\/\/dntagro.com\/pt-pt\/politica-de-privacidade\/","title":{"rendered":"Pol\u00edtica de privacidade"},"content":{"rendered":"\n<p>Para efeitos do disposto na regulamenta\u00e7\u00e3o em vigor em mat\u00e9ria de prote\u00e7\u00e3o de dados pessoais, atrav\u00e9s desta Pol\u00edtica de Privacidade, a <strong>DNT Non Woven Fabrics S.A. <\/strong>(\u201c<strong>DNT<\/strong>\u201d) informa os utilizadores (o \u201cUtilizador\u201d ou \u201cUtilizadores\u201d) do site <strong>www.dntagro.com<\/strong>, do qual \u00e9 propriet\u00e1ria e respons\u00e1vel (o \u201c<strong>Site<\/strong>\u201d), sobre a sua pol\u00edtica de prote\u00e7\u00e3o de dados pessoais.<\/p>\n\n\n\n<p>Desta forma, os Utilizadores podem determinar livre e voluntariamente se desejam fornecer \u00e0 DNT os dados pessoais que lhes possam ser solicitados ou que possam ser obtidos sobre os mesmos por ocasi\u00e3o do seu acesso e utiliza\u00e7\u00e3o do Site, bem como dos servi\u00e7os oferecidos pela DNT.<\/p>\n\n\n\n<p><strong>Quem \u00e9 o respons\u00e1vel pelo tratamento dos seus dados pessoais?<\/strong><\/p>\n\n\n\n<p>Respons\u00e1vel pelo tratamento: DNT Non Woven Fabrics S.A.<\/p>\n\n\n\n<p>Endere\u00e7o: Pol. Ind. El Chaparral 9, 23692 Santa Ana, Alcal\u00e1 la Real (Ja\u00e9n), Espanha.<\/p>\n\n\n\n<p>E-mail: <a href=\"mailto:info@dntnonwovenfabrics.com\">info@dntnonwovenfabrics.com<\/a><\/p>\n\n\n\n<p><strong>Com que finalidade tratamos os seus dados?<\/strong><\/p>\n\n\n\n<p>Dependendo de onde nos fornecer os seus dados, iremos trat\u00e1-los para as seguintes finalidades:<\/p>\n\n\n\n<figure class=\"wp-block-table\"><table><tbody><tr><td>(1) Atender \u00e0s suas consultas<\/td><td>Se desejar fazer alguma consulta, trataremos os seus dados para gerir as suas d\u00favidas ou sugest\u00f5es.<\/td><\/tr><tr><td>(2) Envio de informa\u00e7\u00f5es comerciais e newsletter<\/td><td>Para lhe enviar comunica\u00e7\u00f5es comerciais personalizadas de acordo com as suas prefer\u00eancias e mant\u00ea-lo atualizado sobre os nossos produtos, iniciativas e servi\u00e7os, por meios eletr\u00f3nicos ou n\u00e3o eletr\u00f3nicos. Pode cancelar a sua inscri\u00e7\u00e3o a qualquer momento enviando um e-mail para <a href=\"mailto:info@dntnonwovenfabrics.com\">info@dntnonwovenfabrics.com<\/a>.<\/td><\/tr><\/tbody><\/table><\/figure>\n\n\n\n<p><strong>Qual \u00e9 a legitimidade legal para o tratamento dos seus dados?<\/strong><\/p>\n\n\n\n<p>As bases leg\u00edtimas para o tratamento dos seus dados pessoais, de acordo com a Pol\u00edtica de Privacidade, s\u00e3o:<\/p>\n\n\n\n<ul class=\"wp-block-list\">\n<li>O <strong>interesse leg\u00edtimo<\/strong> da DNT em gerir a sua consulta (1).<\/li>\n\n\n\n<li>Solicitaremos o <strong>seu consentimento <\/strong>para o envio de comunica\u00e7\u00f5es comerciais (2). Pode retirar o seu consentimento a qualquer momento.<\/li>\n<\/ul>\n\n\n\n<p>No caso de e-mails de marketing direto e\/ou boletins informativos, pode retirar o seu consentimento clicando no link \u00abcancelar a sua subscri\u00e7\u00e3o\u00bb.<\/p>\n\n\n\n<ul class=\"wp-block-list\">\n<li><strong>Cumprimento de obriga\u00e7\u00f5es legais<\/strong>, fiscais, contabil\u00edsticas, administrativas ou outras reguladas pela legisla\u00e7\u00e3o aplic\u00e1vel em cada momento.<\/li>\n<\/ul>\n\n\n\n<p><strong>De onde obtemos os seus dados?<\/strong><\/p>\n\n\n\n<p>A Pol\u00edtica de Privacidade recolhe os dados pessoais que a DNT obt\u00e9m, os quais variam em fun\u00e7\u00e3o do servi\u00e7o que utiliza. Para qualquer atividade, a DNT tratar\u00e1 os seus dados identificativos e dados de contacto.<\/p>\n\n\n\n<p>A DNT n\u00e3o tratar\u00e1 categorias especiais de dados, tais como informa\u00e7\u00f5es sobre a sua ra\u00e7a, opini\u00f5es pol\u00edticas, religi\u00e3o, sa\u00fade ou orienta\u00e7\u00e3o sexual, a menos que tenha optado por nos fornecer essas informa\u00e7\u00f5es.<\/p>\n\n\n\n<p><strong>A quem comunicamos os seus dados?<\/strong><\/p>\n\n\n\n<p>A DNT n\u00e3o partilhar\u00e1 os seus dados pessoais com terceiros, a menos que tenha dado o seu consentimento pr\u00e9vio para o fazer.<\/p>\n\n\n\n<p><strong>Por quanto tempo conservamos os seus dados?<\/strong><\/p>\n\n\n\n<p>A DNT tratar\u00e1 os seus dados pessoais enquanto forem necess\u00e1rios para a finalidade para a qual foram recolhidos.<\/p>\n\n\n\n<p>Quando estes j\u00e1 n\u00e3o forem necess\u00e1rios para realizar as finalidades para as quais foram obtidos, procederemos ao bloqueio dos seus dados (de forma que a DNT n\u00e3o ter\u00e1 acesso aos mesmos) durante os prazos previstos nas disposi\u00e7\u00f5es aplic\u00e1veis ou, se for o caso, nas rela\u00e7\u00f5es contratuais mantidas com a DNT, estando dispon\u00edveis apenas a pedido de ju\u00edzes e tribunais, do Minist\u00e9rio P\u00fablico ou das Administra\u00e7\u00f5es P\u00fablicas competentes durante o prazo de prescri\u00e7\u00e3o das a\u00e7\u00f5es.<\/p>\n\n\n\n<p>Uma vez decorridos esses prazos, a DNT proceder\u00e1 \u00e0 supress\u00e3o f\u00edsica ou anonimiza\u00e7\u00e3o dos mesmos.<\/p>\n\n\n\n<p><strong>Quais s\u00e3o os seus direitos?<\/strong><\/p>\n\n\n\n<p>Poder\u00e1 exercer os direitos de acesso, portabilidade, retifica\u00e7\u00e3o, supress\u00e3o, limita\u00e7\u00e3o, oposi\u00e7\u00e3o e de n\u00e3o ser objeto de uma decis\u00e3o baseada exclusivamente no tratamento automatizado. Al\u00e9m disso, poder\u00e1 revogar a qualquer momento o consentimento que, se for o caso, tenha prestado.<\/p>\n\n\n\n<p>Para qualquer pedido relativo ao exerc\u00edcio destes direitos ou qualquer outra quest\u00e3o relacionada com o tratamento, poder\u00e1 exercer esses direitos mediante pedido por escrito dirigido \u00e0 DNT atrav\u00e9s do endere\u00e7o de e-mail info@dntnonwovenfabrics.com.<\/p>\n\n\n\n<p>Qualquer reclama\u00e7\u00e3o relativa ao tratamento aqui informado poder\u00e1 ser apresentada \u00e0 <a href=\"http:\/\/www.aepd.es\">Ag\u00eancia Espanhola de Prote\u00e7\u00e3o de Dados <\/a>(www.aepd.es) para o exerc\u00edcio de qualquer reclama\u00e7\u00e3o que considere oportuna, como organismo p\u00fablico espanhol encarregado de zelar pelo cumprimento da normativa aqui referida.<a id=\"_msocom_1\"><\/a><\/p>\n\n\n\n<div style=\"height:75px\" aria-hidden=\"true\" class=\"wp-block-spacer\"><\/div>\n","protected":false},"excerpt":{"rendered":"<p>Para efeitos do disposto na regulamenta\u00e7\u00e3o em vigor em mat\u00e9ria de prote\u00e7\u00e3o de dados pessoais, atrav\u00e9s desta Pol\u00edtica de Privacidade, a DNT Non Woven Fabrics S.A. (\u201cDNT\u201d) informa os utilizadores (o \u201cUtilizador\u201d ou \u201cUtilizadores\u201d) do site www.dntagro.com, do qual \u00e9 propriet\u00e1ria e respons\u00e1vel (o \u201cSite\u201d), sobre a sua pol\u00edtica de prote\u00e7\u00e3o de dados pessoais. Desta forma, os Utilizadores podem determinar livre e voluntariamente se desejam fornecer \u00e0 DNT os dados &#8230; <\/p>\n<p class=\"read-more-container\"><a title=\"Pol\u00edtica de privacidade\" class=\"read-more button\" href=\"https:\/\/dntagro.com\/pt-pt\/politica-de-privacidade\/#more-18340\" aria-label=\"Leia mais sobre Pol\u00edtica de privacidade\">Leia mais<\/a><\/p>\n","protected":false},"author":5,"featured_media":0,"parent":0,"menu_order":0,"comment_status":"closed","ping_status":"closed","template":"","meta":{"inline_featured_image":false,"footnotes":""},"class_list":["post-18340","page","type-page","status-publish"],"yoast_head":"<!-- This site is optimized with the Yoast SEO plugin v27.4 - https:\/\/yoast.com\/product\/yoast-seo-wordpress\/ -->\n<title>Pol\u00edtica de privacidade - DNT Agro<\/title>\n<meta name=\"description\" content=\"Con la Pol\u00edtica de Privacidad, DNT Non Woven Fabrics informa a los usuarios acerca de su pol\u00edtica de protecci\u00f3n de los datos personales.\" \/>\n<meta name=\"robots\" content=\"index, follow, max-snippet:-1, max-image-preview:large, max-video-preview:-1\" \/>\n<link rel=\"canonical\" href=\"https:\/\/dntagro.com\/pt-pt\/politica-de-privacidade\/\" \/>\n<meta property=\"og:locale\" content=\"pt_PT\" \/>\n<meta property=\"og:type\" content=\"article\" \/>\n<meta property=\"og:title\" content=\"Pol\u00edtica de privacidade - DNT Agro\" \/>\n<meta property=\"og:description\" content=\"Con la Pol\u00edtica de Privacidad, DNT Non Woven Fabrics informa a los usuarios acerca de su pol\u00edtica de protecci\u00f3n de los datos personales.\" \/>\n<meta property=\"og:url\" content=\"https:\/\/dntagro.com\/pt-pt\/politica-de-privacidade\/\" \/>\n<meta property=\"og:site_name\" content=\"DNT Agro\" \/>\n<meta property=\"article:modified_time\" content=\"2025-10-21T14:44:41+00:00\" \/>\n<meta name=\"twitter:card\" content=\"summary_large_image\" \/>\n<meta name=\"twitter:label1\" content=\"Tempo estimado de leitura\" \/>\n\t<meta name=\"twitter:data1\" content=\"3 minutes\" \/>\n<script type=\"application\/ld+json\" class=\"yoast-schema-graph\">{\"@context\":\"https:\\\/\\\/schema.org\",\"@graph\":[{\"@type\":\"WebPage\",\"@id\":\"https:\\\/\\\/dntagro.com\\\/pt-pt\\\/politica-de-privacidade\\\/\",\"url\":\"https:\\\/\\\/dntagro.com\\\/pt-pt\\\/politica-de-privacidade\\\/\",\"name\":\"Pol\u00edtica de privacidade - DNT Agro\",\"isPartOf\":{\"@id\":\"https:\\\/\\\/dntagro.com\\\/pt-pt\\\/#website\"},\"datePublished\":\"2020-09-29T11:36:02+00:00\",\"dateModified\":\"2025-10-21T14:44:41+00:00\",\"description\":\"Con la Pol\u00edtica de Privacidad, DNT Non Woven Fabrics informa a los usuarios acerca de su pol\u00edtica de protecci\u00f3n de los datos personales.\",\"breadcrumb\":{\"@id\":\"https:\\\/\\\/dntagro.com\\\/pt-pt\\\/politica-de-privacidade\\\/#breadcrumb\"},\"inLanguage\":\"pt-PT\",\"potentialAction\":[{\"@type\":\"ReadAction\",\"target\":[\"https:\\\/\\\/dntagro.com\\\/pt-pt\\\/politica-de-privacidade\\\/\"]}]},{\"@type\":\"BreadcrumbList\",\"@id\":\"https:\\\/\\\/dntagro.com\\\/pt-pt\\\/politica-de-privacidade\\\/#breadcrumb\",\"itemListElement\":[{\"@type\":\"ListItem\",\"position\":1,\"name\":\"Portada\",\"item\":\"https:\\\/\\\/dntagro.com\\\/pt-pt\\\/\"},{\"@type\":\"ListItem\",\"position\":2,\"name\":\"Pol\u00edtica de privacidade\"}]},{\"@type\":\"WebSite\",\"@id\":\"https:\\\/\\\/dntagro.com\\\/pt-pt\\\/#website\",\"url\":\"https:\\\/\\\/dntagro.com\\\/pt-pt\\\/\",\"name\":\"DNT Agro\",\"description\":\"DNT AGRO es la l\u00ednea de no tejidos y complementos para la protecci\u00f3n y el control biol\u00f3gico y t\u00e9rmico de \u00e1rboles, cultivos y plantas.\",\"publisher\":{\"@id\":\"https:\\\/\\\/dntagro.com\\\/pt-pt\\\/#organization\"},\"potentialAction\":[{\"@type\":\"SearchAction\",\"target\":{\"@type\":\"EntryPoint\",\"urlTemplate\":\"https:\\\/\\\/dntagro.com\\\/pt-pt\\\/?s={search_term_string}\"},\"query-input\":{\"@type\":\"PropertyValueSpecification\",\"valueRequired\":true,\"valueName\":\"search_term_string\"}}],\"inLanguage\":\"pt-PT\"},{\"@type\":\"Organization\",\"@id\":\"https:\\\/\\\/dntagro.com\\\/pt-pt\\\/#organization\",\"name\":\"DNT Agro\",\"url\":\"https:\\\/\\\/dntagro.com\\\/pt-pt\\\/\",\"logo\":{\"@type\":\"ImageObject\",\"inLanguage\":\"pt-PT\",\"@id\":\"https:\\\/\\\/dntagro.com\\\/pt-pt\\\/#\\\/schema\\\/logo\\\/image\\\/\",\"url\":\"https:\\\/\\\/dntagro.com\\\/wp-content\\\/uploads\\\/2025\\\/10\\\/dntagro-menu.png\",\"contentUrl\":\"https:\\\/\\\/dntagro.com\\\/wp-content\\\/uploads\\\/2025\\\/10\\\/dntagro-menu.png\",\"width\":170,\"height\":100,\"caption\":\"DNT Agro\"},\"image\":{\"@id\":\"https:\\\/\\\/dntagro.com\\\/pt-pt\\\/#\\\/schema\\\/logo\\\/image\\\/\"}}]}<\/script>\n<!-- \/ Yoast SEO plugin. -->","yoast_head_json":{"title":"Pol\u00edtica de privacidade - DNT Agro","description":"Con la Pol\u00edtica de Privacidad, DNT Non Woven Fabrics informa a los usuarios acerca de su pol\u00edtica de protecci\u00f3n de los datos personales.","robots":{"index":"index","follow":"follow","max-snippet":"max-snippet:-1","max-image-preview":"max-image-preview:large","max-video-preview":"max-video-preview:-1"},"canonical":"https:\/\/dntagro.com\/pt-pt\/politica-de-privacidade\/","og_locale":"pt_PT","og_type":"article","og_title":"Pol\u00edtica de privacidade - DNT Agro","og_description":"Con la Pol\u00edtica de Privacidad, DNT Non Woven Fabrics informa a los usuarios acerca de su pol\u00edtica de protecci\u00f3n de los datos personales.","og_url":"https:\/\/dntagro.com\/pt-pt\/politica-de-privacidade\/","og_site_name":"DNT Agro","article_modified_time":"2025-10-21T14:44:41+00:00","twitter_card":"summary_large_image","twitter_misc":{"Tempo estimado de leitura":"3 minutes"},"schema":{"@context":"https:\/\/schema.org","@graph":[{"@type":"WebPage","@id":"https:\/\/dntagro.com\/pt-pt\/politica-de-privacidade\/","url":"https:\/\/dntagro.com\/pt-pt\/politica-de-privacidade\/","name":"Pol\u00edtica de privacidade - DNT Agro","isPartOf":{"@id":"https:\/\/dntagro.com\/pt-pt\/#website"},"datePublished":"2020-09-29T11:36:02+00:00","dateModified":"2025-10-21T14:44:41+00:00","description":"Con la Pol\u00edtica de Privacidad, DNT Non Woven Fabrics informa a los usuarios acerca de su pol\u00edtica de protecci\u00f3n de los datos personales.","breadcrumb":{"@id":"https:\/\/dntagro.com\/pt-pt\/politica-de-privacidade\/#breadcrumb"},"inLanguage":"pt-PT","potentialAction":[{"@type":"ReadAction","target":["https:\/\/dntagro.com\/pt-pt\/politica-de-privacidade\/"]}]},{"@type":"BreadcrumbList","@id":"https:\/\/dntagro.com\/pt-pt\/politica-de-privacidade\/#breadcrumb","itemListElement":[{"@type":"ListItem","position":1,"name":"Portada","item":"https:\/\/dntagro.com\/pt-pt\/"},{"@type":"ListItem","position":2,"name":"Pol\u00edtica de privacidade"}]},{"@type":"WebSite","@id":"https:\/\/dntagro.com\/pt-pt\/#website","url":"https:\/\/dntagro.com\/pt-pt\/","name":"DNT Agro","description":"DNT AGRO es la l\u00ednea de no tejidos y complementos para la protecci\u00f3n y el control biol\u00f3gico y t\u00e9rmico de \u00e1rboles, cultivos y plantas.","publisher":{"@id":"https:\/\/dntagro.com\/pt-pt\/#organization"},"potentialAction":[{"@type":"SearchAction","target":{"@type":"EntryPoint","urlTemplate":"https:\/\/dntagro.com\/pt-pt\/?s={search_term_string}"},"query-input":{"@type":"PropertyValueSpecification","valueRequired":true,"valueName":"search_term_string"}}],"inLanguage":"pt-PT"},{"@type":"Organization","@id":"https:\/\/dntagro.com\/pt-pt\/#organization","name":"DNT Agro","url":"https:\/\/dntagro.com\/pt-pt\/","logo":{"@type":"ImageObject","inLanguage":"pt-PT","@id":"https:\/\/dntagro.com\/pt-pt\/#\/schema\/logo\/image\/","url":"https:\/\/dntagro.com\/wp-content\/uploads\/2025\/10\/dntagro-menu.png","contentUrl":"https:\/\/dntagro.com\/wp-content\/uploads\/2025\/10\/dntagro-menu.png","width":170,"height":100,"caption":"DNT Agro"},"image":{"@id":"https:\/\/dntagro.com\/pt-pt\/#\/schema\/logo\/image\/"}}]}},"_links":{"self":[{"href":"https:\/\/dntagro.com\/pt-pt\/wp-json\/wp\/v2\/pages\/18340","targetHints":{"allow":["GET"]}}],"collection":[{"href":"https:\/\/dntagro.com\/pt-pt\/wp-json\/wp\/v2\/pages"}],"about":[{"href":"https:\/\/dntagro.com\/pt-pt\/wp-json\/wp\/v2\/types\/page"}],"author":[{"embeddable":true,"href":"https:\/\/dntagro.com\/pt-pt\/wp-json\/wp\/v2\/users\/5"}],"replies":[{"embeddable":true,"href":"https:\/\/dntagro.com\/pt-pt\/wp-json\/wp\/v2\/comments?post=18340"}],"version-history":[{"count":0,"href":"https:\/\/dntagro.com\/pt-pt\/wp-json\/wp\/v2\/pages\/18340\/revisions"}],"wp:attachment":[{"href":"https:\/\/dntagro.com\/pt-pt\/wp-json\/wp\/v2\/media?parent=18340"}],"curies":[{"name":"wp","href":"https:\/\/api.w.org\/{rel}","templated":true}]}}