{"id":18308,"date":"2022-02-01T16:43:59","date_gmt":"2022-02-01T15:43:59","guid":{"rendered":"https:\/\/dntagro.com\/aviso-legal\/"},"modified":"2025-10-21T15:45:35","modified_gmt":"2025-10-21T13:45:35","slug":"aviso-legal","status":"publish","type":"page","link":"https:\/\/dntagro.com\/pt-pt\/aviso-legal\/","title":{"rendered":"Aviso legal"},"content":{"rendered":"\n<h3 class=\"wp-block-heading\">1.- Informa\u00e7\u00e3o legal e aceita\u00e7\u00e3o<\/h3>\n\n\n\n<p>O site <a href=\"https:\/\/dntagro.com\/pt-pt\/\">dntagro.com<\/a> (o \u00abSite\u00bb) \u00e9 propriedade de:<\/p>\n\n\n\n<ul class=\"wp-block-list\">\n<li>DNT Non Woven Fabrics S.A.<\/li>\n<\/ul>\n\n\n\n<p>Inscrita no Registo Comercial de Ja\u00e9n, Tomo 523, F\u00f3lio 91, Folha 19955.<\/p>\n\n\n\n<p>NIF: A23699259<\/p>\n\n\n\n<p>Sede social: Pol. Ind. El Chaparral 9, 23692 Santa Ana, Alcal\u00e1 la Real (Ja\u00e9n), Espanha.<\/p>\n\n\n\n<p>E-mail: <a href=\"mailto:info@dntnonwovenfabrics.com\">info@dntnonwovenfabrics.com<\/a>.<\/p>\n\n\n\n<p>Os termos e condi\u00e7\u00f5es estabelecidos no presente Aviso Legal regulam a utiliza\u00e7\u00e3o do site que a DNT Non Woven Fabrics S.A. (doravante, \u00abDNT\u00bb) coloca \u00e0 disposi\u00e7\u00e3o dos utilizadores que acedem ao mesmo (doravante, o \u00abUtilizador\u00bb ou \u00abUtilizadores\u00bb).<\/p>\n\n\n\n<p>A utiliza\u00e7\u00e3o do site pelos Utilizadores implica a aceita\u00e7\u00e3o de todas as condi\u00e7\u00f5es inclu\u00eddas neste Aviso Legal.<\/p>\n\n\n\n<p>\u00c9 poss\u00edvel que, ao longo da presta\u00e7\u00e3o dos servi\u00e7os inclu\u00eddos no site, o nome do dom\u00ednio sob o qual esses servi\u00e7os s\u00e3o prestados seja alterado. Portanto, os Utilizadores conhecem e aceitam essa possibilidade, permanecendo, nesse caso, totalmente em vigor as obriga\u00e7\u00f5es aceites pelos Utilizadores e pela DNT, de acordo com o estabelecido neste documento.<\/p>\n\n\n\n<h3 class=\"wp-block-heading\">2.- Condi\u00e7\u00f5es de utiliza\u00e7\u00e3o dos conte\u00fados e servi\u00e7os<\/h3>\n\n\n\n<p>Os Utilizadores s\u00f3 poder\u00e3o aceder aos servi\u00e7os e conte\u00fados atrav\u00e9s dos meios ou procedimentos que tenham sido colocados \u00e0 sua disposi\u00e7\u00e3o para esse efeito no Site ou que sejam habitualmente utilizados na Internet para esse fim, desde que n\u00e3o impliquem a viola\u00e7\u00e3o de direitos de propriedade intelectual ou industrial nem impliquem qualquer tipo de dano para o Site e\/ou para a informa\u00e7\u00e3o ou servi\u00e7os oferecidos.<\/p>\n\n\n\n<p>O Utilizador compromete-se a utilizar os conte\u00fados e servi\u00e7os de forma diligente, legal, correta e l\u00edcita e, em particular, compromete-se, a t\u00edtulo meramente enunciativo e n\u00e3o exaustivo, a abster-se de:<\/p>\n\n\n\n<ul class=\"wp-block-list\">\n<li>utilizar os conte\u00fados e servi\u00e7os de forma e para fins contr\u00e1rios \u00e0 lei, \u00e0 moral e aos bons costumes geralmente aceites ou \u00e0 ordem p\u00fablica;<\/li>\n\n\n\n<li>violar direitos de propriedade intelectual ou industrial pertencentes \u00e0 DNT ou a terceiros;<\/li>\n\n\n\n<li>utilizar os servi\u00e7os e conte\u00fados de forma que possa causar preju\u00edzo ou sobrecarga ao funcionamento do site;<\/li>\n\n\n\n<li>realizar transa\u00e7\u00f5es fraudulentas ou que possam facilitar condutas il\u00edcitas ou fraudulentas de qualquer tipo;<\/li>\n\n\n\n<li>utilizar os conte\u00fados e servi\u00e7os e, em particular, as informa\u00e7\u00f5es de qualquer tipo obtidas atrav\u00e9s do site para qualquer tipo de finalidade publicit\u00e1ria e, em especial, para enviar publicidade, comunica\u00e7\u00f5es com fins de venda direta ou com qualquer outro tipo de finalidade comercial, mensagens n\u00e3o solicitadas individualizadas ou dirigidas a uma pluralidade de pessoas, bem como comercializar ou divulgar de qualquer forma essas informa\u00e7\u00f5es sem a autoriza\u00e7\u00e3o do propriet\u00e1rio e\/ou da DNT.<\/li>\n<\/ul>\n\n\n\n<p>Os Utilizadores ser\u00e3o respons\u00e1veis por todos os danos e preju\u00edzos de qualquer natureza que a DNT possa sofrer, direta ou indiretamente, como consequ\u00eancia do incumprimento de qualquer das obriga\u00e7\u00f5es decorrentes deste Aviso Legal ou da lei em rela\u00e7\u00e3o \u00e0 utiliza\u00e7\u00e3o do Site.<\/p>\n\n\n\n<h3 class=\"wp-block-heading\"><strong>3.- Links para terceiros (links externos)<\/strong><\/h3>\n\n\n\n<p>O site pode incluir links que permitem aos Utilizadores aceder a sites de terceiros (\u00abSites de Terceiros\u00bb), o que n\u00e3o deve pressupor a exist\u00eancia de acordos com os respons\u00e1veis ou titulares dos mesmos. Nestes casos, a DNT n\u00e3o se responsabiliza pelo conte\u00fado desses sites. Qualquer utiliza\u00e7\u00e3o de um link ou acesso a um site que n\u00e3o seja pr\u00f3prio \u00e9 feita por vontade e risco exclusivos do Utilizador.<\/p>\n\n\n\n<p>Caso o Utilizador considere que existe um Site de Terceiros com conte\u00fados il\u00edcitos ou inadequados, poder\u00e1 comunic\u00e1-lo \u00e0 DNT para o endere\u00e7o de contacto indicado no primeiro par\u00e1grafo deste Aviso Legal, indicando:<\/p>\n\n\n\n<ul class=\"wp-block-list\">\n<li>do comunicante: nome, endere\u00e7o, n\u00famero de telefone e endere\u00e7o de e-mail;<\/li>\n\n\n\n<li>uma descri\u00e7\u00e3o dos factos que revelam o car\u00e1ter il\u00edcito ou inadequado do Site Ligado; e<\/li>\n\n\n\n<li>uma declara\u00e7\u00e3o expressa de que as informa\u00e7\u00f5es contidas na comunica\u00e7\u00e3o s\u00e3o exatas.<\/li>\n<\/ul>\n\n\n\n<h3 class=\"wp-block-heading\"><strong>4.- Links para o site (links de entrada)<\/strong><\/h3>\n\n\n\n<p>Os Utilizadores que desejarem introduzir links para o Site a partir dos seus pr\u00f3prios sites poder\u00e3o faz\u00ea-lo, desde que o site que estabelece o link cumpra a lei e, em nenhum caso, contenha links para conte\u00fados que:<\/p>\n\n\n\n<ul class=\"wp-block-list\">\n<li>sejam il\u00edcitos, nocivos ou contr\u00e1rios \u00e0 moral e aos bons costumes (pornogr\u00e1ficos, violentos, racistas, etc.);<\/li>\n\n\n\n<li>induza ou possa induzir no utilizador a falsa concep\u00e7\u00e3o de que a DNT subscreve, apoia, adere ou de qualquer forma apoia as ideias, manifesta\u00e7\u00f5es ou express\u00f5es, l\u00edcitas ou il\u00edcitas, do remetente;<\/li>\n\n\n\n<li>sejam inadequados ou irrelevantes para a atividade da DNT, tendo em conta o local, os conte\u00fados e a tem\u00e1tica da p\u00e1gina web do remetente.<\/li>\n<\/ul>\n\n\n\n<p>A DNT poder\u00e1 solicitar, a qualquer momento e sem necessidade de apresentar os motivos de tal solicita\u00e7\u00e3o, que qualquer link para o site seja removido, ap\u00f3s o que o respons\u00e1vel pelo site vinculado dever\u00e1 proceder imediatamente \u00e0 sua remo\u00e7\u00e3o.<\/p>\n\n\n\n<h3 class=\"wp-block-heading\"><strong>5- <strong>Propriedade Intelectual e Industrial<\/strong><\/strong><\/h3>\n\n\n\n<p>A totalidade dos conte\u00fados do site, entendendo-se por estes, a t\u00edtulo meramente enunciativo, os textos, fotografias, gr\u00e1ficos, imagens, \u00edcones, tecnologia, software, links, dom\u00ednios, marcas e outros conte\u00fados, incluindo os audiovisuais ou sonoros, bem como o seu design gr\u00e1fico e c\u00f3digos-fonte, s\u00e3o propriedade exclusiva da DNT, ou de terceiros cujos direitos, se for o caso, a DNT reconhece, e est\u00e3o sujeitos a direitos de propriedade intelectual e industrial protegidos pela legisla\u00e7\u00e3o nacional e internacional.<\/p>\n\n\n\n<p>\u00c9 estritamente proibida qualquer utiliza\u00e7\u00e3o de qualquer dos elementos objeto de propriedade industrial e intelectual para qualquer finalidade, especialmente comercial, bem como a sua distribui\u00e7\u00e3o, comunica\u00e7\u00e3o p\u00fablica, modifica\u00e7\u00e3o, altera\u00e7\u00e3o, transforma\u00e7\u00e3o ou descompila\u00e7\u00e3o, salvo autoriza\u00e7\u00e3o expressa por escrito da DNT ou do titular dos mesmos.<\/p>\n\n\n\n<h3 class=\"wp-block-heading\">6- Exclusi\u00f3n de garant\u00edas y de responsabilidad<\/h3>\n\n\n\n<p>DNT no ser\u00e1 responsable:<\/p>\n\n\n\n<ol class=\"wp-block-list\">\n<li>En caso de que existan interrupciones del servicio, demoras, errores, mal funcionamiento del mismo y, en general, dem\u00e1s inconvenientes que tengan su origen en causas que escapan del control de DNT, y\/o debidas a una actuaci\u00f3n dolosa o culposa de los Usuarios y\/o tengan por origen causas de Fuerza Mayor. Sin perjuicio de lo establecido en el art\u00edculo 1105 del C\u00f3digo Civil, se entender\u00e1n incluidos en el concepto de Fuerza Mayor, adem\u00e1s, y a los efectos de las presentes condiciones generales, todos aquellos acontecimientos acaecidos fuera del control de DNT, tales como: fallo de terceros, operadores o compa\u00f1\u00edas de servicios, actos de Gobierno, falta de acceso a redes de terceros, actos u omisiones de las Autoridades P\u00fablicas, aquellos otros producidos como consecuencia de fen\u00f3menos naturales, apagones, huelga, alteraciones de orden p\u00fablico, el ataque de hackers, crackers u otros terceros a la seguridad o integridad del sistema inform\u00e1tico o cualquier otro que se derive de un hecho causado por un avance previsible de la t\u00e9cnica. En cualquier caso, sea cual fuere su causa, DNT no asumir\u00e1 responsabilidad alguna ya sea por da\u00f1os directos o indirectos, da\u00f1o emergente y\/o por lucro cesante.<\/li>\n\n\n\n<li>Pela utiliza\u00e7\u00e3o que os Utilizadores fizerem do conte\u00fado do Site, bem como de qualquer outro material contido no Site, que possa constituir uma viola\u00e7\u00e3o de qualquer tipo de norma, nacional ou internacional, dos direitos de propriedade intelectual ou industrial ou de qualquer outro direito de terceiros;<\/li>\n\n\n\n<li>Por poss\u00edveis erros de seguran\u00e7a que possam ocorrer devido ao uso de vers\u00f5es desatualizadas de navegadores, ou pelas consequ\u00eancias que possam decorrer do mau funcionamento do navegador, seja por configura\u00e7\u00e3o inadequada, presen\u00e7a de v\u00edrus inform\u00e1ticos ou qualquer outra causa alheia \u00e0 DNT.<\/li>\n<\/ol>\n\n\n\n<h3 class=\"wp-block-heading\"><strong>7.- Generalidades<\/strong><\/h3>\n\n\n\n<p>Qualquer cl\u00e1usula ou disposi\u00e7\u00e3o do presente Aviso Legal que seja ou se torne ilegal, inv\u00e1lida ou inexequ\u00edvel ser\u00e1 exclu\u00edda do mesmo e ser\u00e1 considerada inaplic\u00e1vel no que diz respeito a tal ilegalidade, invalidade ou inexequibilidade, e ser\u00e1 substitu\u00edda por outra que se assemelhe o mais poss\u00edvel \u00e0 anterior, mas n\u00e3o afetar\u00e1 ou prejudicar\u00e1 as restantes disposi\u00e7\u00f5es, que ficar\u00e3o \u00e0 margem de qualquer cl\u00e1usula ou disposi\u00e7\u00e3o ilegal, inv\u00e1lida ou inexequ\u00edvel e permanecer\u00e3o, pelo contr\u00e1rio, em pleno vigor e efeito.<\/p>\n\n\n\n<p>A DNT exclui qualquer tipo de garantia e, portanto, fica isenta de toda a responsabilidade derivada dos pontos expressos anteriormente, bem como de outros aspetos que possam n\u00e3o estar contemplados no presente documento.<\/p>\n\n\n\n<h3 class=\"wp-block-heading\"><strong>8.- <\/strong>Lei aplic\u00e1vel<\/h3>\n\n\n\n<p>A rela\u00e7\u00e3o entre a <a href=\"https:\/\/dntnonwovenfabrics.com\/pt-pt\/\">DNT<\/a> e o Utilizador ser\u00e1 regida pela legisla\u00e7\u00e3o espanhola em vigor.<\/p>\n\n\n\n<div style=\"height:75px\" aria-hidden=\"true\" class=\"wp-block-spacer\"><\/div>\n\n\n\n<p><a id=\"_msocom_1\"><\/a><\/p>\n","protected":false},"excerpt":{"rendered":"<p>1.- Informa\u00e7\u00e3o legal e aceita\u00e7\u00e3o O site dntagro.com (o \u00abSite\u00bb) \u00e9 propriedade de: Inscrita no Registo Comercial de Ja\u00e9n, Tomo 523, F\u00f3lio 91, Folha 19955. NIF: A23699259 Sede social: Pol. Ind. El Chaparral 9, 23692 Santa Ana, Alcal\u00e1 la Real (Ja\u00e9n), Espanha. E-mail: info@dntnonwovenfabrics.com. Os termos e condi\u00e7\u00f5es estabelecidos no presente Aviso Legal regulam a utiliza\u00e7\u00e3o do site que a DNT Non Woven Fabrics S.A. (doravante, \u00abDNT\u00bb) coloca \u00e0 disposi\u00e7\u00e3o &#8230; <\/p>\n<p class=\"read-more-container\"><a title=\"Aviso legal\" class=\"read-more button\" href=\"https:\/\/dntagro.com\/pt-pt\/aviso-legal\/#more-18308\" aria-label=\"Leia mais sobre Aviso legal\">Leia mais<\/a><\/p>\n","protected":false},"author":20,"featured_media":0,"parent":0,"menu_order":0,"comment_status":"closed","ping_status":"closed","template":"","meta":{"inline_featured_image":false,"footnotes":""},"class_list":["post-18308","page","type-page","status-publish"],"yoast_head":"<!-- This site is optimized with the Yoast SEO plugin v27.4 - https:\/\/yoast.com\/product\/yoast-seo-wordpress\/ -->\n<title>Aviso legal - DNT Agro<\/title>\n<meta name=\"description\" content=\"Los t\u00e9rminos y condiciones recogidos en el presente Aviso Legal regulan el uso de la Web que DNT Non Woven Fabrics S.A.\" \/>\n<meta name=\"robots\" content=\"index, follow, max-snippet:-1, max-image-preview:large, max-video-preview:-1\" \/>\n<link rel=\"canonical\" href=\"https:\/\/dntagro.com\/pt-pt\/aviso-legal\/\" \/>\n<meta property=\"og:locale\" content=\"pt_PT\" \/>\n<meta property=\"og:type\" content=\"article\" \/>\n<meta property=\"og:title\" content=\"Aviso legal - DNT Agro\" \/>\n<meta property=\"og:description\" content=\"Los t\u00e9rminos y condiciones recogidos en el presente Aviso Legal regulan el uso de la Web que DNT Non Woven Fabrics S.A.\" \/>\n<meta property=\"og:url\" content=\"https:\/\/dntagro.com\/pt-pt\/aviso-legal\/\" \/>\n<meta property=\"og:site_name\" content=\"DNT Agro\" \/>\n<meta property=\"article:modified_time\" content=\"2025-10-21T13:45:35+00:00\" \/>\n<meta name=\"twitter:card\" content=\"summary_large_image\" \/>\n<meta name=\"twitter:label1\" content=\"Tempo estimado de leitura\" \/>\n\t<meta name=\"twitter:data1\" content=\"6 minutes\" \/>\n<script type=\"application\/ld+json\" class=\"yoast-schema-graph\">{\"@context\":\"https:\\\/\\\/schema.org\",\"@graph\":[{\"@type\":\"WebPage\",\"@id\":\"https:\\\/\\\/dntagro.com\\\/pt-pt\\\/aviso-legal\\\/\",\"url\":\"https:\\\/\\\/dntagro.com\\\/pt-pt\\\/aviso-legal\\\/\",\"name\":\"Aviso legal - DNT Agro\",\"isPartOf\":{\"@id\":\"https:\\\/\\\/dntagro.com\\\/pt-pt\\\/#website\"},\"datePublished\":\"2022-02-01T15:43:59+00:00\",\"dateModified\":\"2025-10-21T13:45:35+00:00\",\"description\":\"Los t\u00e9rminos y condiciones recogidos en el presente Aviso Legal regulan el uso de la Web que DNT Non Woven Fabrics S.A.\",\"breadcrumb\":{\"@id\":\"https:\\\/\\\/dntagro.com\\\/pt-pt\\\/aviso-legal\\\/#breadcrumb\"},\"inLanguage\":\"pt-PT\",\"potentialAction\":[{\"@type\":\"ReadAction\",\"target\":[\"https:\\\/\\\/dntagro.com\\\/pt-pt\\\/aviso-legal\\\/\"]}]},{\"@type\":\"BreadcrumbList\",\"@id\":\"https:\\\/\\\/dntagro.com\\\/pt-pt\\\/aviso-legal\\\/#breadcrumb\",\"itemListElement\":[{\"@type\":\"ListItem\",\"position\":1,\"name\":\"Portada\",\"item\":\"https:\\\/\\\/dntagro.com\\\/pt-pt\\\/\"},{\"@type\":\"ListItem\",\"position\":2,\"name\":\"Aviso legal\"}]},{\"@type\":\"WebSite\",\"@id\":\"https:\\\/\\\/dntagro.com\\\/pt-pt\\\/#website\",\"url\":\"https:\\\/\\\/dntagro.com\\\/pt-pt\\\/\",\"name\":\"DNT Agro\",\"description\":\"DNT AGRO es la l\u00ednea de no tejidos y complementos para la protecci\u00f3n y el control biol\u00f3gico y t\u00e9rmico de \u00e1rboles, cultivos y plantas.\",\"publisher\":{\"@id\":\"https:\\\/\\\/dntagro.com\\\/pt-pt\\\/#organization\"},\"potentialAction\":[{\"@type\":\"SearchAction\",\"target\":{\"@type\":\"EntryPoint\",\"urlTemplate\":\"https:\\\/\\\/dntagro.com\\\/pt-pt\\\/?s={search_term_string}\"},\"query-input\":{\"@type\":\"PropertyValueSpecification\",\"valueRequired\":true,\"valueName\":\"search_term_string\"}}],\"inLanguage\":\"pt-PT\"},{\"@type\":\"Organization\",\"@id\":\"https:\\\/\\\/dntagro.com\\\/pt-pt\\\/#organization\",\"name\":\"DNT Agro\",\"url\":\"https:\\\/\\\/dntagro.com\\\/pt-pt\\\/\",\"logo\":{\"@type\":\"ImageObject\",\"inLanguage\":\"pt-PT\",\"@id\":\"https:\\\/\\\/dntagro.com\\\/pt-pt\\\/#\\\/schema\\\/logo\\\/image\\\/\",\"url\":\"https:\\\/\\\/dntagro.com\\\/wp-content\\\/uploads\\\/2025\\\/10\\\/dntagro-menu.png\",\"contentUrl\":\"https:\\\/\\\/dntagro.com\\\/wp-content\\\/uploads\\\/2025\\\/10\\\/dntagro-menu.png\",\"width\":170,\"height\":100,\"caption\":\"DNT Agro\"},\"image\":{\"@id\":\"https:\\\/\\\/dntagro.com\\\/pt-pt\\\/#\\\/schema\\\/logo\\\/image\\\/\"}}]}<\/script>\n<!-- \/ Yoast SEO plugin. -->","yoast_head_json":{"title":"Aviso legal - DNT Agro","description":"Los t\u00e9rminos y condiciones recogidos en el presente Aviso Legal regulan el uso de la Web que DNT Non Woven Fabrics S.A.","robots":{"index":"index","follow":"follow","max-snippet":"max-snippet:-1","max-image-preview":"max-image-preview:large","max-video-preview":"max-video-preview:-1"},"canonical":"https:\/\/dntagro.com\/pt-pt\/aviso-legal\/","og_locale":"pt_PT","og_type":"article","og_title":"Aviso legal - DNT Agro","og_description":"Los t\u00e9rminos y condiciones recogidos en el presente Aviso Legal regulan el uso de la Web que DNT Non Woven Fabrics S.A.","og_url":"https:\/\/dntagro.com\/pt-pt\/aviso-legal\/","og_site_name":"DNT Agro","article_modified_time":"2025-10-21T13:45:35+00:00","twitter_card":"summary_large_image","twitter_misc":{"Tempo estimado de leitura":"6 minutes"},"schema":{"@context":"https:\/\/schema.org","@graph":[{"@type":"WebPage","@id":"https:\/\/dntagro.com\/pt-pt\/aviso-legal\/","url":"https:\/\/dntagro.com\/pt-pt\/aviso-legal\/","name":"Aviso legal - DNT Agro","isPartOf":{"@id":"https:\/\/dntagro.com\/pt-pt\/#website"},"datePublished":"2022-02-01T15:43:59+00:00","dateModified":"2025-10-21T13:45:35+00:00","description":"Los t\u00e9rminos y condiciones recogidos en el presente Aviso Legal regulan el uso de la Web que DNT Non Woven Fabrics S.A.","breadcrumb":{"@id":"https:\/\/dntagro.com\/pt-pt\/aviso-legal\/#breadcrumb"},"inLanguage":"pt-PT","potentialAction":[{"@type":"ReadAction","target":["https:\/\/dntagro.com\/pt-pt\/aviso-legal\/"]}]},{"@type":"BreadcrumbList","@id":"https:\/\/dntagro.com\/pt-pt\/aviso-legal\/#breadcrumb","itemListElement":[{"@type":"ListItem","position":1,"name":"Portada","item":"https:\/\/dntagro.com\/pt-pt\/"},{"@type":"ListItem","position":2,"name":"Aviso legal"}]},{"@type":"WebSite","@id":"https:\/\/dntagro.com\/pt-pt\/#website","url":"https:\/\/dntagro.com\/pt-pt\/","name":"DNT Agro","description":"DNT AGRO es la l\u00ednea de no tejidos y complementos para la protecci\u00f3n y el control biol\u00f3gico y t\u00e9rmico de \u00e1rboles, cultivos y plantas.","publisher":{"@id":"https:\/\/dntagro.com\/pt-pt\/#organization"},"potentialAction":[{"@type":"SearchAction","target":{"@type":"EntryPoint","urlTemplate":"https:\/\/dntagro.com\/pt-pt\/?s={search_term_string}"},"query-input":{"@type":"PropertyValueSpecification","valueRequired":true,"valueName":"search_term_string"}}],"inLanguage":"pt-PT"},{"@type":"Organization","@id":"https:\/\/dntagro.com\/pt-pt\/#organization","name":"DNT Agro","url":"https:\/\/dntagro.com\/pt-pt\/","logo":{"@type":"ImageObject","inLanguage":"pt-PT","@id":"https:\/\/dntagro.com\/pt-pt\/#\/schema\/logo\/image\/","url":"https:\/\/dntagro.com\/wp-content\/uploads\/2025\/10\/dntagro-menu.png","contentUrl":"https:\/\/dntagro.com\/wp-content\/uploads\/2025\/10\/dntagro-menu.png","width":170,"height":100,"caption":"DNT Agro"},"image":{"@id":"https:\/\/dntagro.com\/pt-pt\/#\/schema\/logo\/image\/"}}]}},"_links":{"self":[{"href":"https:\/\/dntagro.com\/pt-pt\/wp-json\/wp\/v2\/pages\/18308","targetHints":{"allow":["GET"]}}],"collection":[{"href":"https:\/\/dntagro.com\/pt-pt\/wp-json\/wp\/v2\/pages"}],"about":[{"href":"https:\/\/dntagro.com\/pt-pt\/wp-json\/wp\/v2\/types\/page"}],"author":[{"embeddable":true,"href":"https:\/\/dntagro.com\/pt-pt\/wp-json\/wp\/v2\/users\/20"}],"replies":[{"embeddable":true,"href":"https:\/\/dntagro.com\/pt-pt\/wp-json\/wp\/v2\/comments?post=18308"}],"version-history":[{"count":0,"href":"https:\/\/dntagro.com\/pt-pt\/wp-json\/wp\/v2\/pages\/18308\/revisions"}],"wp:attachment":[{"href":"https:\/\/dntagro.com\/pt-pt\/wp-json\/wp\/v2\/media?parent=18308"}],"curies":[{"name":"wp","href":"https:\/\/api.w.org\/{rel}","templated":true}]}}