{"id":17548,"date":"2024-09-17T09:27:53","date_gmt":"2024-09-17T07:27:53","guid":{"rendered":"https:\/\/www2.dntagro.com\/ciclo-de-vida\/"},"modified":"2025-11-04T09:26:00","modified_gmt":"2025-11-04T08:26:00","slug":"ciclo-de-vida","status":"publish","type":"page","link":"https:\/\/dntagro.com\/pt-pt\/ciclo-de-vida\/","title":{"rendered":"CICLO DE VIDA"},"content":{"rendered":"<div class=\"gb-container gb-container-8cc865b8\"><div class=\"gb-inside-container\">\n<div class=\"gb-container gb-container-b521dd5d\">\n\n<p>A pegada de carbono mede as emiss\u00f5es de gases de efeito estufa (GEE) produzidas durante o ciclo de vida, direta ou indiretamente, por humanos, organiza\u00e7\u00f5es e empresas.<\/p>\n\n\n\n<p>A an\u00e1lise do ciclo de vida avalia os impactos ambientais de um produto, processo ou atividade desde sua origem at\u00e9 seu descarte.<\/p>\n\n\n\n<p class=\"has-text-align-center\">Na <strong>DNT Agro<\/strong>, avaliamos o impacto ambiental dos nossos produtos ao longo de todo o seu ciclo de vida, desde a origem das mat\u00e9rias-primas at\u00e9 o descarte final. Nossa pegada de carbono e a conformidade com a <strong>ISO 14067<\/strong> refletem nosso compromisso com a sustentabilidade e a melhoria cont\u00ednua.<\/p>\n\n<\/div>\n\n\n<div style=\"height:30px\" aria-hidden=\"true\" class=\"wp-block-spacer hide-on-mobile\"><\/div>\n\n\n<div class=\"gb-container gb-container-3939dbf1 bloque-fondos\"><div class=\"gb-inside-container\">\n<div class=\"gb-grid-wrapper gb-grid-wrapper-9443645c\">\n<div class=\"gb-grid-column gb-grid-column-4ef543e7\"><div class=\"gb-container gb-container-4ef543e7 imagen-centrar\"><div class=\"gb-inside-container\"><\/div><\/div><\/div>\n\n<div class=\"gb-grid-column gb-grid-column-48747999\"><div class=\"gb-container gb-container-48747999 menu-carta\"><div class=\"gb-inside-container\">\n\n<h2 class=\"gb-headline gb-headline-fcd3a86f gb-headline-text\"><strong>AN\u00c1LISE DO CICLO DE VIDA<\/strong><\/h2>\n\n\n\n<h3 class=\"gb-headline gb-headline-9c81a963 gb-headline-text\">SPUNBOND<\/h3>\n\n\n\n<p>O nosso material <a href=\"https:\/\/dntnonwovenfabrics.com\/pt-pt\/produtos\/spunbond\/\">Spunbond<\/a> reduz as emiss\u00f5es de CO<sub>2<\/sub> em 39% em compara\u00e7\u00e3o com as importa\u00e7\u00f5es, reduzindo assim as\u00a0<a href=\"https:\/\/notejido.com\/pt-pt\/sostenibilidad-y-rsc\/\">emiss\u00f5es<\/a>\u00a0de transporte devido \u00e0 proximidade dos nossos fornecedores e clientes.<\/p>\n\n<\/div><\/div><\/div>\n\n<div class=\"gb-grid-column gb-grid-column-34198529\"><div class=\"gb-container gb-container-34198529 fondo-ham\"><div class=\"gb-inside-container\">\n\n<h2 class=\"gb-headline gb-headline-e1115811 gb-headline-text\">AN\u00c1LISE DO CICLO DE VIDA<\/h2>\n\n\n\n<h3 class=\"gb-headline gb-headline-a5cf5986 gb-headline-text\">SMS<\/h3>\n\n\n\n<p><strong>O nosso material SMS reduz as emiss\u00f5es de CO<sub>2<\/sub> em 41%<\/strong> em compara\u00e7\u00e3o com as importa\u00e7\u00f5es, reduzindo assim as emiss\u00f5es de transporte devido \u00e0 proximidade dos nossos fornecedores e clientes.<\/p>\n\n<\/div><\/div><\/div>\n\n<div class=\"gb-grid-column gb-grid-column-480e6f00\"><div class=\"gb-container gb-container-480e6f00\"><div class=\"gb-inside-container\"><\/div><\/div><\/div>\n<\/div>\n\n\n<div style=\"height:49px\" aria-hidden=\"true\" class=\"wp-block-spacer\"><\/div>\n\n<\/div><\/div>\n<\/div><\/div>\n\n\n<div style=\"height:30px\" aria-hidden=\"true\" class=\"wp-block-spacer\"><\/div>\n\n\n\n<p><\/p>\n","protected":false},"excerpt":{"rendered":"<p>A pegada de carbono mede as emiss\u00f5es de gases de efeito estufa (GEE) produzidas durante o ciclo de vida, direta ou indiretamente, por humanos, organiza\u00e7\u00f5es e empresas. A an\u00e1lise do ciclo de vida avalia os impactos ambientais de um produto, processo ou atividade desde sua origem at\u00e9 seu descarte. Na DNT Agro, avaliamos o impacto ambiental dos nossos produtos ao longo de todo o seu ciclo de vida, desde a &#8230; <\/p>\n<p class=\"read-more-container\"><a title=\"CICLO DE VIDA\" class=\"read-more button\" href=\"https:\/\/dntagro.com\/pt-pt\/ciclo-de-vida\/#more-17548\" aria-label=\"Leia mais sobre CICLO DE VIDA\">Leia mais<\/a><\/p>\n","protected":false},"author":14,"featured_media":16896,"parent":0,"menu_order":0,"comment_status":"closed","ping_status":"closed","template":"","meta":{"inline_featured_image":false,"footnotes":""},"class_list":["post-17548","page","type-page","status-publish","has-post-thumbnail"],"yoast_head":"<!-- This site is optimized with the Yoast SEO plugin v27.4 - https:\/\/yoast.com\/product\/yoast-seo-wordpress\/ -->\n<title>CICLO DE VIDA - DNT Agro<\/title>\n<meta name=\"description\" content=\"El an\u00e1lisis de Ciclo de Vida eval\u00faa los impactos ambientales de un producto, proceso o actividad desde su origen hasta su desecho.\u00a0\" \/>\n<meta name=\"robots\" content=\"index, follow, max-snippet:-1, max-image-preview:large, max-video-preview:-1\" \/>\n<link rel=\"canonical\" href=\"https:\/\/dntagro.com\/pt-pt\/ciclo-de-vida\/\" \/>\n<meta property=\"og:locale\" content=\"pt_PT\" \/>\n<meta property=\"og:type\" content=\"article\" \/>\n<meta property=\"og:title\" content=\"CICLO DE VIDA - DNT Agro\" \/>\n<meta property=\"og:description\" content=\"El an\u00e1lisis de Ciclo de Vida eval\u00faa los impactos ambientales de un producto, proceso o actividad desde su origen hasta su desecho.\u00a0\" \/>\n<meta property=\"og:url\" content=\"https:\/\/dntagro.com\/pt-pt\/ciclo-de-vida\/\" \/>\n<meta property=\"og:site_name\" content=\"DNT Agro\" \/>\n<meta property=\"article:modified_time\" content=\"2025-11-04T08:26:00+00:00\" \/>\n<meta property=\"og:image\" content=\"https:\/\/dntagro.com\/wp-content\/uploads\/2025\/09\/banner-portada-ciclo-de-vida.jpg\" \/>\n\t<meta property=\"og:image:width\" content=\"1986\" \/>\n\t<meta property=\"og:image:height\" content=\"568\" \/>\n\t<meta property=\"og:image:type\" content=\"image\/jpeg\" \/>\n<meta name=\"twitter:card\" content=\"summary_large_image\" \/>\n<meta name=\"twitter:label1\" content=\"Tempo estimado de leitura\" \/>\n\t<meta name=\"twitter:data1\" content=\"1 minute\" \/>\n<script type=\"application\/ld+json\" class=\"yoast-schema-graph\">{\"@context\":\"https:\\\/\\\/schema.org\",\"@graph\":[{\"@type\":\"WebPage\",\"@id\":\"https:\\\/\\\/dntagro.com\\\/pt-pt\\\/ciclo-de-vida\\\/\",\"url\":\"https:\\\/\\\/dntagro.com\\\/pt-pt\\\/ciclo-de-vida\\\/\",\"name\":\"CICLO DE VIDA - DNT Agro\",\"isPartOf\":{\"@id\":\"https:\\\/\\\/dntagro.com\\\/pt-pt\\\/#website\"},\"primaryImageOfPage\":{\"@id\":\"https:\\\/\\\/dntagro.com\\\/pt-pt\\\/ciclo-de-vida\\\/#primaryimage\"},\"image\":{\"@id\":\"https:\\\/\\\/dntagro.com\\\/pt-pt\\\/ciclo-de-vida\\\/#primaryimage\"},\"thumbnailUrl\":\"https:\\\/\\\/dntagro.com\\\/wp-content\\\/uploads\\\/2025\\\/09\\\/banner-portada-ciclo-de-vida.jpg\",\"datePublished\":\"2024-09-17T07:27:53+00:00\",\"dateModified\":\"2025-11-04T08:26:00+00:00\",\"description\":\"El an\u00e1lisis de Ciclo de Vida eval\u00faa los impactos ambientales de un producto, proceso o actividad desde su origen hasta su desecho.\u00a0\",\"breadcrumb\":{\"@id\":\"https:\\\/\\\/dntagro.com\\\/pt-pt\\\/ciclo-de-vida\\\/#breadcrumb\"},\"inLanguage\":\"pt-PT\",\"potentialAction\":[{\"@type\":\"ReadAction\",\"target\":[\"https:\\\/\\\/dntagro.com\\\/pt-pt\\\/ciclo-de-vida\\\/\"]}]},{\"@type\":\"ImageObject\",\"inLanguage\":\"pt-PT\",\"@id\":\"https:\\\/\\\/dntagro.com\\\/pt-pt\\\/ciclo-de-vida\\\/#primaryimage\",\"url\":\"https:\\\/\\\/dntagro.com\\\/wp-content\\\/uploads\\\/2025\\\/09\\\/banner-portada-ciclo-de-vida.jpg\",\"contentUrl\":\"https:\\\/\\\/dntagro.com\\\/wp-content\\\/uploads\\\/2025\\\/09\\\/banner-portada-ciclo-de-vida.jpg\",\"width\":1986,\"height\":568},{\"@type\":\"BreadcrumbList\",\"@id\":\"https:\\\/\\\/dntagro.com\\\/pt-pt\\\/ciclo-de-vida\\\/#breadcrumb\",\"itemListElement\":[{\"@type\":\"ListItem\",\"position\":1,\"name\":\"Portada\",\"item\":\"https:\\\/\\\/dntagro.com\\\/pt-pt\\\/\"},{\"@type\":\"ListItem\",\"position\":2,\"name\":\"CICLO DE VIDA\"}]},{\"@type\":\"WebSite\",\"@id\":\"https:\\\/\\\/dntagro.com\\\/pt-pt\\\/#website\",\"url\":\"https:\\\/\\\/dntagro.com\\\/pt-pt\\\/\",\"name\":\"DNT Agro\",\"description\":\"DNT AGRO es la l\u00ednea de no tejidos y complementos para la protecci\u00f3n y el control biol\u00f3gico y t\u00e9rmico de \u00e1rboles, cultivos y plantas.\",\"publisher\":{\"@id\":\"https:\\\/\\\/dntagro.com\\\/pt-pt\\\/#organization\"},\"potentialAction\":[{\"@type\":\"SearchAction\",\"target\":{\"@type\":\"EntryPoint\",\"urlTemplate\":\"https:\\\/\\\/dntagro.com\\\/pt-pt\\\/?s={search_term_string}\"},\"query-input\":{\"@type\":\"PropertyValueSpecification\",\"valueRequired\":true,\"valueName\":\"search_term_string\"}}],\"inLanguage\":\"pt-PT\"},{\"@type\":\"Organization\",\"@id\":\"https:\\\/\\\/dntagro.com\\\/pt-pt\\\/#organization\",\"name\":\"DNT Agro\",\"url\":\"https:\\\/\\\/dntagro.com\\\/pt-pt\\\/\",\"logo\":{\"@type\":\"ImageObject\",\"inLanguage\":\"pt-PT\",\"@id\":\"https:\\\/\\\/dntagro.com\\\/pt-pt\\\/#\\\/schema\\\/logo\\\/image\\\/\",\"url\":\"https:\\\/\\\/dntagro.com\\\/wp-content\\\/uploads\\\/2025\\\/10\\\/dntagro-menu.png\",\"contentUrl\":\"https:\\\/\\\/dntagro.com\\\/wp-content\\\/uploads\\\/2025\\\/10\\\/dntagro-menu.png\",\"width\":170,\"height\":100,\"caption\":\"DNT Agro\"},\"image\":{\"@id\":\"https:\\\/\\\/dntagro.com\\\/pt-pt\\\/#\\\/schema\\\/logo\\\/image\\\/\"}}]}<\/script>\n<!-- \/ Yoast SEO plugin. -->","yoast_head_json":{"title":"CICLO DE VIDA - DNT Agro","description":"El an\u00e1lisis de Ciclo de Vida eval\u00faa los impactos ambientales de un producto, proceso o actividad desde su origen hasta su desecho.\u00a0","robots":{"index":"index","follow":"follow","max-snippet":"max-snippet:-1","max-image-preview":"max-image-preview:large","max-video-preview":"max-video-preview:-1"},"canonical":"https:\/\/dntagro.com\/pt-pt\/ciclo-de-vida\/","og_locale":"pt_PT","og_type":"article","og_title":"CICLO DE VIDA - DNT Agro","og_description":"El an\u00e1lisis de Ciclo de Vida eval\u00faa los impactos ambientales de un producto, proceso o actividad desde su origen hasta su desecho.\u00a0","og_url":"https:\/\/dntagro.com\/pt-pt\/ciclo-de-vida\/","og_site_name":"DNT Agro","article_modified_time":"2025-11-04T08:26:00+00:00","og_image":[{"width":1986,"height":568,"url":"https:\/\/dntagro.com\/wp-content\/uploads\/2025\/09\/banner-portada-ciclo-de-vida.jpg","type":"image\/jpeg"}],"twitter_card":"summary_large_image","twitter_misc":{"Tempo estimado de leitura":"1 minute"},"schema":{"@context":"https:\/\/schema.org","@graph":[{"@type":"WebPage","@id":"https:\/\/dntagro.com\/pt-pt\/ciclo-de-vida\/","url":"https:\/\/dntagro.com\/pt-pt\/ciclo-de-vida\/","name":"CICLO DE VIDA - DNT Agro","isPartOf":{"@id":"https:\/\/dntagro.com\/pt-pt\/#website"},"primaryImageOfPage":{"@id":"https:\/\/dntagro.com\/pt-pt\/ciclo-de-vida\/#primaryimage"},"image":{"@id":"https:\/\/dntagro.com\/pt-pt\/ciclo-de-vida\/#primaryimage"},"thumbnailUrl":"https:\/\/dntagro.com\/wp-content\/uploads\/2025\/09\/banner-portada-ciclo-de-vida.jpg","datePublished":"2024-09-17T07:27:53+00:00","dateModified":"2025-11-04T08:26:00+00:00","description":"El an\u00e1lisis de Ciclo de Vida eval\u00faa los impactos ambientales de un producto, proceso o actividad desde su origen hasta su desecho.\u00a0","breadcrumb":{"@id":"https:\/\/dntagro.com\/pt-pt\/ciclo-de-vida\/#breadcrumb"},"inLanguage":"pt-PT","potentialAction":[{"@type":"ReadAction","target":["https:\/\/dntagro.com\/pt-pt\/ciclo-de-vida\/"]}]},{"@type":"ImageObject","inLanguage":"pt-PT","@id":"https:\/\/dntagro.com\/pt-pt\/ciclo-de-vida\/#primaryimage","url":"https:\/\/dntagro.com\/wp-content\/uploads\/2025\/09\/banner-portada-ciclo-de-vida.jpg","contentUrl":"https:\/\/dntagro.com\/wp-content\/uploads\/2025\/09\/banner-portada-ciclo-de-vida.jpg","width":1986,"height":568},{"@type":"BreadcrumbList","@id":"https:\/\/dntagro.com\/pt-pt\/ciclo-de-vida\/#breadcrumb","itemListElement":[{"@type":"ListItem","position":1,"name":"Portada","item":"https:\/\/dntagro.com\/pt-pt\/"},{"@type":"ListItem","position":2,"name":"CICLO DE VIDA"}]},{"@type":"WebSite","@id":"https:\/\/dntagro.com\/pt-pt\/#website","url":"https:\/\/dntagro.com\/pt-pt\/","name":"DNT Agro","description":"DNT AGRO es la l\u00ednea de no tejidos y complementos para la protecci\u00f3n y el control biol\u00f3gico y t\u00e9rmico de \u00e1rboles, cultivos y plantas.","publisher":{"@id":"https:\/\/dntagro.com\/pt-pt\/#organization"},"potentialAction":[{"@type":"SearchAction","target":{"@type":"EntryPoint","urlTemplate":"https:\/\/dntagro.com\/pt-pt\/?s={search_term_string}"},"query-input":{"@type":"PropertyValueSpecification","valueRequired":true,"valueName":"search_term_string"}}],"inLanguage":"pt-PT"},{"@type":"Organization","@id":"https:\/\/dntagro.com\/pt-pt\/#organization","name":"DNT Agro","url":"https:\/\/dntagro.com\/pt-pt\/","logo":{"@type":"ImageObject","inLanguage":"pt-PT","@id":"https:\/\/dntagro.com\/pt-pt\/#\/schema\/logo\/image\/","url":"https:\/\/dntagro.com\/wp-content\/uploads\/2025\/10\/dntagro-menu.png","contentUrl":"https:\/\/dntagro.com\/wp-content\/uploads\/2025\/10\/dntagro-menu.png","width":170,"height":100,"caption":"DNT Agro"},"image":{"@id":"https:\/\/dntagro.com\/pt-pt\/#\/schema\/logo\/image\/"}}]}},"_links":{"self":[{"href":"https:\/\/dntagro.com\/pt-pt\/wp-json\/wp\/v2\/pages\/17548","targetHints":{"allow":["GET"]}}],"collection":[{"href":"https:\/\/dntagro.com\/pt-pt\/wp-json\/wp\/v2\/pages"}],"about":[{"href":"https:\/\/dntagro.com\/pt-pt\/wp-json\/wp\/v2\/types\/page"}],"author":[{"embeddable":true,"href":"https:\/\/dntagro.com\/pt-pt\/wp-json\/wp\/v2\/users\/14"}],"replies":[{"embeddable":true,"href":"https:\/\/dntagro.com\/pt-pt\/wp-json\/wp\/v2\/comments?post=17548"}],"version-history":[{"count":0,"href":"https:\/\/dntagro.com\/pt-pt\/wp-json\/wp\/v2\/pages\/17548\/revisions"}],"wp:featuredmedia":[{"embeddable":true,"href":"https:\/\/dntagro.com\/pt-pt\/wp-json\/wp\/v2\/media\/16896"}],"wp:attachment":[{"href":"https:\/\/dntagro.com\/pt-pt\/wp-json\/wp\/v2\/media?parent=17548"}],"curies":[{"name":"wp","href":"https:\/\/api.w.org\/{rel}","templated":true}]}}