{"id":17522,"date":"2021-09-29T16:24:02","date_gmt":"2021-09-29T14:24:02","guid":{"rendered":"https:\/\/www2.dntagro.com\/sobre-nosotros\/"},"modified":"2025-10-07T12:43:26","modified_gmt":"2025-10-07T10:43:26","slug":"sobre-nos","status":"publish","type":"page","link":"https:\/\/dntagro.com\/pt-pt\/sobre-nos\/","title":{"rendered":"Sobre n\u00f3s"},"content":{"rendered":"<div class=\"gb-grid-wrapper gb-grid-wrapper-01bf3daa\">\n<div class=\"gb-grid-column gb-grid-column-1aba5aaa\"><div class=\"gb-container gb-container-1aba5aaa\"><div class=\"gb-inside-container\">\n\n<p>A <strong>DNT Agro<\/strong> \u00e9 a linha de neg\u00f3cios da <a href=\"https:\/\/dntnonwovenfabrics.com\/pt-pt\">DNT Non Woven Fabrics<\/a>, especializada em n\u00e3otecidos t\u00e9cnicos para prote\u00e7\u00e3o de cultivos e controle biol\u00f3gico e t\u00e9rmico. Oferecemos uma solu\u00e7\u00e3o ideal e sustent\u00e1vel, adaptada \u00e0s necessidades espec\u00edficas de cada cultivo, com o objetivo de maximizar a produtividade, melhorar a efici\u00eancia da produ\u00e7\u00e3o e contribuir para o desenvolvimento de uma agricultura protegida e ecologicamente correta.<\/p>\n\n\n\n<p>A <strong>DNT Non Woven Fabrics<\/strong> \u00e9 a fabricante l\u00edder de n\u00e3o tecidos, com mais de 30 anos de experi\u00eancia consolidada no mercado industrial. Faz parte do <a href=\"https:\/\/notejido.com\/pt-pt\">Grupo Dise\u00f1os NT<\/a>, um s\u00f3lido grupo empresarial localizado em Alcal\u00e1 la Real (Ja\u00e9n). Dedica-se principalmente \u00e0 fabrica\u00e7\u00e3o de n\u00e3otecidos t\u00e9cnicos para setores como agricultura, sa\u00fade, absor\u00e7\u00e3o, alimenta\u00e7\u00e3o e hotelaria, constru\u00e7\u00e3o civil e ind\u00fastria, entre outros. Oferece solu\u00e7\u00f5es eficientes e sustent\u00e1veis, adaptadas \u00e0s necessidades de cada mercado.<\/p>\n\n<\/div><\/div><\/div>\n\n<div class=\"gb-grid-column gb-grid-column-a21c9c48\"><div class=\"gb-container gb-container-a21c9c48\"><div class=\"gb-inside-container\">\n\n<figure class=\"wp-block-image size-full\"><img decoding=\"async\" width=\"1920\" height=\"1080\" src=\"https:\/\/dntagro.com\/wp-content\/uploads\/2025\/08\/sobre-nosotros--quienes-somos-no-definitivo.jpg\" alt=\"Sobre Nosotros. Quienes Somos (no Definitivo)\" class=\"wp-image-16731\" style=\"aspect-ratio:4\/3;object-fit:cover\"\/><\/figure>\n\n<\/div><\/div><\/div>\n<\/div>\n\n<div class=\"gb-container gb-container-1b1a7f76 alignfull\"><div class=\"gb-inside-container\">\n\n<h2 class=\"gb-headline gb-headline-bc5c163b gb-headline-text\">Nossos n\u00fameros<\/h2>\n\n\n<div class=\"gb-container gb-container-d039148d\">\n\n<p><strong>DNT Agro<\/strong>, como parte da DNT Non Woven Fabrics, faz parte de um grupo empresarial consolidado composto por seis empresas cujas atividades est\u00e3o relacionadas \u00e0 empresa controladora, Dise\u00f1os NT.<\/p>\n\n<\/div>\n<\/div><\/div>\n\n<div class=\"gb-container gb-container-f1caeadd alignfull\"><div class=\"gb-inside-container\">\n<div class=\"gb-grid-wrapper gb-grid-wrapper-dcb8a04f\">\n<div class=\"gb-grid-column gb-grid-column-1148862f\"><div class=\"gb-container gb-container-1148862f\">\n\n<h3 class=\"gb-headline gb-headline-1eb902c8 gb-headline-text\">+10<\/h3>\n\n\n\n<h3 class=\"gb-headline gb-headline-a174898a gb-headline-text\">certificados<\/h3>\n\n<\/div><\/div>\n\n<div class=\"gb-grid-column gb-grid-column-28704380\"><div class=\"gb-container gb-container-28704380\">\n\n<h3 class=\"gb-headline gb-headline-59edd8b9 gb-headline-text\">+18.000m<sup>2<\/sup><\/h3>\n\n\n\n<h3 class=\"gb-headline gb-headline-9bfa8836 gb-headline-text\">de instala\u00e7\u00f5es<\/h3>\n\n<\/div><\/div>\n\n<div class=\"gb-grid-column gb-grid-column-dca8570f\"><div class=\"gb-container gb-container-dca8570f\">\n\n<h3 class=\"gb-headline gb-headline-23cb1e67 gb-headline-text\">2 plantas<\/h3>\n\n\n\n<h3 class=\"gb-headline gb-headline-db2c6b87 gb-headline-text\">de produ\u00e7\u00e3o<\/h3>\n\n<\/div><\/div>\n\n<div class=\"gb-grid-column gb-grid-column-75f2ea11\"><div class=\"gb-container gb-container-75f2ea11\">\n\n<h3 class=\"gb-headline gb-headline-3ab91238 gb-headline-text\">+60 funcion\u00e1rios<\/h3>\n\n\n\n<h3 class=\"gb-headline gb-headline-b33a1d1e gb-headline-text\">qualificados<\/h3>\n\n<\/div><\/div>\n\n<div class=\"gb-grid-column gb-grid-column-7c2ae57a\"><div class=\"gb-container gb-container-7c2ae57a\">\n\n<h3 class=\"gb-headline gb-headline-e2272a37 gb-headline-text\">+5.000 toneladas de produ\u00e7\u00e3o total<\/h3>\n\n<\/div><\/div>\n\n<div class=\"gb-grid-column gb-grid-column-7ecc26ca\"><div class=\"gb-container gb-container-7ecc26ca\">\n\n<h3 class=\"gb-headline gb-headline-3ff75a8a gb-headline-text\">4 patentes em tecnologia de extrus\u00e3o<\/h3>\n\n<\/div><\/div>\n<\/div>\n<\/div><\/div>\n\n<div class=\"gb-container gb-container-2bf3e6de\">\n<div class=\"gb-container gb-container-9b2f2a05\">\n<div class=\"gb-container gb-container-1095a7f6\">\n\n<h2 class=\"gb-headline gb-headline-db95fb41 gb-headline-text\">Nosso prop\u00f3sito<\/h2>\n\n<\/div>\n\n<div class=\"gb-container gb-container-5cbabdac\">\n<div class=\"gb-grid-wrapper gb-grid-wrapper-03d4d0e1\" data-view=\"2\" data-res-view=\"1\" data-buttons=\"bullets\" data-autoplay=\"2500\">\n<div class=\"gb-grid-column gb-grid-column-2a63f760\"><div class=\"gb-container gb-container-2a63f760\">\n\n<h3 class=\"gb-headline gb-headline-c7313d64 gb-headline-text\">Miss\u00e3o<\/h3>\n\n\n\n<p style=\"font-size:16px\">Nossa miss\u00e3o \u00e9 desenvolver solu\u00e7\u00f5es t\u00e9cnicas n\u00e3o-tecidas inovadoras e sustent\u00e1veis \u200b\u200bque agreguem valor real ao setor agr\u00edcola, melhorando o rendimento, a prote\u00e7\u00e3o e a efici\u00eancia de cada cultura.<\/p>\n\n<\/div><\/div>\n\n<div class=\"gb-grid-column gb-grid-column-1fd6be0c\"><div class=\"gb-container gb-container-1fd6be0c\">\n\n<h3 class=\"gb-headline gb-headline-d1dc9c60 gb-headline-text\">Vis\u00e3o<\/h3>\n\n\n\n<p style=\"font-size:16px\">Nossa vis\u00e3o \u00e9 ser l\u00edder internacional em solu\u00e7\u00f5es n\u00e3o tecidas para agricultura, oferecendo inova\u00e7\u00e3o, sustentabilidade e valor agregado a cada cultivo.<\/p>\n\n<\/div><\/div>\n\n<div class=\"gb-grid-column gb-grid-column-61bc1ae4\"><div class=\"gb-container gb-container-61bc1ae4\">\n\n<h3 class=\"gb-headline gb-headline-c7484458 gb-headline-text\">Valores<\/h3>\n\n\n\n<ul class=\"wp-block-list\">\n<li><strong>Responsabilidade social: <\/strong>Estamos comprometidos com o bem-estar da nossa comunidade, promovendo pr\u00e1ticas de alto impacto positivo na sociedade.<\/li>\n\n\n\n<li><strong>Foco no cliente: <\/strong>Ouvimos ativamente nossos clientes, cultivando uma rela\u00e7\u00e3o de confian\u00e7a e proximidade para oferecer solu\u00e7\u00f5es personalizadas que otimizem sua experi\u00eancia e resultados.<\/li>\n\n\n\n<li><strong>Inova\u00e7\u00e3o: <\/strong>Desenvolvemos produtos pioneiros que respondem \u00e0s necessidades do mercado.<\/li>\n\n\n\n<li><strong>Qualidade: <\/strong>Garantimos solu\u00e7\u00f5es de alto desempenho, dur\u00e1veis \u200b\u200be sustent\u00e1veis<\/li>\n\n\n\n<li><strong>Sustentabilidade: <\/strong>Transformamos res\u00edduos em novos recursos e implementamos pr\u00e1ticas de economia circular para minimizar nosso impacto ambiental. Solu\u00e7\u00f5es para agricultura org\u00e2nica.<\/li>\n<\/ul>\n\n<\/div><\/div>\n<\/div>\n<\/div>\n<\/div>\n<\/div>\n\n<div class=\"gb-container gb-container-ba2ca10c alignfull\"><div class=\"gb-inside-container\">\n<div class=\"gb-container gb-container-3d32ad3b historia alignfull\"><div class=\"gb-inside-container\">\n<div class=\"gb-container gb-container-891a7b4e historia-1\"><div class=\"gb-inside-container\">\n<div class=\"gb-grid-wrapper gb-grid-wrapper-e0bf2a73\">\n<div class=\"gb-grid-column gb-grid-column-59d7b47a\"><div class=\"gb-container gb-container-59d7b47a\"><div class=\"gb-inside-container\">\n<div class=\"gb-grid-wrapper gb-grid-wrapper-350f8329\">\n<div class=\"gb-grid-column gb-grid-column-cef544cd\"><div class=\"gb-container gb-container-cef544cd\"><div class=\"gb-inside-container\">\n\n<h2 class=\"gb-headline gb-headline-1c43ec69 gb-headline-text\"><br>Punto de partida<\/h2>\n\n<\/div><\/div><\/div>\n<\/div>\n\n\n<p class=\"has-text-align-left\">Fundaci\u00f3n de Dise\u00f1os NT. Dise\u00f1o y Aplicaciones del No-Tejido S.L<br><\/p>\n\n\n\n<p class=\"has-text-align-left\"><\/p>\n\n<\/div><\/div><\/div>\n\n<div class=\"gb-grid-column gb-grid-column-006d8876\"><div class=\"gb-container gb-container-006d8876\"><div class=\"gb-inside-container\"><\/div><\/div><\/div>\n<\/div>\n<\/div><\/div>\n\n<div class=\"gb-container gb-container-aa36bfec historia-2\"><div class=\"gb-inside-container\">\n<div class=\"gb-grid-wrapper gb-grid-wrapper-b54771d5\">\n<div class=\"gb-grid-column gb-grid-column-2ea788bd\"><div class=\"gb-container gb-container-2ea788bd\"><div class=\"gb-inside-container\"><\/div><\/div><\/div>\n\n<div class=\"gb-grid-column gb-grid-column-5d0f6453\"><div class=\"gb-container gb-container-5d0f6453\"><div class=\"gb-inside-container\">\n<div class=\"gb-container gb-container-ae87c632\"><div class=\"gb-inside-container\">\n<div class=\"gb-grid-wrapper gb-grid-wrapper-2c8f8a58\">\n<div class=\"gb-grid-column gb-grid-column-64ddae5a\"><div class=\"gb-container gb-container-64ddae5a\"><div class=\"gb-inside-container\">\n\n<h2 class=\"gb-headline gb-headline-402878b0 gb-headline-text\"><br><strong>Fundaci\u00f3n de DNT Non Woven Fabrics<\/strong><\/h2>\n\n<\/div><\/div><\/div>\n<\/div>\n\n\n<p><\/p>\n\n\n\n<p class=\"has-text-align-left\">Abrimos nuestras instalaciones en Alcal\u00e1 la Real (Ja\u00e9n) con una moderna l\u00ednea de extrusi\u00f3n de polipropileno (240cm) de \u00faltima tecnolog\u00eda y unos <a href=\"https:\/\/mknotejido@www.notejido.com\/mk\/01%20C%C3%B3dito%20de%20Conducta%20y%20%C3%89tica_%20ESP_%20Rev2%20012024.pdf\">valores<\/a> marcados.<\/p>\n\n\n\n<p class=\"has-text-align-left\"><\/p>\n\n<\/div><\/div>\n<\/div><\/div><\/div>\n<\/div>\n<\/div><\/div>\n\n<div class=\"gb-container gb-container-6f527ff9 historia-3\"><div class=\"gb-inside-container\">\n<div class=\"gb-grid-wrapper gb-grid-wrapper-4fd72ad0\">\n<div class=\"gb-grid-column gb-grid-column-e30f4373\"><div class=\"gb-container gb-container-e30f4373\"><div class=\"gb-inside-container\">\n<div class=\"gb-container gb-container-5f78b235\"><div class=\"gb-inside-container\">\n<div class=\"gb-grid-wrapper gb-grid-wrapper-b62d9ffe\">\n<div class=\"gb-grid-column gb-grid-column-7f9234b8\"><div class=\"gb-container gb-container-7f9234b8\"><div class=\"gb-inside-container\"><\/div><\/div><\/div>\n\n<div class=\"gb-grid-column gb-grid-column-1362094b\"><div class=\"gb-container gb-container-1362094b\"><div class=\"gb-inside-container\">\n\n<h2 class=\"gb-headline gb-headline-bb28b846 gb-headline-text\"><br><strong>Nueva l\u00ednea Spunbond<\/strong><\/h2>\n\n<\/div><\/div><\/div>\n<\/div>\n\n\n<p class=\"has-text-align-left\">Introducci\u00f3n de nueva l\u00ednea Spunbond con un ancho m\u00e1s vers\u00e1til de 160m<br><\/p>\n\n<\/div><\/div>\n<\/div><\/div><\/div>\n\n<div class=\"gb-grid-column gb-grid-column-3552de63\"><div class=\"gb-container gb-container-3552de63\"><div class=\"gb-inside-container\">\n<div class=\"gb-container gb-container-be18ff77\"><div class=\"gb-inside-container\">\n\n<div style=\"height:100px\" aria-hidden=\"true\" class=\"wp-block-spacer\"><\/div>\n\n<\/div><\/div>\n<\/div><\/div><\/div>\n<\/div>\n<\/div><\/div>\n\n<div class=\"gb-container gb-container-03a29f46 historia-5\"><div class=\"gb-inside-container\">\n<div class=\"gb-grid-wrapper gb-grid-wrapper-6bb2c715\">\n<div class=\"gb-grid-column gb-grid-column-afc12775\"><div class=\"gb-container gb-container-afc12775\"><div class=\"gb-inside-container\"><\/div><\/div><\/div>\n\n<div class=\"gb-grid-column gb-grid-column-d1526f54\"><div class=\"gb-container gb-container-d1526f54\"><div class=\"gb-inside-container\">\n<div class=\"gb-grid-wrapper gb-grid-wrapper-11bce2e0\">\n<div class=\"gb-grid-column gb-grid-column-6e8ee039\"><div class=\"gb-container gb-container-6e8ee039\"><div class=\"gb-inside-container\"><\/div><\/div><\/div>\n\n<div class=\"gb-grid-column gb-grid-column-6ccc83e1\"><div class=\"gb-container gb-container-6ccc83e1\"><div class=\"gb-inside-container\">\n\n<h2 class=\"gb-headline gb-headline-c0c9b6e0 gb-headline-text\"><br><strong>Desarrollo de no tejido DNT Recycled Bond<\/strong><\/h2>\n\n<\/div><\/div><\/div>\n<\/div>\n\n\n<p class=\"has-text-align-left\">No tejido Spunbond fabricado con 50-70% de material reciclado, un modelo de producci\u00f3n y consumo sostenible.<\/p>\n\n<\/div><\/div><\/div>\n\n<div class=\"gb-grid-column gb-grid-column-2602071d\"><div class=\"gb-container gb-container-2602071d\"><div class=\"gb-inside-container\"><\/div><\/div><\/div>\n<\/div>\n<\/div><\/div>\n\n<div class=\"gb-container gb-container-11ee34d3 historia-6\"><div class=\"gb-inside-container\">\n<div class=\"gb-grid-wrapper gb-grid-wrapper-3f78944c\">\n<div class=\"gb-grid-column gb-grid-column-21be3aab\"><div class=\"gb-container gb-container-21be3aab\"><div class=\"gb-inside-container\">\n<div class=\"gb-grid-wrapper gb-grid-wrapper-9596bd6e\">\n<div class=\"gb-grid-column gb-grid-column-c46b701b\"><div class=\"gb-container gb-container-c46b701b\"><div class=\"gb-inside-container\"><\/div><\/div><\/div>\n\n<div class=\"gb-grid-column gb-grid-column-9c471cfd\"><div class=\"gb-container gb-container-9c471cfd\"><div class=\"gb-inside-container\">\n\n<h2 class=\"gb-headline gb-headline-89368d6f gb-headline-text\"><br><strong>Meltblown y Extrusi\u00f3n Coating<\/strong><\/h2>\n\n<\/div><\/div><\/div>\n<\/div>\n\n\n<p class=\"has-text-align-left\">Implementaci\u00f3n de dos nuevas l\u00edneas de Meltblown y Extrusion Coating.<br><br><\/p>\n\n\n\n<p class=\"has-text-align-left\"><\/p>\n\n<\/div><\/div><\/div>\n\n<div class=\"gb-grid-column gb-grid-column-d2a1b705\"><div class=\"gb-container gb-container-d2a1b705\"><div class=\"gb-inside-container\"><\/div><\/div><\/div>\n<\/div>\n<\/div><\/div>\n\n<div class=\"gb-container gb-container-2b71f576 historia-7\"><div class=\"gb-inside-container\">\n<div class=\"gb-grid-wrapper gb-grid-wrapper-06262838\">\n<div class=\"gb-grid-column gb-grid-column-27308465\"><div class=\"gb-container gb-container-27308465\"><div class=\"gb-inside-container\"><\/div><\/div><\/div>\n\n<div class=\"gb-grid-column gb-grid-column-6e3d9ea6\"><div class=\"gb-container gb-container-6e3d9ea6\"><div class=\"gb-inside-container\">\n<div class=\"gb-grid-wrapper gb-grid-wrapper-f3763fec\">\n<div class=\"gb-grid-column gb-grid-column-7527c47c\"><div class=\"gb-container gb-container-7527c47c\"><div class=\"gb-inside-container\">\n\n<h2 class=\"gb-headline gb-headline-7a4a70e2 gb-headline-text\"><br><strong>SMS<\/strong><\/h2>\n\n<\/div><\/div><\/div>\n<\/div>\n\n\n<p class=\"has-text-align-left\">Implementaci\u00f3n de una nueva l\u00ednea de SMS, no tejido de mayor cubrici\u00f3n y con una barrera filtrante.<\/p>\n\n<\/div><\/div><\/div>\n\n<div class=\"gb-grid-column gb-grid-column-4e4000e6\"><div class=\"gb-container gb-container-4e4000e6\"><div class=\"gb-inside-container\"><\/div><\/div><\/div>\n<\/div>\n<\/div><\/div>\n\n<div class=\"gb-container gb-container-4343b757 historia-8\"><div class=\"gb-inside-container\">\n<div class=\"gb-grid-wrapper gb-grid-wrapper-9d36db0f\">\n<div class=\"gb-grid-column gb-grid-column-e72d52d5\"><div class=\"gb-container gb-container-e72d52d5\"><div class=\"gb-inside-container\">\n<div class=\"gb-container gb-container-09ca65c9\"><div class=\"gb-inside-container\">\n<div class=\"gb-grid-wrapper gb-grid-wrapper-ec4ff69c\">\n<div class=\"gb-grid-column gb-grid-column-e63482e1\"><div class=\"gb-container gb-container-e63482e1\"><div class=\"gb-inside-container\"><\/div><\/div><\/div>\n\n<div class=\"gb-grid-column gb-grid-column-0976bfc8\"><div class=\"gb-container gb-container-0976bfc8\"><div class=\"gb-inside-container\">\n\n<h2 class=\"gb-headline gb-headline-26c69ff3 gb-headline-text\"><br><strong><strong>Recicladora<\/strong><\/strong><\/h2>\n\n<\/div><\/div><\/div>\n<\/div>\n\n\n<p class=\"has-text-align-left\">Promovemos la econom\u00eda circular, optimizaci\u00f3n de recursos, reducci\u00f3n en el consumo de materias primas y aprovechamiento de los residuos.<br><\/p>\n\n<\/div><\/div>\n<\/div><\/div><\/div>\n\n<div class=\"gb-grid-column gb-grid-column-dba0ad57\"><div class=\"gb-container gb-container-dba0ad57\"><div class=\"gb-inside-container\">\n<div class=\"gb-container gb-container-902017db\"><div class=\"gb-inside-container\">\n\n<div style=\"height:100px\" aria-hidden=\"true\" class=\"wp-block-spacer\"><\/div>\n\n<\/div><\/div>\n<\/div><\/div><\/div>\n<\/div>\n<\/div><\/div>\n<\/div><\/div>\n<\/div><\/div>\n\n\n<p><\/p>\n","protected":false},"excerpt":{"rendered":"<p>Nossos n\u00fameros DNT Agro, como parte da DNT Non Woven Fabrics, faz parte de um grupo empresarial consolidado composto por seis empresas cujas atividades est\u00e3o relacionadas \u00e0 empresa controladora, Dise\u00f1os NT. Nosso prop\u00f3sito<\/p>\n","protected":false},"author":14,"featured_media":16730,"parent":0,"menu_order":0,"comment_status":"closed","ping_status":"closed","template":"","meta":{"inline_featured_image":false,"footnotes":""},"class_list":["post-17522","page","type-page","status-publish","has-post-thumbnail"],"yoast_head":"<!-- This site is optimized with the Yoast SEO plugin v27.4 - https:\/\/yoast.com\/product\/yoast-seo-wordpress\/ -->\n<title>Sobre n\u00f3s - DNT Agro<\/title>\n<meta name=\"description\" content=\"Fundada en 2015 con sede en Alcal\u00e1 la Real (Ja\u00e9n), l\u00edderes en la fabricaci\u00f3n de tejidos no tejidos (non woven) de alta calidad.\" \/>\n<meta name=\"robots\" content=\"index, follow, max-snippet:-1, max-image-preview:large, max-video-preview:-1\" \/>\n<link rel=\"canonical\" href=\"https:\/\/dntagro.com\/pt-pt\/sobre-nos\/\" \/>\n<meta property=\"og:locale\" content=\"pt_PT\" \/>\n<meta property=\"og:type\" content=\"article\" \/>\n<meta property=\"og:title\" content=\"Sobre n\u00f3s - DNT Agro\" \/>\n<meta property=\"og:description\" content=\"Fundada en 2015 con sede en Alcal\u00e1 la Real (Ja\u00e9n), l\u00edderes en la fabricaci\u00f3n de tejidos no tejidos (non woven) de alta calidad.\" \/>\n<meta property=\"og:url\" content=\"https:\/\/dntagro.com\/pt-pt\/sobre-nos\/\" \/>\n<meta property=\"og:site_name\" content=\"DNT Agro\" \/>\n<meta property=\"article:modified_time\" content=\"2025-10-07T10:43:26+00:00\" \/>\n<meta property=\"og:image\" content=\"https:\/\/dntagro.com\/wp-content\/uploads\/2025\/08\/portada-sobre-nosotros.jpg\" \/>\n\t<meta property=\"og:image:width\" content=\"1986\" \/>\n\t<meta property=\"og:image:height\" content=\"568\" \/>\n\t<meta property=\"og:image:type\" content=\"image\/jpeg\" \/>\n<meta name=\"twitter:card\" content=\"summary_large_image\" \/>\n<meta name=\"twitter:label1\" content=\"Tempo estimado de leitura\" \/>\n\t<meta name=\"twitter:data1\" content=\"3 minutes\" \/>\n<script type=\"application\/ld+json\" class=\"yoast-schema-graph\">{\"@context\":\"https:\\\/\\\/schema.org\",\"@graph\":[{\"@type\":\"WebPage\",\"@id\":\"https:\\\/\\\/dntagro.com\\\/pt-pt\\\/sobre-nos\\\/\",\"url\":\"https:\\\/\\\/dntagro.com\\\/pt-pt\\\/sobre-nos\\\/\",\"name\":\"Sobre n\u00f3s - DNT Agro\",\"isPartOf\":{\"@id\":\"https:\\\/\\\/dntagro.com\\\/pt-pt\\\/#website\"},\"primaryImageOfPage\":{\"@id\":\"https:\\\/\\\/dntagro.com\\\/pt-pt\\\/sobre-nos\\\/#primaryimage\"},\"image\":{\"@id\":\"https:\\\/\\\/dntagro.com\\\/pt-pt\\\/sobre-nos\\\/#primaryimage\"},\"thumbnailUrl\":\"https:\\\/\\\/dntagro.com\\\/wp-content\\\/uploads\\\/2025\\\/08\\\/portada-sobre-nosotros.jpg\",\"datePublished\":\"2021-09-29T14:24:02+00:00\",\"dateModified\":\"2025-10-07T10:43:26+00:00\",\"description\":\"Fundada en 2015 con sede en Alcal\u00e1 la Real (Ja\u00e9n), l\u00edderes en la fabricaci\u00f3n de tejidos no tejidos (non woven) de alta calidad.\",\"breadcrumb\":{\"@id\":\"https:\\\/\\\/dntagro.com\\\/pt-pt\\\/sobre-nos\\\/#breadcrumb\"},\"inLanguage\":\"pt-PT\",\"potentialAction\":[{\"@type\":\"ReadAction\",\"target\":[\"https:\\\/\\\/dntagro.com\\\/pt-pt\\\/sobre-nos\\\/\"]}]},{\"@type\":\"ImageObject\",\"inLanguage\":\"pt-PT\",\"@id\":\"https:\\\/\\\/dntagro.com\\\/pt-pt\\\/sobre-nos\\\/#primaryimage\",\"url\":\"https:\\\/\\\/dntagro.com\\\/wp-content\\\/uploads\\\/2025\\\/08\\\/portada-sobre-nosotros.jpg\",\"contentUrl\":\"https:\\\/\\\/dntagro.com\\\/wp-content\\\/uploads\\\/2025\\\/08\\\/portada-sobre-nosotros.jpg\",\"width\":1986,\"height\":568},{\"@type\":\"BreadcrumbList\",\"@id\":\"https:\\\/\\\/dntagro.com\\\/pt-pt\\\/sobre-nos\\\/#breadcrumb\",\"itemListElement\":[{\"@type\":\"ListItem\",\"position\":1,\"name\":\"Portada\",\"item\":\"https:\\\/\\\/dntagro.com\\\/pt-pt\\\/\"},{\"@type\":\"ListItem\",\"position\":2,\"name\":\"Sobre n\u00f3s\"}]},{\"@type\":\"WebSite\",\"@id\":\"https:\\\/\\\/dntagro.com\\\/pt-pt\\\/#website\",\"url\":\"https:\\\/\\\/dntagro.com\\\/pt-pt\\\/\",\"name\":\"DNT Agro\",\"description\":\"DNT AGRO es la l\u00ednea de no tejidos y complementos para la protecci\u00f3n y el control biol\u00f3gico y t\u00e9rmico de \u00e1rboles, cultivos y plantas.\",\"publisher\":{\"@id\":\"https:\\\/\\\/dntagro.com\\\/pt-pt\\\/#organization\"},\"potentialAction\":[{\"@type\":\"SearchAction\",\"target\":{\"@type\":\"EntryPoint\",\"urlTemplate\":\"https:\\\/\\\/dntagro.com\\\/pt-pt\\\/?s={search_term_string}\"},\"query-input\":{\"@type\":\"PropertyValueSpecification\",\"valueRequired\":true,\"valueName\":\"search_term_string\"}}],\"inLanguage\":\"pt-PT\"},{\"@type\":\"Organization\",\"@id\":\"https:\\\/\\\/dntagro.com\\\/pt-pt\\\/#organization\",\"name\":\"DNT Agro\",\"url\":\"https:\\\/\\\/dntagro.com\\\/pt-pt\\\/\",\"logo\":{\"@type\":\"ImageObject\",\"inLanguage\":\"pt-PT\",\"@id\":\"https:\\\/\\\/dntagro.com\\\/pt-pt\\\/#\\\/schema\\\/logo\\\/image\\\/\",\"url\":\"https:\\\/\\\/dntagro.com\\\/wp-content\\\/uploads\\\/2025\\\/10\\\/dntagro-menu.png\",\"contentUrl\":\"https:\\\/\\\/dntagro.com\\\/wp-content\\\/uploads\\\/2025\\\/10\\\/dntagro-menu.png\",\"width\":170,\"height\":100,\"caption\":\"DNT Agro\"},\"image\":{\"@id\":\"https:\\\/\\\/dntagro.com\\\/pt-pt\\\/#\\\/schema\\\/logo\\\/image\\\/\"}}]}<\/script>\n<!-- \/ Yoast SEO plugin. -->","yoast_head_json":{"title":"Sobre n\u00f3s - DNT Agro","description":"Fundada en 2015 con sede en Alcal\u00e1 la Real (Ja\u00e9n), l\u00edderes en la fabricaci\u00f3n de tejidos no tejidos (non woven) de alta calidad.","robots":{"index":"index","follow":"follow","max-snippet":"max-snippet:-1","max-image-preview":"max-image-preview:large","max-video-preview":"max-video-preview:-1"},"canonical":"https:\/\/dntagro.com\/pt-pt\/sobre-nos\/","og_locale":"pt_PT","og_type":"article","og_title":"Sobre n\u00f3s - DNT Agro","og_description":"Fundada en 2015 con sede en Alcal\u00e1 la Real (Ja\u00e9n), l\u00edderes en la fabricaci\u00f3n de tejidos no tejidos (non woven) de alta calidad.","og_url":"https:\/\/dntagro.com\/pt-pt\/sobre-nos\/","og_site_name":"DNT Agro","article_modified_time":"2025-10-07T10:43:26+00:00","og_image":[{"width":1986,"height":568,"url":"https:\/\/dntagro.com\/wp-content\/uploads\/2025\/08\/portada-sobre-nosotros.jpg","type":"image\/jpeg"}],"twitter_card":"summary_large_image","twitter_misc":{"Tempo estimado de leitura":"3 minutes"},"schema":{"@context":"https:\/\/schema.org","@graph":[{"@type":"WebPage","@id":"https:\/\/dntagro.com\/pt-pt\/sobre-nos\/","url":"https:\/\/dntagro.com\/pt-pt\/sobre-nos\/","name":"Sobre n\u00f3s - DNT Agro","isPartOf":{"@id":"https:\/\/dntagro.com\/pt-pt\/#website"},"primaryImageOfPage":{"@id":"https:\/\/dntagro.com\/pt-pt\/sobre-nos\/#primaryimage"},"image":{"@id":"https:\/\/dntagro.com\/pt-pt\/sobre-nos\/#primaryimage"},"thumbnailUrl":"https:\/\/dntagro.com\/wp-content\/uploads\/2025\/08\/portada-sobre-nosotros.jpg","datePublished":"2021-09-29T14:24:02+00:00","dateModified":"2025-10-07T10:43:26+00:00","description":"Fundada en 2015 con sede en Alcal\u00e1 la Real (Ja\u00e9n), l\u00edderes en la fabricaci\u00f3n de tejidos no tejidos (non woven) de alta calidad.","breadcrumb":{"@id":"https:\/\/dntagro.com\/pt-pt\/sobre-nos\/#breadcrumb"},"inLanguage":"pt-PT","potentialAction":[{"@type":"ReadAction","target":["https:\/\/dntagro.com\/pt-pt\/sobre-nos\/"]}]},{"@type":"ImageObject","inLanguage":"pt-PT","@id":"https:\/\/dntagro.com\/pt-pt\/sobre-nos\/#primaryimage","url":"https:\/\/dntagro.com\/wp-content\/uploads\/2025\/08\/portada-sobre-nosotros.jpg","contentUrl":"https:\/\/dntagro.com\/wp-content\/uploads\/2025\/08\/portada-sobre-nosotros.jpg","width":1986,"height":568},{"@type":"BreadcrumbList","@id":"https:\/\/dntagro.com\/pt-pt\/sobre-nos\/#breadcrumb","itemListElement":[{"@type":"ListItem","position":1,"name":"Portada","item":"https:\/\/dntagro.com\/pt-pt\/"},{"@type":"ListItem","position":2,"name":"Sobre n\u00f3s"}]},{"@type":"WebSite","@id":"https:\/\/dntagro.com\/pt-pt\/#website","url":"https:\/\/dntagro.com\/pt-pt\/","name":"DNT Agro","description":"DNT AGRO es la l\u00ednea de no tejidos y complementos para la protecci\u00f3n y el control biol\u00f3gico y t\u00e9rmico de \u00e1rboles, cultivos y plantas.","publisher":{"@id":"https:\/\/dntagro.com\/pt-pt\/#organization"},"potentialAction":[{"@type":"SearchAction","target":{"@type":"EntryPoint","urlTemplate":"https:\/\/dntagro.com\/pt-pt\/?s={search_term_string}"},"query-input":{"@type":"PropertyValueSpecification","valueRequired":true,"valueName":"search_term_string"}}],"inLanguage":"pt-PT"},{"@type":"Organization","@id":"https:\/\/dntagro.com\/pt-pt\/#organization","name":"DNT Agro","url":"https:\/\/dntagro.com\/pt-pt\/","logo":{"@type":"ImageObject","inLanguage":"pt-PT","@id":"https:\/\/dntagro.com\/pt-pt\/#\/schema\/logo\/image\/","url":"https:\/\/dntagro.com\/wp-content\/uploads\/2025\/10\/dntagro-menu.png","contentUrl":"https:\/\/dntagro.com\/wp-content\/uploads\/2025\/10\/dntagro-menu.png","width":170,"height":100,"caption":"DNT Agro"},"image":{"@id":"https:\/\/dntagro.com\/pt-pt\/#\/schema\/logo\/image\/"}}]}},"_links":{"self":[{"href":"https:\/\/dntagro.com\/pt-pt\/wp-json\/wp\/v2\/pages\/17522","targetHints":{"allow":["GET"]}}],"collection":[{"href":"https:\/\/dntagro.com\/pt-pt\/wp-json\/wp\/v2\/pages"}],"about":[{"href":"https:\/\/dntagro.com\/pt-pt\/wp-json\/wp\/v2\/types\/page"}],"author":[{"embeddable":true,"href":"https:\/\/dntagro.com\/pt-pt\/wp-json\/wp\/v2\/users\/14"}],"replies":[{"embeddable":true,"href":"https:\/\/dntagro.com\/pt-pt\/wp-json\/wp\/v2\/comments?post=17522"}],"version-history":[{"count":0,"href":"https:\/\/dntagro.com\/pt-pt\/wp-json\/wp\/v2\/pages\/17522\/revisions"}],"wp:featuredmedia":[{"embeddable":true,"href":"https:\/\/dntagro.com\/pt-pt\/wp-json\/wp\/v2\/media\/16730"}],"wp:attachment":[{"href":"https:\/\/dntagro.com\/pt-pt\/wp-json\/wp\/v2\/media?parent=17522"}],"curies":[{"name":"wp","href":"https:\/\/api.w.org\/{rel}","templated":true}]}}