{"id":17510,"date":"2021-10-07T14:34:42","date_gmt":"2021-10-07T12:34:42","guid":{"rendered":"https:\/\/www2.dntagro.com\/idi\/"},"modified":"2025-11-04T16:33:58","modified_gmt":"2025-11-04T15:33:58","slug":"idi","status":"publish","type":"page","link":"https:\/\/dntagro.com\/pt-pt\/idi\/","title":{"rendered":"I+D+i"},"content":{"rendered":"\n<div style=\"height:0px\" aria-hidden=\"true\" class=\"wp-block-spacer\"><\/div>\n\n\n<div class=\"gb-container gb-container-8cc865b8\"><div class=\"gb-inside-container\">\n<div class=\"gb-container gb-container-b521dd5d\">\n\n<p class=\"has-text-align-center\">Comprometida com a <strong>sustentabilidade<\/strong> e a <strong>melhoria cont\u00ednua<\/strong>, a <strong>DNT Agro<\/strong> promove projetos de P&amp;D e aplica tecnologias de ponta para desenvolver <strong>n\u00e3otecidos t\u00e9cnicos<\/strong> mais eficientes, dur\u00e1veis \u200b\u200be ecologicamente corretos. Gra\u00e7as \u00e0 gest\u00e3o inovadora e metodologias de produ\u00e7\u00e3o otimizadas, oferece solu\u00e7\u00f5es que reduzem o impacto ambiental e melhoram o desempenho agron\u00f4mico.<\/p>\n\n<\/div>\n\n\n<div style=\"height:30px\" aria-hidden=\"true\" class=\"wp-block-spacer hide-on-mobile\"><\/div>\n\n\n<div class=\"gb-container gb-container-3939dbf1 bloque-fondos\"><div class=\"gb-inside-container\">\n<div class=\"gb-grid-wrapper gb-grid-wrapper-9443645c\">\n<div class=\"gb-grid-column gb-grid-column-48747999\"><div class=\"gb-container gb-container-48747999 menu-carta\"><div class=\"gb-inside-container\">\n\n<h2 class=\"gb-headline gb-headline-fcd3a86f gb-headline-text\"><strong>BICAPA N\u00c3O TECIDA ANTI-GRAMA<\/strong><\/h2>\n\n\n\n<p>O desenvolvimento cont\u00ednuo de novas aplica\u00e7\u00f5es de tecidos n\u00e3o tecidos levou a DNT Non Woven Fabrics a desenvolver a <a href=\"https:\/\/dntagro.com\/pt-pt\/produtos\/bicapa-anti-grama\/\">Bicapa N\u00e3o Tecida Anti-Grama<\/a>, para a qual nos foi concedido o Modelo de Utilidade. Este produto proporciona impermeabilidade e prote\u00e7\u00e3o contra a radia\u00e7\u00e3o UV, impedindo o crescimento de ervas daninhas nas culturas.<\/p>\n\n<\/div><\/div><\/div>\n\n<div class=\"gb-grid-column gb-grid-column-af89fd4e\"><div class=\"gb-container gb-container-af89fd4e\"><div class=\"gb-inside-container\"><\/div><\/div><\/div>\n\n<div class=\"gb-grid-column gb-grid-column-ba81ae86\"><div class=\"gb-container gb-container-ba81ae86\"><div class=\"gb-inside-container\">\n<div class=\"gb-container gb-container-0b6a1942\">\n<div class=\"gb-grid-wrapper gb-grid-wrapper-cdca9b9d\">\n<div class=\"gb-grid-column gb-grid-column-41abb626\"><div class=\"gb-container gb-container-41abb626\">\n\n<figure class=\"wp-block-image size-medium\"><img decoding=\"async\" width=\"370\" height=\"149\" src=\"https:\/\/dntagro.com\/wp-content\/uploads\/2024\/09\/2024-go_bicapa-logotipo-370x149.png\" alt=\"2024 Go Bicapa Logotipo\" class=\"wp-image-13585\" srcset=\"https:\/\/dntagro.com\/wp-content\/uploads\/2024\/09\/2024-go_bicapa-logotipo-370x149.png 370w, https:\/\/dntagro.com\/wp-content\/uploads\/2024\/09\/2024-go_bicapa-logotipo-1120x451.png 1120w, https:\/\/dntagro.com\/wp-content\/uploads\/2024\/09\/2024-go_bicapa-logotipo-768x309.png 768w, https:\/\/dntagro.com\/wp-content\/uploads\/2024\/09\/2024-go_bicapa-logotipo-1536x619.png 1536w, https:\/\/dntagro.com\/wp-content\/uploads\/2024\/09\/2024-go_bicapa-logotipo.png 1793w\" sizes=\"(max-width: 370px) 100vw, 370px\" \/><\/figure>\n\n<\/div><\/div>\n\n<div class=\"gb-grid-column gb-grid-column-d462ab83\"><div class=\"gb-container gb-container-d462ab83\">\n\n<figure class=\"wp-block-image size-full\"><img decoding=\"async\" width=\"2099\" height=\"1016\" src=\"https:\/\/dntagro.com\/wp-content\/uploads\/2025\/08\/europainvierte-enlaszonasruralesok.png\" alt=\"Europainvierte Enlaszonasruralesok\" class=\"wp-image-16769\"\/><\/figure>\n\n<\/div><\/div>\n<\/div>\n<\/div>\n<\/div><\/div><\/div>\n\n<div class=\"gb-grid-column gb-grid-column-34198529\"><div class=\"gb-container gb-container-34198529 fondo-ham\"><div class=\"gb-inside-container\">\n\n<h2 class=\"gb-headline gb-headline-e1115811 gb-headline-text\">PROJECTO BICAPA &#8211; OLEOPROTECT<\/h2>\n\n\n\n<p>O projeto Bicapa-Oleoprotect, formado pelo Grupo Operativo: <strong>Funda\u00e7\u00e3o Citoliva<\/strong>, <strong>DNT Non Woven Fabrics<\/strong> e <strong>Oleocampo SCA<\/strong>.<\/p>\n\n\n\n<p>O principal objetivo do projeto \u00e9 otimizar o manejo do cultivo do olival atrav\u00e9s do desenvolvimento e implementa\u00e7\u00e3o da malha bicapa anti-ervas daninhas de tecido n\u00e3o tecido, adaptada \u00e0s condi\u00e7\u00f5es produtivas do olival <strong>tradicional<\/strong>, <strong>intensivo<\/strong> e <strong>superintensivo<\/strong>.<\/p>\n\n<\/div><\/div><\/div>\n<\/div>\n\n\n<div style=\"height:49px\" aria-hidden=\"true\" class=\"wp-block-spacer\"><\/div>\n\n<\/div><\/div>\n<\/div><\/div>\n\n\n<div style=\"height:30px\" aria-hidden=\"true\" class=\"wp-block-spacer\"><\/div>\n\n\n\n<p><\/p>\n","protected":false},"excerpt":{"rendered":"<p>Comprometida com a sustentabilidade e a melhoria cont\u00ednua, a DNT Agro promove projetos de P&amp;D e aplica tecnologias de ponta para desenvolver n\u00e3otecidos t\u00e9cnicos mais eficientes, dur\u00e1veis \u200b\u200be ecologicamente corretos. Gra\u00e7as \u00e0 gest\u00e3o inovadora e metodologias de produ\u00e7\u00e3o otimizadas, oferece solu\u00e7\u00f5es que reduzem o impacto ambiental e melhoram o desempenho agron\u00f4mico.<\/p>\n","protected":false},"author":5,"featured_media":16755,"parent":0,"menu_order":0,"comment_status":"closed","ping_status":"closed","template":"","meta":{"inline_featured_image":false,"footnotes":""},"class_list":["post-17510","page","type-page","status-publish","has-post-thumbnail"],"yoast_head":"<!-- This site is optimized with the Yoast SEO plugin v27.4 - https:\/\/yoast.com\/product\/yoast-seo-wordpress\/ -->\n<title>I+D+i - DNT Agro<\/title>\n<meta name=\"description\" content=\"DNT Non Woven Fabrics hace esfuerzos en I+D+i, aplicando las metodolog\u00edas de producci\u00f3n y gesti\u00f3n para ofrecer soluciones innovadoras.\" \/>\n<meta name=\"robots\" content=\"index, follow, max-snippet:-1, max-image-preview:large, max-video-preview:-1\" \/>\n<link rel=\"canonical\" href=\"https:\/\/dntagro.com\/pt-pt\/idi\/\" \/>\n<meta property=\"og:locale\" content=\"pt_PT\" \/>\n<meta property=\"og:type\" content=\"article\" \/>\n<meta property=\"og:title\" content=\"I+D+i - DNT Agro\" \/>\n<meta property=\"og:description\" content=\"DNT Non Woven Fabrics hace esfuerzos en I+D+i, aplicando las metodolog\u00edas de producci\u00f3n y gesti\u00f3n para ofrecer soluciones innovadoras.\" \/>\n<meta property=\"og:url\" content=\"https:\/\/dntagro.com\/pt-pt\/idi\/\" \/>\n<meta property=\"og:site_name\" content=\"DNT Agro\" \/>\n<meta property=\"article:modified_time\" content=\"2025-11-04T15:33:58+00:00\" \/>\n<meta property=\"og:image\" content=\"https:\/\/dntagro.com\/wp-content\/uploads\/2025\/08\/portada-idi.jpg\" \/>\n\t<meta property=\"og:image:width\" content=\"1986\" \/>\n\t<meta property=\"og:image:height\" content=\"568\" \/>\n\t<meta property=\"og:image:type\" content=\"image\/jpeg\" \/>\n<meta name=\"twitter:card\" content=\"summary_large_image\" \/>\n<meta name=\"twitter:label1\" content=\"Tempo estimado de leitura\" \/>\n\t<meta name=\"twitter:data1\" content=\"2 minutes\" \/>\n<script type=\"application\/ld+json\" class=\"yoast-schema-graph\">{\"@context\":\"https:\\\/\\\/schema.org\",\"@graph\":[{\"@type\":\"WebPage\",\"@id\":\"https:\\\/\\\/dntagro.com\\\/pt-pt\\\/idi\\\/\",\"url\":\"https:\\\/\\\/dntagro.com\\\/pt-pt\\\/idi\\\/\",\"name\":\"I+D+i - DNT Agro\",\"isPartOf\":{\"@id\":\"https:\\\/\\\/dntagro.com\\\/pt-pt\\\/#website\"},\"primaryImageOfPage\":{\"@id\":\"https:\\\/\\\/dntagro.com\\\/pt-pt\\\/idi\\\/#primaryimage\"},\"image\":{\"@id\":\"https:\\\/\\\/dntagro.com\\\/pt-pt\\\/idi\\\/#primaryimage\"},\"thumbnailUrl\":\"https:\\\/\\\/dntagro.com\\\/wp-content\\\/uploads\\\/2025\\\/08\\\/portada-idi.jpg\",\"datePublished\":\"2021-10-07T12:34:42+00:00\",\"dateModified\":\"2025-11-04T15:33:58+00:00\",\"description\":\"DNT Non Woven Fabrics hace esfuerzos en I+D+i, aplicando las metodolog\u00edas de producci\u00f3n y gesti\u00f3n para ofrecer soluciones innovadoras.\",\"breadcrumb\":{\"@id\":\"https:\\\/\\\/dntagro.com\\\/pt-pt\\\/idi\\\/#breadcrumb\"},\"inLanguage\":\"pt-PT\",\"potentialAction\":[{\"@type\":\"ReadAction\",\"target\":[\"https:\\\/\\\/dntagro.com\\\/pt-pt\\\/idi\\\/\"]}]},{\"@type\":\"ImageObject\",\"inLanguage\":\"pt-PT\",\"@id\":\"https:\\\/\\\/dntagro.com\\\/pt-pt\\\/idi\\\/#primaryimage\",\"url\":\"https:\\\/\\\/dntagro.com\\\/wp-content\\\/uploads\\\/2025\\\/08\\\/portada-idi.jpg\",\"contentUrl\":\"https:\\\/\\\/dntagro.com\\\/wp-content\\\/uploads\\\/2025\\\/08\\\/portada-idi.jpg\",\"width\":1986,\"height\":568},{\"@type\":\"BreadcrumbList\",\"@id\":\"https:\\\/\\\/dntagro.com\\\/pt-pt\\\/idi\\\/#breadcrumb\",\"itemListElement\":[{\"@type\":\"ListItem\",\"position\":1,\"name\":\"Portada\",\"item\":\"https:\\\/\\\/dntagro.com\\\/pt-pt\\\/\"},{\"@type\":\"ListItem\",\"position\":2,\"name\":\"I+D+i\"}]},{\"@type\":\"WebSite\",\"@id\":\"https:\\\/\\\/dntagro.com\\\/pt-pt\\\/#website\",\"url\":\"https:\\\/\\\/dntagro.com\\\/pt-pt\\\/\",\"name\":\"DNT Agro\",\"description\":\"DNT AGRO es la l\u00ednea de no tejidos y complementos para la protecci\u00f3n y el control biol\u00f3gico y t\u00e9rmico de \u00e1rboles, cultivos y plantas.\",\"publisher\":{\"@id\":\"https:\\\/\\\/dntagro.com\\\/pt-pt\\\/#organization\"},\"potentialAction\":[{\"@type\":\"SearchAction\",\"target\":{\"@type\":\"EntryPoint\",\"urlTemplate\":\"https:\\\/\\\/dntagro.com\\\/pt-pt\\\/?s={search_term_string}\"},\"query-input\":{\"@type\":\"PropertyValueSpecification\",\"valueRequired\":true,\"valueName\":\"search_term_string\"}}],\"inLanguage\":\"pt-PT\"},{\"@type\":\"Organization\",\"@id\":\"https:\\\/\\\/dntagro.com\\\/pt-pt\\\/#organization\",\"name\":\"DNT Agro\",\"url\":\"https:\\\/\\\/dntagro.com\\\/pt-pt\\\/\",\"logo\":{\"@type\":\"ImageObject\",\"inLanguage\":\"pt-PT\",\"@id\":\"https:\\\/\\\/dntagro.com\\\/pt-pt\\\/#\\\/schema\\\/logo\\\/image\\\/\",\"url\":\"https:\\\/\\\/dntagro.com\\\/wp-content\\\/uploads\\\/2025\\\/10\\\/dntagro-menu.png\",\"contentUrl\":\"https:\\\/\\\/dntagro.com\\\/wp-content\\\/uploads\\\/2025\\\/10\\\/dntagro-menu.png\",\"width\":170,\"height\":100,\"caption\":\"DNT Agro\"},\"image\":{\"@id\":\"https:\\\/\\\/dntagro.com\\\/pt-pt\\\/#\\\/schema\\\/logo\\\/image\\\/\"}}]}<\/script>\n<!-- \/ Yoast SEO plugin. -->","yoast_head_json":{"title":"I+D+i - DNT Agro","description":"DNT Non Woven Fabrics hace esfuerzos en I+D+i, aplicando las metodolog\u00edas de producci\u00f3n y gesti\u00f3n para ofrecer soluciones innovadoras.","robots":{"index":"index","follow":"follow","max-snippet":"max-snippet:-1","max-image-preview":"max-image-preview:large","max-video-preview":"max-video-preview:-1"},"canonical":"https:\/\/dntagro.com\/pt-pt\/idi\/","og_locale":"pt_PT","og_type":"article","og_title":"I+D+i - DNT Agro","og_description":"DNT Non Woven Fabrics hace esfuerzos en I+D+i, aplicando las metodolog\u00edas de producci\u00f3n y gesti\u00f3n para ofrecer soluciones innovadoras.","og_url":"https:\/\/dntagro.com\/pt-pt\/idi\/","og_site_name":"DNT Agro","article_modified_time":"2025-11-04T15:33:58+00:00","og_image":[{"width":1986,"height":568,"url":"https:\/\/dntagro.com\/wp-content\/uploads\/2025\/08\/portada-idi.jpg","type":"image\/jpeg"}],"twitter_card":"summary_large_image","twitter_misc":{"Tempo estimado de leitura":"2 minutes"},"schema":{"@context":"https:\/\/schema.org","@graph":[{"@type":"WebPage","@id":"https:\/\/dntagro.com\/pt-pt\/idi\/","url":"https:\/\/dntagro.com\/pt-pt\/idi\/","name":"I+D+i - DNT Agro","isPartOf":{"@id":"https:\/\/dntagro.com\/pt-pt\/#website"},"primaryImageOfPage":{"@id":"https:\/\/dntagro.com\/pt-pt\/idi\/#primaryimage"},"image":{"@id":"https:\/\/dntagro.com\/pt-pt\/idi\/#primaryimage"},"thumbnailUrl":"https:\/\/dntagro.com\/wp-content\/uploads\/2025\/08\/portada-idi.jpg","datePublished":"2021-10-07T12:34:42+00:00","dateModified":"2025-11-04T15:33:58+00:00","description":"DNT Non Woven Fabrics hace esfuerzos en I+D+i, aplicando las metodolog\u00edas de producci\u00f3n y gesti\u00f3n para ofrecer soluciones innovadoras.","breadcrumb":{"@id":"https:\/\/dntagro.com\/pt-pt\/idi\/#breadcrumb"},"inLanguage":"pt-PT","potentialAction":[{"@type":"ReadAction","target":["https:\/\/dntagro.com\/pt-pt\/idi\/"]}]},{"@type":"ImageObject","inLanguage":"pt-PT","@id":"https:\/\/dntagro.com\/pt-pt\/idi\/#primaryimage","url":"https:\/\/dntagro.com\/wp-content\/uploads\/2025\/08\/portada-idi.jpg","contentUrl":"https:\/\/dntagro.com\/wp-content\/uploads\/2025\/08\/portada-idi.jpg","width":1986,"height":568},{"@type":"BreadcrumbList","@id":"https:\/\/dntagro.com\/pt-pt\/idi\/#breadcrumb","itemListElement":[{"@type":"ListItem","position":1,"name":"Portada","item":"https:\/\/dntagro.com\/pt-pt\/"},{"@type":"ListItem","position":2,"name":"I+D+i"}]},{"@type":"WebSite","@id":"https:\/\/dntagro.com\/pt-pt\/#website","url":"https:\/\/dntagro.com\/pt-pt\/","name":"DNT Agro","description":"DNT AGRO es la l\u00ednea de no tejidos y complementos para la protecci\u00f3n y el control biol\u00f3gico y t\u00e9rmico de \u00e1rboles, cultivos y plantas.","publisher":{"@id":"https:\/\/dntagro.com\/pt-pt\/#organization"},"potentialAction":[{"@type":"SearchAction","target":{"@type":"EntryPoint","urlTemplate":"https:\/\/dntagro.com\/pt-pt\/?s={search_term_string}"},"query-input":{"@type":"PropertyValueSpecification","valueRequired":true,"valueName":"search_term_string"}}],"inLanguage":"pt-PT"},{"@type":"Organization","@id":"https:\/\/dntagro.com\/pt-pt\/#organization","name":"DNT Agro","url":"https:\/\/dntagro.com\/pt-pt\/","logo":{"@type":"ImageObject","inLanguage":"pt-PT","@id":"https:\/\/dntagro.com\/pt-pt\/#\/schema\/logo\/image\/","url":"https:\/\/dntagro.com\/wp-content\/uploads\/2025\/10\/dntagro-menu.png","contentUrl":"https:\/\/dntagro.com\/wp-content\/uploads\/2025\/10\/dntagro-menu.png","width":170,"height":100,"caption":"DNT Agro"},"image":{"@id":"https:\/\/dntagro.com\/pt-pt\/#\/schema\/logo\/image\/"}}]}},"_links":{"self":[{"href":"https:\/\/dntagro.com\/pt-pt\/wp-json\/wp\/v2\/pages\/17510","targetHints":{"allow":["GET"]}}],"collection":[{"href":"https:\/\/dntagro.com\/pt-pt\/wp-json\/wp\/v2\/pages"}],"about":[{"href":"https:\/\/dntagro.com\/pt-pt\/wp-json\/wp\/v2\/types\/page"}],"author":[{"embeddable":true,"href":"https:\/\/dntagro.com\/pt-pt\/wp-json\/wp\/v2\/users\/5"}],"replies":[{"embeddable":true,"href":"https:\/\/dntagro.com\/pt-pt\/wp-json\/wp\/v2\/comments?post=17510"}],"version-history":[{"count":0,"href":"https:\/\/dntagro.com\/pt-pt\/wp-json\/wp\/v2\/pages\/17510\/revisions"}],"wp:featuredmedia":[{"embeddable":true,"href":"https:\/\/dntagro.com\/pt-pt\/wp-json\/wp\/v2\/media\/16755"}],"wp:attachment":[{"href":"https:\/\/dntagro.com\/pt-pt\/wp-json\/wp\/v2\/media?parent=17510"}],"curies":[{"name":"wp","href":"https:\/\/api.w.org\/{rel}","templated":true}]}}