{"id":18458,"date":"2021-09-30T14:31:13","date_gmt":"2021-09-30T12:31:13","guid":{"rendered":"https:\/\/dntagro.com\/calidad\/"},"modified":"2026-04-07T10:34:05","modified_gmt":"2026-04-07T08:34:05","slug":"qualidade","status":"publish","type":"page","link":"https:\/\/dntagro.com\/fr\/qualidade\/","title":{"rendered":"Qualidade"},"content":{"rendered":"<div class=\"gb-container gb-container-c3cb79a8 alignfull\"><div class=\"gb-inside-container\">\n<div class=\"gb-container gb-container-7159890e\">\n\n<p class=\"has-text-align-center\"><strong>DNT Agro&nbsp;<\/strong>int\u00e8gre la qualit\u00e9 tout au long du processus de production, en d\u00e9veloppant des solutions qui r\u00e9pondent aux normes les plus \u00e9lev\u00e9es du secteur agricole.<\/p>\n\n<\/div>\n\n\n<div style=\"height:25px\" aria-hidden=\"true\" class=\"wp-block-spacer\"><\/div>\n\n\n\n<h1 class=\"gb-headline gb-headline-adc97aba gb-headline-text\">Certification<\/h1>\n\n\n\n<div style=\"height:25px\" aria-hidden=\"true\" class=\"wp-block-spacer\"><\/div>\n\n\n<div class=\"gb-grid-wrapper gb-grid-wrapper-77cd1942\">\n<div class=\"gb-grid-column gb-grid-column-8e798f1c\"><div class=\"gb-container gb-container-8e798f1c\">\n\n<figure class=\"wp-block-image size-full\"><img loading=\"lazy\" decoding=\"async\" width=\"250\" height=\"250\" src=\"https:\/\/dntagro.com\/wp-content\/uploads\/2025\/11\/insumopecaae.png\" alt=\"\" class=\"wp-image-18492\"\/><\/figure>\n\n<\/div><\/div>\n\n<div class=\"gb-grid-column gb-grid-column-2c89fe4b\"><div class=\"gb-container gb-container-2c89fe4b\">\n\n<h3 class=\"gb-headline gb-headline-25b5a5ab gb-headline-text\"><strong><strong><strong><strong>CAAE Intrants pour la production biologique<\/strong><\/strong><\/strong><\/strong><\/h3>\n\n\n\n<p>Norme priv\u00e9e pour certifier les intrants utilisables dans la production biologique autres que les engrais et les produits phytosanitaires.<\/p>\n\n<\/div><\/div>\n<\/div>\n\n\n<hr class=\"wp-block-separator has-alpha-channel-opacity\"\/>\n\n\n<div class=\"gb-grid-wrapper gb-grid-wrapper-018de592\">\n<div class=\"gb-grid-column gb-grid-column-25d9f1fd\"><div class=\"gb-container gb-container-25d9f1fd\">\n\n<figure class=\"wp-block-image size-full\"><img loading=\"lazy\" decoding=\"async\" width=\"250\" height=\"250\" src=\"https:\/\/dntagro.com\/wp-content\/uploads\/2025\/10\/cu_une-en_15343.png\" alt=\"Cu Une En 15343\" class=\"wp-image-17852\"\/><\/figure>\n\n<\/div><\/div>\n\n<div class=\"gb-grid-column gb-grid-column-89d8168f\"><div class=\"gb-container gb-container-89d8168f\">\n\n<h3 class=\"gb-headline gb-headline-33f3c5e0 gb-headline-text\"><strong>UNE &#8211; EN 15343<\/strong><\/h3>\n\n\n\n<p>Certifie la tra\u00e7abilit\u00e9 du recyclage des plastiques pr\u00e9- et post-consommation.<\/p>\n\n<\/div><\/div>\n<\/div>\n\n\n<hr class=\"wp-block-separator has-text-color has-contrast-color has-alpha-channel-opacity has-contrast-background-color has-background is-style-wide\"\/>\n\n\n<div class=\"gb-grid-wrapper gb-grid-wrapper-9d14439b\">\n<div class=\"gb-grid-column gb-grid-column-b7e70d9f\"><div class=\"gb-container gb-container-b7e70d9f\">\n\n<figure class=\"wp-block-image size-full\"><img loading=\"lazy\" decoding=\"async\" width=\"250\" height=\"250\" src=\"https:\/\/dntagro.com\/wp-content\/uploads\/2025\/10\/oekotex.png\" alt=\"Oekotex\" class=\"wp-image-17840\"\/><\/figure>\n\n<\/div><\/div>\n\n<div class=\"gb-grid-column gb-grid-column-2305a701\"><div class=\"gb-container gb-container-2305a701\">\n\n<h3 class=\"gb-headline gb-headline-d2729158 gb-headline-text\"><strong><strong><strong>Certification OEKO-TEX<\/strong><\/strong><\/strong><\/h3>\n\n\n\n<p>Textiles exempts de produits chimiques nocifs et 100 % respectueux de la peau.&nbsp;<\/p>\n\n<\/div><\/div>\n<\/div>\n\n\n<hr class=\"wp-block-separator has-text-color has-contrast-color has-alpha-channel-opacity has-contrast-background-color has-background is-style-wide\"\/>\n\n\n<div class=\"gb-grid-wrapper gb-grid-wrapper-72c0af2b\">\n<div class=\"gb-grid-column gb-grid-column-e60e04d1\"><div class=\"gb-container gb-container-e60e04d1\">\n\n<figure class=\"wp-block-image size-full\"><img loading=\"lazy\" decoding=\"async\" width=\"250\" height=\"250\" src=\"https:\/\/dntagro.com\/wp-content\/uploads\/2025\/10\/iso-9001-escaled.png\" alt=\"\" class=\"wp-image-18447\"\/><\/figure>\n\n<\/div><\/div>\n\n<div class=\"gb-grid-column gb-grid-column-fe016cf9\"><div class=\"gb-container gb-container-fe016cf9\">\n\n<h3 class=\"gb-headline gb-headline-feb2db0a gb-headline-text\"><strong><strong>Certification ISO 9001<\/strong><\/strong><\/h3>\n\n\n\n<p>La qualit\u00e9 et la satisfaction du client sont les principales caract\u00e9ristiques de notre identit\u00e9.<\/p>\n\n<\/div><\/div>\n<\/div>\n\n\n<hr class=\"wp-block-separator has-alpha-channel-opacity\"\/>\n\n\n<div class=\"gb-grid-wrapper gb-grid-wrapper-876f6fc1\">\n<div class=\"gb-grid-column gb-grid-column-223218f2\"><div class=\"gb-container gb-container-223218f2\">\n\n<figure class=\"wp-block-image size-full\"><img loading=\"lazy\" decoding=\"async\" width=\"250\" height=\"250\" src=\"https:\/\/dntagro.com\/wp-content\/uploads\/2025\/10\/iso-14001-escaled.png\" alt=\"\" class=\"wp-image-18451\"\/><\/figure>\n\n<\/div><\/div>\n\n<div class=\"gb-grid-column gb-grid-column-25e803be\"><div class=\"gb-container gb-container-25e803be\">\n\n<h3 class=\"gb-headline gb-headline-272f513a gb-headline-text\"><strong><strong>Certification ISO 14001<\/strong><\/strong><\/h3>\n\n\n\n<p>La protection et le respect de l\u2019environnement font partie int\u00e9grante de notre mod\u00e8le d\u2019entreprise.<\/p>\n\n<\/div><\/div>\n<\/div>\n\n\n<hr class=\"wp-block-separator has-alpha-channel-opacity\"\/>\n\n\n<div class=\"gb-grid-wrapper gb-grid-wrapper-d1a3e1cd\">\n<div class=\"gb-grid-column gb-grid-column-eec4ba8f\"><div class=\"gb-container gb-container-eec4ba8f\">\n\n<figure class=\"wp-block-image size-full\"><img loading=\"lazy\" decoding=\"async\" width=\"250\" height=\"250\" src=\"https:\/\/dntagro.com\/wp-content\/uploads\/2025\/10\/iso_50001.png\" alt=\"Iso 50001\" class=\"wp-image-17836\"\/><\/figure>\n\n<\/div><\/div>\n\n<div class=\"gb-grid-column gb-grid-column-23fac029\"><div class=\"gb-container gb-container-23fac029\">\n\n<h3 class=\"gb-headline gb-headline-4f73a35d gb-headline-text\"><strong><strong><strong>Certification ISO 50001<\/strong><\/strong><\/strong><\/h3>\n\n\n\n<p>Syst\u00e8me de gestion de l\u2019\u00e9nergie.<\/p>\n\n<\/div><\/div>\n<\/div>\n\n\n<hr class=\"wp-block-separator has-alpha-channel-opacity\"\/>\n\n\n<div class=\"gb-grid-wrapper gb-grid-wrapper-c5aa1550\">\n<div class=\"gb-grid-column gb-grid-column-f0f31eb7\"><div class=\"gb-container gb-container-f0f31eb7\">\n\n<figure class=\"wp-block-image size-full\"><img loading=\"lazy\" decoding=\"async\" width=\"250\" height=\"250\" src=\"https:\/\/dntagro.com\/wp-content\/uploads\/2025\/10\/iso_14067hcv.png\" alt=\"Iso 14067hcv\" class=\"wp-image-17832\"\/><\/figure>\n\n<\/div><\/div>\n\n<div class=\"gb-grid-column gb-grid-column-782bf76d\"><div class=\"gb-container gb-container-782bf76d\">\n\n<h3 class=\"gb-headline gb-headline-899651a1 gb-headline-text\"><strong><strong>Certification ISO 14067<\/strong><\/strong><\/h3>\n\n\n\n<p>Empreinte carbone du produit.<\/p>\n\n<\/div><\/div>\n<\/div>\n\n\n<p><\/p>\n\n\n\n<hr class=\"wp-block-separator has-text-color has-contrast-color has-alpha-channel-opacity has-contrast-background-color has-background is-style-wide\"\/>\n\n\n<div class=\"gb-grid-wrapper gb-grid-wrapper-6f26c3be\">\n<div class=\"gb-grid-column gb-grid-column-c115a28c\"><div class=\"gb-container gb-container-c115a28c\">\n\n<figure class=\"wp-block-image size-full\"><img loading=\"lazy\" decoding=\"async\" width=\"250\" height=\"250\" src=\"https:\/\/dntagro.com\/wp-content\/uploads\/2025\/10\/huelladecarbono24.png\" alt=\"Huelladecarbono24\" class=\"wp-image-17856\"\/><\/figure>\n\n<\/div><\/div>\n\n<div class=\"gb-grid-column gb-grid-column-088a0f58\"><div class=\"gb-container gb-container-088a0f58\">\n\n<h3 class=\"gb-headline gb-headline-6b325c8f gb-headline-text\"><strong><strong><strong>Enregistrement de l\u2019empreinte carbone, compensation et projets d\u2019absorption de CO2<\/strong><\/strong><\/strong><\/h3>\n\n\n\n<p>Calcul et r\u00e9duction des \u00e9missions de gaz \u00e0 effet de serre.<\/p>\n\n<\/div><\/div>\n<\/div>\n\n\n<hr class=\"wp-block-separator has-text-color has-contrast-color has-alpha-channel-opacity has-contrast-background-color has-background is-style-wide\"\/>\n\n\n<div class=\"gb-grid-wrapper gb-grid-wrapper-6afa665f\">\n<div class=\"gb-grid-column gb-grid-column-6962b2ae\"><div class=\"gb-container gb-container-6962b2ae\">\n\n<figure class=\"wp-block-image size-full\"><img loading=\"lazy\" decoding=\"async\" width=\"250\" height=\"250\" src=\"https:\/\/dntagro.com\/wp-content\/uploads\/2025\/11\/prs.png\" alt=\"\" class=\"wp-image-18665\"\/><\/figure>\n\n<\/div><\/div>\n\n<div class=\"gb-grid-column gb-grid-column-b4a2c7af\"><div class=\"gb-container gb-container-b4a2c7af\">\n\n<h3 class=\"gb-headline gb-headline-aead57e3 gb-headline-text\"><strong><strong>PRS Green Label<\/strong><\/strong><\/h3>\n\n\n\n<p>Participation active \u00e0 l\u2019\u00e9conomie circulaire des palettes.<\/p>\n\n<\/div><\/div>\n<\/div>\n\n\n<hr class=\"wp-block-separator has-alpha-channel-opacity\"\/>\n\n\n<div class=\"gb-grid-wrapper gb-grid-wrapper-b90b7f9c\">\n<div class=\"gb-grid-column gb-grid-column-0229636f\"><div class=\"gb-container gb-container-0229636f\">\n\n<figure class=\"wp-block-image size-full\"><img loading=\"lazy\" decoding=\"async\" width=\"250\" height=\"250\" src=\"https:\/\/dntagro.com\/wp-content\/uploads\/2025\/10\/ipp2024.png\" alt=\"Ipp2024\" class=\"wp-image-17824\"\/><\/figure>\n\n<\/div><\/div>\n\n<div class=\"gb-grid-column gb-grid-column-f82ff760\"><div class=\"gb-container gb-container-f82ff760\">\n\n<h3 class=\"gb-headline gb-headline-00650571 gb-headline-text\"><strong><strong><strong>Certification IPP d\u2019\u00e9conomie et de compensation des \u00e9missions de CO2<\/strong><\/strong><\/strong><\/h3>\n\n\n\n<p>Garantit l\u2019utilisation de palettes IPP qui compensent les \u00e9missions de CO2.<\/p>\n\n<\/div><\/div>\n<\/div>\n\n\n<hr class=\"wp-block-separator has-alpha-channel-opacity\"\/>\n\n\n\n<h2 class=\"gb-headline gb-headline-ff365369 gb-headline-text\">Associations<\/h2>\n\n\n<div class=\"gb-container gb-container-e323d787\">\n<div class=\"gb-grid-wrapper gb-grid-wrapper-d607e79c\">\n<div class=\"gb-grid-column gb-grid-column-daad2524\"><div class=\"gb-container gb-container-daad2524\">\n<div class=\"wp-block-image\">\n<figure class=\"aligncenter size-full is-resized\"><img loading=\"lazy\" decoding=\"async\" width=\"255\" height=\"56\" src=\"https:\/\/dntagro.com\/wp-content\/uploads\/2026\/04\/asociacion-espanola-productores-frutas-tropicales.png\" alt=\"Asociacion Espanola Productores Frutas Tropicales\" class=\"wp-image-18998\" style=\"width:250px\"\/><\/figure>\n<\/div>\n<\/div><\/div>\n\n<div class=\"gb-grid-column gb-grid-column-d6c63d4f\"><div class=\"gb-container gb-container-d6c63d4f\">\n\n<figure class=\"gb-block-image gb-block-image-b0de7c32\"><img loading=\"lazy\" decoding=\"async\" width=\"288\" height=\"92\" class=\"gb-image gb-image-b0de7c32\" src=\"https:\/\/dntagro.com\/wp-content\/uploads\/2026\/04\/edana.png\" alt=\"Edana\" title=\"Edana\"\/><\/figure>\n\n<\/div><\/div>\n\n<div class=\"gb-grid-column gb-grid-column-b772f635\"><div class=\"gb-container gb-container-b772f635\">\n\n<figure class=\"gb-block-image gb-block-image-5be67cb2\"><img loading=\"lazy\" decoding=\"async\" width=\"406\" height=\"203\" class=\"gb-image gb-image-5be67cb2\" src=\"https:\/\/dntagro.com\/wp-content\/uploads\/2026\/04\/aenor.png\" alt=\"Aenor\" title=\"Aenor\" srcset=\"https:\/\/dntagro.com\/wp-content\/uploads\/2026\/04\/aenor.png 406w, https:\/\/dntagro.com\/wp-content\/uploads\/2026\/04\/aenor-370x185.png 370w\" sizes=\"auto, (max-width: 406px) 100vw, 406px\" \/><\/figure>\n\n<\/div><\/div>\n\n<div class=\"gb-grid-column gb-grid-column-7c93bc05\"><div class=\"gb-container gb-container-7c93bc05\">\n<div class=\"wp-block-image\">\n<figure class=\"aligncenter size-full is-resized\"><img loading=\"lazy\" decoding=\"async\" width=\"2000\" height=\"1323\" src=\"https:\/\/dntagro.com\/wp-content\/uploads\/2026\/04\/aitex.png\" alt=\"Aitex\" class=\"wp-image-18962\" style=\"width:250px\" srcset=\"https:\/\/dntagro.com\/wp-content\/uploads\/2026\/04\/aitex.png 2000w, https:\/\/dntagro.com\/wp-content\/uploads\/2026\/04\/aitex-370x245.png 370w, https:\/\/dntagro.com\/wp-content\/uploads\/2026\/04\/aitex-1120x741.png 1120w, https:\/\/dntagro.com\/wp-content\/uploads\/2026\/04\/aitex-768x508.png 768w, https:\/\/dntagro.com\/wp-content\/uploads\/2026\/04\/aitex-1536x1016.png 1536w\" sizes=\"auto, (max-width: 2000px) 100vw, 2000px\" \/><\/figure>\n<\/div>\n<\/div><\/div>\n\n<div class=\"gb-grid-column gb-grid-column-0ef587ea\"><div class=\"gb-container gb-container-0ef587ea\">\n<div class=\"wp-block-image\">\n<figure class=\"aligncenter size-full is-resized\"><img loading=\"lazy\" decoding=\"async\" width=\"1000\" height=\"250\" src=\"https:\/\/dntagro.com\/wp-content\/uploads\/2026\/04\/aimplas.png\" alt=\"Aimplas\" class=\"wp-image-18958\" style=\"width:250px\" srcset=\"https:\/\/dntagro.com\/wp-content\/uploads\/2026\/04\/aimplas.png 1000w, https:\/\/dntagro.com\/wp-content\/uploads\/2026\/04\/aimplas-370x93.png 370w, https:\/\/dntagro.com\/wp-content\/uploads\/2026\/04\/aimplas-768x192.png 768w\" sizes=\"auto, (max-width: 1000px) 100vw, 1000px\" \/><\/figure>\n<\/div>\n<\/div><\/div>\n\n<div class=\"gb-grid-column gb-grid-column-a2a9482e\"><div class=\"gb-container gb-container-a2a9482e\">\n<div class=\"wp-block-image\">\n<figure class=\"aligncenter size-full is-resized\"><img loading=\"lazy\" decoding=\"async\" width=\"1000\" height=\"287\" src=\"https:\/\/dntagro.com\/wp-content\/uploads\/2026\/04\/cta.png\" alt=\"Cta\" class=\"wp-image-18970\" style=\"width:250px\" srcset=\"https:\/\/dntagro.com\/wp-content\/uploads\/2026\/04\/cta.png 1000w, https:\/\/dntagro.com\/wp-content\/uploads\/2026\/04\/cta-370x106.png 370w, https:\/\/dntagro.com\/wp-content\/uploads\/2026\/04\/cta-768x220.png 768w, https:\/\/dntagro.com\/wp-content\/uploads\/2026\/04\/cta-350x100.png 350w\" sizes=\"auto, (max-width: 1000px) 100vw, 1000px\" \/><\/figure>\n<\/div>\n<\/div><\/div>\n\n<div class=\"gb-grid-column gb-grid-column-cc2edceb\"><div class=\"gb-container gb-container-cc2edceb\">\n<div class=\"wp-block-image\">\n<figure class=\"aligncenter size-full is-resized\"><img loading=\"lazy\" decoding=\"async\" width=\"541\" height=\"150\" src=\"https:\/\/dntagro.com\/wp-content\/uploads\/2026\/04\/operationclean.png\" alt=\"Operationclean\" class=\"wp-image-18990\" style=\"width:250px\" srcset=\"https:\/\/dntagro.com\/wp-content\/uploads\/2026\/04\/operationclean.png 541w, https:\/\/dntagro.com\/wp-content\/uploads\/2026\/04\/operationclean-370x103.png 370w\" sizes=\"auto, (max-width: 541px) 100vw, 541px\" \/><\/figure>\n<\/div>\n<\/div><\/div>\n\n<div class=\"gb-grid-column gb-grid-column-fd06a32a\"><div class=\"gb-container gb-container-fd06a32a\">\n<div class=\"wp-block-image\">\n<figure class=\"aligncenter size-full is-resized\"><img loading=\"lazy\" decoding=\"async\" width=\"512\" height=\"269\" src=\"https:\/\/dntagro.com\/wp-content\/uploads\/2026\/04\/cep.png\" alt=\"Cep\" class=\"wp-image-18954\" style=\"width:250px\" srcset=\"https:\/\/dntagro.com\/wp-content\/uploads\/2026\/04\/cep.png 512w, https:\/\/dntagro.com\/wp-content\/uploads\/2026\/04\/cep-370x194.png 370w\" sizes=\"auto, (max-width: 512px) 100vw, 512px\" \/><\/figure>\n<\/div>\n<\/div><\/div>\n\n<div class=\"gb-grid-column gb-grid-column-5a59e790\"><div class=\"gb-container gb-container-5a59e790\">\n<div class=\"wp-block-image\">\n<figure class=\"aligncenter size-full is-resized\"><img decoding=\"async\" src=\"https:\/\/dntnonwovenfabrics.com\/wp-content\/uploads\/2026\/01\/logo-ecovalia.webp\" alt=\"Logo Ecovalia\" class=\"wp-image-17872\" style=\"width:250px\"\/><\/figure>\n<\/div>\n<\/div><\/div>\n<\/div>\n<\/div>\n\n\n<div style=\"height:55px\" aria-hidden=\"true\" class=\"wp-block-spacer\"><\/div>\n\n<\/div><\/div>","protected":false},"excerpt":{"rendered":"<p>DNT Agro&nbsp;int\u00e8gre la qualit\u00e9 tout au long du processus de production, en d\u00e9veloppant des solutions qui r\u00e9pondent aux normes les plus \u00e9lev\u00e9es du secteur agricole. Certification Associations<\/p>\n","protected":false},"author":14,"featured_media":16863,"parent":0,"menu_order":0,"comment_status":"closed","ping_status":"closed","template":"","meta":{"inline_featured_image":false,"footnotes":""},"class_list":["post-18458","page","type-page","status-publish","has-post-thumbnail"],"yoast_head":"<!-- This site is optimized with the Yoast SEO plugin v27.3 - https:\/\/yoast.com\/product\/yoast-seo-wordpress\/ -->\n<title>Qualidade - DNT Agro<\/title>\n<meta name=\"description\" content=\"En DNT Non Woven Fabrics contamos con un elevado concepto de calidad, integrada en todos los procesos de gesti\u00f3n y producci\u00f3n.\" \/>\n<meta name=\"robots\" content=\"index, follow, max-snippet:-1, max-image-preview:large, max-video-preview:-1\" \/>\n<link rel=\"canonical\" href=\"https:\/\/dntagro.com\/fr\/qualidade\/\" \/>\n<meta property=\"og:locale\" content=\"fr_FR\" \/>\n<meta property=\"og:type\" content=\"article\" \/>\n<meta property=\"og:title\" content=\"Qualidade - DNT Agro\" \/>\n<meta property=\"og:description\" content=\"En DNT Non Woven Fabrics contamos con un elevado concepto de calidad, integrada en todos los procesos de gesti\u00f3n y producci\u00f3n.\" \/>\n<meta property=\"og:url\" content=\"https:\/\/dntagro.com\/fr\/qualidade\/\" \/>\n<meta property=\"og:site_name\" content=\"DNT Agro\" \/>\n<meta property=\"article:modified_time\" content=\"2026-04-07T08:34:05+00:00\" \/>\n<meta property=\"og:image\" content=\"https:\/\/dntagro.com\/wp-content\/uploads\/2025\/09\/portada-calidad.jpg\" \/>\n\t<meta property=\"og:image:width\" content=\"1986\" \/>\n\t<meta property=\"og:image:height\" content=\"568\" \/>\n\t<meta property=\"og:image:type\" content=\"image\/jpeg\" \/>\n<meta name=\"twitter:card\" content=\"summary_large_image\" \/>\n<meta name=\"twitter:label1\" content=\"Dur\u00e9e de lecture estim\u00e9e\" \/>\n\t<meta name=\"twitter:data1\" content=\"5 minutes\" \/>\n<script type=\"application\/ld+json\" class=\"yoast-schema-graph\">{\"@context\":\"https:\\\/\\\/schema.org\",\"@graph\":[{\"@type\":\"WebPage\",\"@id\":\"https:\\\/\\\/dntagro.com\\\/fr\\\/qualidade\\\/\",\"url\":\"https:\\\/\\\/dntagro.com\\\/fr\\\/qualidade\\\/\",\"name\":\"Qualidade - DNT Agro\",\"isPartOf\":{\"@id\":\"https:\\\/\\\/dntagro.com\\\/fr\\\/#website\"},\"primaryImageOfPage\":{\"@id\":\"https:\\\/\\\/dntagro.com\\\/fr\\\/qualidade\\\/#primaryimage\"},\"image\":{\"@id\":\"https:\\\/\\\/dntagro.com\\\/fr\\\/qualidade\\\/#primaryimage\"},\"thumbnailUrl\":\"https:\\\/\\\/dntagro.com\\\/wp-content\\\/uploads\\\/2025\\\/09\\\/portada-calidad.jpg\",\"datePublished\":\"2021-09-30T12:31:13+00:00\",\"dateModified\":\"2026-04-07T08:34:05+00:00\",\"description\":\"En DNT Non Woven Fabrics contamos con un elevado concepto de calidad, integrada en todos los procesos de gesti\u00f3n y producci\u00f3n.\",\"breadcrumb\":{\"@id\":\"https:\\\/\\\/dntagro.com\\\/fr\\\/qualidade\\\/#breadcrumb\"},\"inLanguage\":\"fr-FR\",\"potentialAction\":[{\"@type\":\"ReadAction\",\"target\":[\"https:\\\/\\\/dntagro.com\\\/fr\\\/qualidade\\\/\"]}]},{\"@type\":\"ImageObject\",\"inLanguage\":\"fr-FR\",\"@id\":\"https:\\\/\\\/dntagro.com\\\/fr\\\/qualidade\\\/#primaryimage\",\"url\":\"https:\\\/\\\/dntagro.com\\\/wp-content\\\/uploads\\\/2025\\\/09\\\/portada-calidad.jpg\",\"contentUrl\":\"https:\\\/\\\/dntagro.com\\\/wp-content\\\/uploads\\\/2025\\\/09\\\/portada-calidad.jpg\",\"width\":1986,\"height\":568},{\"@type\":\"BreadcrumbList\",\"@id\":\"https:\\\/\\\/dntagro.com\\\/fr\\\/qualidade\\\/#breadcrumb\",\"itemListElement\":[{\"@type\":\"ListItem\",\"position\":1,\"name\":\"Portada\",\"item\":\"https:\\\/\\\/dntagro.com\\\/fr\\\/\"},{\"@type\":\"ListItem\",\"position\":2,\"name\":\"Qualidade\"}]},{\"@type\":\"WebSite\",\"@id\":\"https:\\\/\\\/dntagro.com\\\/fr\\\/#website\",\"url\":\"https:\\\/\\\/dntagro.com\\\/fr\\\/\",\"name\":\"DNT Agro\",\"description\":\"DNT AGRO es la l\u00ednea de no tejidos y complementos para la protecci\u00f3n y el control biol\u00f3gico y t\u00e9rmico de \u00e1rboles, cultivos y plantas.\",\"publisher\":{\"@id\":\"https:\\\/\\\/dntagro.com\\\/fr\\\/#organization\"},\"potentialAction\":[{\"@type\":\"SearchAction\",\"target\":{\"@type\":\"EntryPoint\",\"urlTemplate\":\"https:\\\/\\\/dntagro.com\\\/fr\\\/?s={search_term_string}\"},\"query-input\":{\"@type\":\"PropertyValueSpecification\",\"valueRequired\":true,\"valueName\":\"search_term_string\"}}],\"inLanguage\":\"fr-FR\"},{\"@type\":\"Organization\",\"@id\":\"https:\\\/\\\/dntagro.com\\\/fr\\\/#organization\",\"name\":\"DNT Agro\",\"url\":\"https:\\\/\\\/dntagro.com\\\/fr\\\/\",\"logo\":{\"@type\":\"ImageObject\",\"inLanguage\":\"fr-FR\",\"@id\":\"https:\\\/\\\/dntagro.com\\\/fr\\\/#\\\/schema\\\/logo\\\/image\\\/\",\"url\":\"https:\\\/\\\/dntagro.com\\\/wp-content\\\/uploads\\\/2025\\\/10\\\/dntagro-menu.png\",\"contentUrl\":\"https:\\\/\\\/dntagro.com\\\/wp-content\\\/uploads\\\/2025\\\/10\\\/dntagro-menu.png\",\"width\":170,\"height\":100,\"caption\":\"DNT Agro\"},\"image\":{\"@id\":\"https:\\\/\\\/dntagro.com\\\/fr\\\/#\\\/schema\\\/logo\\\/image\\\/\"}}]}<\/script>\n<!-- \/ Yoast SEO plugin. -->","yoast_head_json":{"title":"Qualidade - DNT Agro","description":"En DNT Non Woven Fabrics contamos con un elevado concepto de calidad, integrada en todos los procesos de gesti\u00f3n y producci\u00f3n.","robots":{"index":"index","follow":"follow","max-snippet":"max-snippet:-1","max-image-preview":"max-image-preview:large","max-video-preview":"max-video-preview:-1"},"canonical":"https:\/\/dntagro.com\/fr\/qualidade\/","og_locale":"fr_FR","og_type":"article","og_title":"Qualidade - DNT Agro","og_description":"En DNT Non Woven Fabrics contamos con un elevado concepto de calidad, integrada en todos los procesos de gesti\u00f3n y producci\u00f3n.","og_url":"https:\/\/dntagro.com\/fr\/qualidade\/","og_site_name":"DNT Agro","article_modified_time":"2026-04-07T08:34:05+00:00","og_image":[{"width":1986,"height":568,"url":"https:\/\/dntagro.com\/wp-content\/uploads\/2025\/09\/portada-calidad.jpg","type":"image\/jpeg"}],"twitter_card":"summary_large_image","twitter_misc":{"Dur\u00e9e de lecture estim\u00e9e":"5 minutes"},"schema":{"@context":"https:\/\/schema.org","@graph":[{"@type":"WebPage","@id":"https:\/\/dntagro.com\/fr\/qualidade\/","url":"https:\/\/dntagro.com\/fr\/qualidade\/","name":"Qualidade - DNT Agro","isPartOf":{"@id":"https:\/\/dntagro.com\/fr\/#website"},"primaryImageOfPage":{"@id":"https:\/\/dntagro.com\/fr\/qualidade\/#primaryimage"},"image":{"@id":"https:\/\/dntagro.com\/fr\/qualidade\/#primaryimage"},"thumbnailUrl":"https:\/\/dntagro.com\/wp-content\/uploads\/2025\/09\/portada-calidad.jpg","datePublished":"2021-09-30T12:31:13+00:00","dateModified":"2026-04-07T08:34:05+00:00","description":"En DNT Non Woven Fabrics contamos con un elevado concepto de calidad, integrada en todos los procesos de gesti\u00f3n y producci\u00f3n.","breadcrumb":{"@id":"https:\/\/dntagro.com\/fr\/qualidade\/#breadcrumb"},"inLanguage":"fr-FR","potentialAction":[{"@type":"ReadAction","target":["https:\/\/dntagro.com\/fr\/qualidade\/"]}]},{"@type":"ImageObject","inLanguage":"fr-FR","@id":"https:\/\/dntagro.com\/fr\/qualidade\/#primaryimage","url":"https:\/\/dntagro.com\/wp-content\/uploads\/2025\/09\/portada-calidad.jpg","contentUrl":"https:\/\/dntagro.com\/wp-content\/uploads\/2025\/09\/portada-calidad.jpg","width":1986,"height":568},{"@type":"BreadcrumbList","@id":"https:\/\/dntagro.com\/fr\/qualidade\/#breadcrumb","itemListElement":[{"@type":"ListItem","position":1,"name":"Portada","item":"https:\/\/dntagro.com\/fr\/"},{"@type":"ListItem","position":2,"name":"Qualidade"}]},{"@type":"WebSite","@id":"https:\/\/dntagro.com\/fr\/#website","url":"https:\/\/dntagro.com\/fr\/","name":"DNT Agro","description":"DNT AGRO es la l\u00ednea de no tejidos y complementos para la protecci\u00f3n y el control biol\u00f3gico y t\u00e9rmico de \u00e1rboles, cultivos y plantas.","publisher":{"@id":"https:\/\/dntagro.com\/fr\/#organization"},"potentialAction":[{"@type":"SearchAction","target":{"@type":"EntryPoint","urlTemplate":"https:\/\/dntagro.com\/fr\/?s={search_term_string}"},"query-input":{"@type":"PropertyValueSpecification","valueRequired":true,"valueName":"search_term_string"}}],"inLanguage":"fr-FR"},{"@type":"Organization","@id":"https:\/\/dntagro.com\/fr\/#organization","name":"DNT Agro","url":"https:\/\/dntagro.com\/fr\/","logo":{"@type":"ImageObject","inLanguage":"fr-FR","@id":"https:\/\/dntagro.com\/fr\/#\/schema\/logo\/image\/","url":"https:\/\/dntagro.com\/wp-content\/uploads\/2025\/10\/dntagro-menu.png","contentUrl":"https:\/\/dntagro.com\/wp-content\/uploads\/2025\/10\/dntagro-menu.png","width":170,"height":100,"caption":"DNT Agro"},"image":{"@id":"https:\/\/dntagro.com\/fr\/#\/schema\/logo\/image\/"}}]}},"_links":{"self":[{"href":"https:\/\/dntagro.com\/fr\/wp-json\/wp\/v2\/pages\/18458","targetHints":{"allow":["GET"]}}],"collection":[{"href":"https:\/\/dntagro.com\/fr\/wp-json\/wp\/v2\/pages"}],"about":[{"href":"https:\/\/dntagro.com\/fr\/wp-json\/wp\/v2\/types\/page"}],"author":[{"embeddable":true,"href":"https:\/\/dntagro.com\/fr\/wp-json\/wp\/v2\/users\/14"}],"replies":[{"embeddable":true,"href":"https:\/\/dntagro.com\/fr\/wp-json\/wp\/v2\/comments?post=18458"}],"version-history":[{"count":0,"href":"https:\/\/dntagro.com\/fr\/wp-json\/wp\/v2\/pages\/18458\/revisions"}],"wp:featuredmedia":[{"embeddable":true,"href":"https:\/\/dntagro.com\/fr\/wp-json\/wp\/v2\/media\/16863"}],"wp:attachment":[{"href":"https:\/\/dntagro.com\/fr\/wp-json\/wp\/v2\/media?parent=18458"}],"curies":[{"name":"wp","href":"https:\/\/api.w.org\/{rel}","templated":true}]}}