{"id":17547,"date":"2024-09-17T09:27:53","date_gmt":"2024-09-17T07:27:53","guid":{"rendered":"https:\/\/www2.dntagro.com\/ciclo-de-vida\/"},"modified":"2025-11-04T09:25:18","modified_gmt":"2025-11-04T08:25:18","slug":"cicle-de-vie","status":"publish","type":"page","link":"https:\/\/dntagro.com\/fr\/cicle-de-vie\/","title":{"rendered":"CICLE DE VIE"},"content":{"rendered":"<div class=\"gb-container gb-container-8cc865b8\"><div class=\"gb-inside-container\">\n<div class=\"gb-container gb-container-b521dd5d\">\n\n<p>L&#8217;empreinte carbone mesure les \u00e9missions de gaz \u00e0 effet de serre (GES) produites au cours du cycle de vie, directement ou indirectement, par les humains, les organisations et les entreprises.<\/p>\n\n\n\n<p>L\u2019analyse du cycle de vie \u00e9value les impacts environnementaux d\u2019un produit, d\u2019un processus ou d\u2019une activit\u00e9 depuis son origine jusqu\u2019\u00e0 son \u00e9limination.<\/p>\n\n\n\n<p class=\"has-text-align-center\">Chez <strong>DNT Agro<\/strong>, nous \u00e9valuons l&#8217;impact environnemental de nos produits tout au long de leur cycle de vie, de l&#8217;origine des mati\u00e8res premi\u00e8res \u00e0 leur \u00e9limination finale. Notre empreinte carbone et notre conformit\u00e9 \u00e0 la norme <strong>ISO 14067<\/strong> refl\u00e8tent notre engagement en faveur du d\u00e9veloppement durable et de l&#8217;am\u00e9lioration continue.<\/p>\n\n<\/div>\n\n\n<div style=\"height:30px\" aria-hidden=\"true\" class=\"wp-block-spacer hide-on-mobile\"><\/div>\n\n\n<div class=\"gb-container gb-container-3939dbf1 bloque-fondos\"><div class=\"gb-inside-container\">\n<div class=\"gb-grid-wrapper gb-grid-wrapper-9443645c\">\n<div class=\"gb-grid-column gb-grid-column-4ef543e7\"><div class=\"gb-container gb-container-4ef543e7 imagen-centrar\"><div class=\"gb-inside-container\"><\/div><\/div><\/div>\n\n<div class=\"gb-grid-column gb-grid-column-48747999\"><div class=\"gb-container gb-container-48747999 menu-carta\"><div class=\"gb-inside-container\">\n\n<h2 class=\"gb-headline gb-headline-fcd3a86f gb-headline-text\"><strong>ANALYSE DU CYCLE DE VIE<\/strong><\/h2>\n\n\n\n<h3 class=\"gb-headline gb-headline-9c81a963 gb-headline-text\">SPUNBOND<\/h3>\n\n\n\n<p>Notre mat\u00e9riau <a href=\"https:\/\/dntnonwovenfabrics.com\/fr\/produits\/spunbond\/\">Spunbond<\/a> r\u00e9duit les \u00e9missions de CO<sub>2<\/sub> de 39 % par rapport aux importations, r\u00e9duisant ainsi les\u00a0<a href=\"https:\/\/notejido.com\/fr\/durabilite-et-rse\/\">\u00e9missions<\/a>\u00a0dues au transport gr\u00e2ce \u00e0 la proximit\u00e9 de nos fournisseurs et de nos clients.<\/p>\n\n<\/div><\/div><\/div>\n\n<div class=\"gb-grid-column gb-grid-column-34198529\"><div class=\"gb-container gb-container-34198529 fondo-ham\"><div class=\"gb-inside-container\">\n\n<h2 class=\"gb-headline gb-headline-e1115811 gb-headline-text\">ANALYSE DU CYCLE DE VIE<\/h2>\n\n\n\n<h3 class=\"gb-headline gb-headline-a5cf5986 gb-headline-text\">SMS<\/h3>\n\n\n\n<p><strong>Notre mat\u00e9riau SMS r\u00e9duit les \u00e9missions de CO<sub>2<\/sub> de 41%<\/strong> par rapport aux importations, r\u00e9duisant ainsi les \u00e9missions dues au transport gr\u00e2ce \u00e0 la proximit\u00e9 de nos fournisseurs et de nos clients.<\/p>\n\n<\/div><\/div><\/div>\n\n<div class=\"gb-grid-column gb-grid-column-480e6f00\"><div class=\"gb-container gb-container-480e6f00\"><div class=\"gb-inside-container\"><\/div><\/div><\/div>\n<\/div>\n\n\n<div style=\"height:49px\" aria-hidden=\"true\" class=\"wp-block-spacer\"><\/div>\n\n<\/div><\/div>\n<\/div><\/div>\n\n\n<div style=\"height:30px\" aria-hidden=\"true\" class=\"wp-block-spacer\"><\/div>\n\n\n\n<p><\/p>\n","protected":false},"excerpt":{"rendered":"<p>L&#8217;empreinte carbone mesure les \u00e9missions de gaz \u00e0 effet de serre (GES) produites au cours du cycle de vie, directement ou indirectement, par les humains, les organisations et les entreprises. L\u2019analyse du cycle de vie \u00e9value les impacts environnementaux d\u2019un produit, d\u2019un processus ou d\u2019une activit\u00e9 depuis son origine jusqu\u2019\u00e0 son \u00e9limination. Chez DNT Agro, nous \u00e9valuons l&#8217;impact environnemental de nos produits tout au long de leur cycle de vie, &#8230; <\/p>\n<p class=\"read-more-container\"><a title=\"CICLE DE VIE\" class=\"read-more button\" href=\"https:\/\/dntagro.com\/fr\/cicle-de-vie\/#more-17547\" aria-label=\"En savoir plus sur CICLE DE VIE\">En savoir plus<\/a><\/p>\n","protected":false},"author":14,"featured_media":16895,"parent":0,"menu_order":0,"comment_status":"closed","ping_status":"closed","template":"","meta":{"inline_featured_image":false,"footnotes":""},"class_list":["post-17547","page","type-page","status-publish","has-post-thumbnail"],"yoast_head":"<!-- This site is optimized with the Yoast SEO plugin v27.4 - https:\/\/yoast.com\/product\/yoast-seo-wordpress\/ -->\n<title>CICLE DE VIE - DNT Agro<\/title>\n<meta name=\"description\" content=\"El an\u00e1lisis de Ciclo de Vida eval\u00faa los impactos ambientales de un producto, proceso o actividad desde su origen hasta su desecho.\u00a0\" \/>\n<meta name=\"robots\" content=\"index, follow, max-snippet:-1, max-image-preview:large, max-video-preview:-1\" \/>\n<link rel=\"canonical\" href=\"https:\/\/dntagro.com\/fr\/cicle-de-vie\/\" \/>\n<meta property=\"og:locale\" content=\"fr_FR\" \/>\n<meta property=\"og:type\" content=\"article\" \/>\n<meta property=\"og:title\" content=\"CICLE DE VIE - DNT Agro\" \/>\n<meta property=\"og:description\" content=\"El an\u00e1lisis de Ciclo de Vida eval\u00faa los impactos ambientales de un producto, proceso o actividad desde su origen hasta su desecho.\u00a0\" \/>\n<meta property=\"og:url\" content=\"https:\/\/dntagro.com\/fr\/cicle-de-vie\/\" \/>\n<meta property=\"og:site_name\" content=\"DNT Agro\" \/>\n<meta property=\"article:modified_time\" content=\"2025-11-04T08:25:18+00:00\" \/>\n<meta property=\"og:image\" content=\"https:\/\/dntagro.com\/wp-content\/uploads\/2025\/09\/banner-portada-ciclo-de-vida.jpg\" \/>\n\t<meta property=\"og:image:width\" content=\"1986\" \/>\n\t<meta property=\"og:image:height\" content=\"568\" \/>\n\t<meta property=\"og:image:type\" content=\"image\/jpeg\" \/>\n<meta name=\"twitter:card\" content=\"summary_large_image\" \/>\n<meta name=\"twitter:label1\" content=\"Dur\u00e9e de lecture estim\u00e9e\" \/>\n\t<meta name=\"twitter:data1\" content=\"2 minutes\" \/>\n<script type=\"application\/ld+json\" class=\"yoast-schema-graph\">{\"@context\":\"https:\\\/\\\/schema.org\",\"@graph\":[{\"@type\":\"WebPage\",\"@id\":\"https:\\\/\\\/dntagro.com\\\/fr\\\/cicle-de-vie\\\/\",\"url\":\"https:\\\/\\\/dntagro.com\\\/fr\\\/cicle-de-vie\\\/\",\"name\":\"CICLE DE VIE - DNT Agro\",\"isPartOf\":{\"@id\":\"https:\\\/\\\/dntagro.com\\\/fr\\\/#website\"},\"primaryImageOfPage\":{\"@id\":\"https:\\\/\\\/dntagro.com\\\/fr\\\/cicle-de-vie\\\/#primaryimage\"},\"image\":{\"@id\":\"https:\\\/\\\/dntagro.com\\\/fr\\\/cicle-de-vie\\\/#primaryimage\"},\"thumbnailUrl\":\"https:\\\/\\\/dntagro.com\\\/wp-content\\\/uploads\\\/2025\\\/09\\\/banner-portada-ciclo-de-vida.jpg\",\"datePublished\":\"2024-09-17T07:27:53+00:00\",\"dateModified\":\"2025-11-04T08:25:18+00:00\",\"description\":\"El an\u00e1lisis de Ciclo de Vida eval\u00faa los impactos ambientales de un producto, proceso o actividad desde su origen hasta su desecho.\u00a0\",\"breadcrumb\":{\"@id\":\"https:\\\/\\\/dntagro.com\\\/fr\\\/cicle-de-vie\\\/#breadcrumb\"},\"inLanguage\":\"fr-FR\",\"potentialAction\":[{\"@type\":\"ReadAction\",\"target\":[\"https:\\\/\\\/dntagro.com\\\/fr\\\/cicle-de-vie\\\/\"]}]},{\"@type\":\"ImageObject\",\"inLanguage\":\"fr-FR\",\"@id\":\"https:\\\/\\\/dntagro.com\\\/fr\\\/cicle-de-vie\\\/#primaryimage\",\"url\":\"https:\\\/\\\/dntagro.com\\\/wp-content\\\/uploads\\\/2025\\\/09\\\/banner-portada-ciclo-de-vida.jpg\",\"contentUrl\":\"https:\\\/\\\/dntagro.com\\\/wp-content\\\/uploads\\\/2025\\\/09\\\/banner-portada-ciclo-de-vida.jpg\",\"width\":1986,\"height\":568},{\"@type\":\"BreadcrumbList\",\"@id\":\"https:\\\/\\\/dntagro.com\\\/fr\\\/cicle-de-vie\\\/#breadcrumb\",\"itemListElement\":[{\"@type\":\"ListItem\",\"position\":1,\"name\":\"Portada\",\"item\":\"https:\\\/\\\/dntagro.com\\\/fr\\\/\"},{\"@type\":\"ListItem\",\"position\":2,\"name\":\"CICLE DE VIE\"}]},{\"@type\":\"WebSite\",\"@id\":\"https:\\\/\\\/dntagro.com\\\/fr\\\/#website\",\"url\":\"https:\\\/\\\/dntagro.com\\\/fr\\\/\",\"name\":\"DNT Agro\",\"description\":\"DNT AGRO es la l\u00ednea de no tejidos y complementos para la protecci\u00f3n y el control biol\u00f3gico y t\u00e9rmico de \u00e1rboles, cultivos y plantas.\",\"publisher\":{\"@id\":\"https:\\\/\\\/dntagro.com\\\/fr\\\/#organization\"},\"potentialAction\":[{\"@type\":\"SearchAction\",\"target\":{\"@type\":\"EntryPoint\",\"urlTemplate\":\"https:\\\/\\\/dntagro.com\\\/fr\\\/?s={search_term_string}\"},\"query-input\":{\"@type\":\"PropertyValueSpecification\",\"valueRequired\":true,\"valueName\":\"search_term_string\"}}],\"inLanguage\":\"fr-FR\"},{\"@type\":\"Organization\",\"@id\":\"https:\\\/\\\/dntagro.com\\\/fr\\\/#organization\",\"name\":\"DNT Agro\",\"url\":\"https:\\\/\\\/dntagro.com\\\/fr\\\/\",\"logo\":{\"@type\":\"ImageObject\",\"inLanguage\":\"fr-FR\",\"@id\":\"https:\\\/\\\/dntagro.com\\\/fr\\\/#\\\/schema\\\/logo\\\/image\\\/\",\"url\":\"https:\\\/\\\/dntagro.com\\\/wp-content\\\/uploads\\\/2025\\\/10\\\/dntagro-menu.png\",\"contentUrl\":\"https:\\\/\\\/dntagro.com\\\/wp-content\\\/uploads\\\/2025\\\/10\\\/dntagro-menu.png\",\"width\":170,\"height\":100,\"caption\":\"DNT Agro\"},\"image\":{\"@id\":\"https:\\\/\\\/dntagro.com\\\/fr\\\/#\\\/schema\\\/logo\\\/image\\\/\"}}]}<\/script>\n<!-- \/ Yoast SEO plugin. -->","yoast_head_json":{"title":"CICLE DE VIE - DNT Agro","description":"El an\u00e1lisis de Ciclo de Vida eval\u00faa los impactos ambientales de un producto, proceso o actividad desde su origen hasta su desecho.\u00a0","robots":{"index":"index","follow":"follow","max-snippet":"max-snippet:-1","max-image-preview":"max-image-preview:large","max-video-preview":"max-video-preview:-1"},"canonical":"https:\/\/dntagro.com\/fr\/cicle-de-vie\/","og_locale":"fr_FR","og_type":"article","og_title":"CICLE DE VIE - DNT Agro","og_description":"El an\u00e1lisis de Ciclo de Vida eval\u00faa los impactos ambientales de un producto, proceso o actividad desde su origen hasta su desecho.\u00a0","og_url":"https:\/\/dntagro.com\/fr\/cicle-de-vie\/","og_site_name":"DNT Agro","article_modified_time":"2025-11-04T08:25:18+00:00","og_image":[{"width":1986,"height":568,"url":"https:\/\/dntagro.com\/wp-content\/uploads\/2025\/09\/banner-portada-ciclo-de-vida.jpg","type":"image\/jpeg"}],"twitter_card":"summary_large_image","twitter_misc":{"Dur\u00e9e de lecture estim\u00e9e":"2 minutes"},"schema":{"@context":"https:\/\/schema.org","@graph":[{"@type":"WebPage","@id":"https:\/\/dntagro.com\/fr\/cicle-de-vie\/","url":"https:\/\/dntagro.com\/fr\/cicle-de-vie\/","name":"CICLE DE VIE - DNT Agro","isPartOf":{"@id":"https:\/\/dntagro.com\/fr\/#website"},"primaryImageOfPage":{"@id":"https:\/\/dntagro.com\/fr\/cicle-de-vie\/#primaryimage"},"image":{"@id":"https:\/\/dntagro.com\/fr\/cicle-de-vie\/#primaryimage"},"thumbnailUrl":"https:\/\/dntagro.com\/wp-content\/uploads\/2025\/09\/banner-portada-ciclo-de-vida.jpg","datePublished":"2024-09-17T07:27:53+00:00","dateModified":"2025-11-04T08:25:18+00:00","description":"El an\u00e1lisis de Ciclo de Vida eval\u00faa los impactos ambientales de un producto, proceso o actividad desde su origen hasta su desecho.\u00a0","breadcrumb":{"@id":"https:\/\/dntagro.com\/fr\/cicle-de-vie\/#breadcrumb"},"inLanguage":"fr-FR","potentialAction":[{"@type":"ReadAction","target":["https:\/\/dntagro.com\/fr\/cicle-de-vie\/"]}]},{"@type":"ImageObject","inLanguage":"fr-FR","@id":"https:\/\/dntagro.com\/fr\/cicle-de-vie\/#primaryimage","url":"https:\/\/dntagro.com\/wp-content\/uploads\/2025\/09\/banner-portada-ciclo-de-vida.jpg","contentUrl":"https:\/\/dntagro.com\/wp-content\/uploads\/2025\/09\/banner-portada-ciclo-de-vida.jpg","width":1986,"height":568},{"@type":"BreadcrumbList","@id":"https:\/\/dntagro.com\/fr\/cicle-de-vie\/#breadcrumb","itemListElement":[{"@type":"ListItem","position":1,"name":"Portada","item":"https:\/\/dntagro.com\/fr\/"},{"@type":"ListItem","position":2,"name":"CICLE DE VIE"}]},{"@type":"WebSite","@id":"https:\/\/dntagro.com\/fr\/#website","url":"https:\/\/dntagro.com\/fr\/","name":"DNT Agro","description":"DNT AGRO es la l\u00ednea de no tejidos y complementos para la protecci\u00f3n y el control biol\u00f3gico y t\u00e9rmico de \u00e1rboles, cultivos y plantas.","publisher":{"@id":"https:\/\/dntagro.com\/fr\/#organization"},"potentialAction":[{"@type":"SearchAction","target":{"@type":"EntryPoint","urlTemplate":"https:\/\/dntagro.com\/fr\/?s={search_term_string}"},"query-input":{"@type":"PropertyValueSpecification","valueRequired":true,"valueName":"search_term_string"}}],"inLanguage":"fr-FR"},{"@type":"Organization","@id":"https:\/\/dntagro.com\/fr\/#organization","name":"DNT Agro","url":"https:\/\/dntagro.com\/fr\/","logo":{"@type":"ImageObject","inLanguage":"fr-FR","@id":"https:\/\/dntagro.com\/fr\/#\/schema\/logo\/image\/","url":"https:\/\/dntagro.com\/wp-content\/uploads\/2025\/10\/dntagro-menu.png","contentUrl":"https:\/\/dntagro.com\/wp-content\/uploads\/2025\/10\/dntagro-menu.png","width":170,"height":100,"caption":"DNT Agro"},"image":{"@id":"https:\/\/dntagro.com\/fr\/#\/schema\/logo\/image\/"}}]}},"_links":{"self":[{"href":"https:\/\/dntagro.com\/fr\/wp-json\/wp\/v2\/pages\/17547","targetHints":{"allow":["GET"]}}],"collection":[{"href":"https:\/\/dntagro.com\/fr\/wp-json\/wp\/v2\/pages"}],"about":[{"href":"https:\/\/dntagro.com\/fr\/wp-json\/wp\/v2\/types\/page"}],"author":[{"embeddable":true,"href":"https:\/\/dntagro.com\/fr\/wp-json\/wp\/v2\/users\/14"}],"replies":[{"embeddable":true,"href":"https:\/\/dntagro.com\/fr\/wp-json\/wp\/v2\/comments?post=17547"}],"version-history":[{"count":0,"href":"https:\/\/dntagro.com\/fr\/wp-json\/wp\/v2\/pages\/17547\/revisions"}],"wp:featuredmedia":[{"embeddable":true,"href":"https:\/\/dntagro.com\/fr\/wp-json\/wp\/v2\/media\/16895"}],"wp:attachment":[{"href":"https:\/\/dntagro.com\/fr\/wp-json\/wp\/v2\/media?parent=17547"}],"curies":[{"name":"wp","href":"https:\/\/api.w.org\/{rel}","templated":true}]}}