{"id":17521,"date":"2021-09-29T16:24:02","date_gmt":"2021-09-29T14:24:02","guid":{"rendered":"https:\/\/www2.dntagro.com\/sobre-nosotros\/"},"modified":"2025-10-07T12:38:39","modified_gmt":"2025-10-07T10:38:39","slug":"a-propos-de-nous","status":"publish","type":"page","link":"https:\/\/dntagro.com\/fr\/a-propos-de-nous\/","title":{"rendered":"\u00c0 propos de nous"},"content":{"rendered":"<div class=\"gb-grid-wrapper gb-grid-wrapper-01bf3daa\">\n<div class=\"gb-grid-column gb-grid-column-1aba5aaa\"><div class=\"gb-container gb-container-1aba5aaa\"><div class=\"gb-inside-container\">\n\n<p><strong>DNT Agro<\/strong> est la branche d&#8217;activit\u00e9 de <a href=\"https:\/\/dntnonwovenfabrics.com\/fr\/\">DNT Non Woven Fabrics<\/a>, sp\u00e9cialis\u00e9e dans les non-tiss\u00e9s techniques pour la protection des cultures et la lutte biologique et thermique. Nous proposons une solution optimale et durable, adapt\u00e9e aux besoins sp\u00e9cifiques de chaque culture, afin de maximiser le rendement, d&#8217;am\u00e9liorer l&#8217;efficacit\u00e9 de la production et de contribuer au d\u00e9veloppement d&#8217;une agriculture prot\u00e9g\u00e9e et respectueuse de l&#8217;environnement.<\/p>\n\n\n\n<p><strong>DNT Non Woven Fabrics<\/strong> est le principal fabricant de non-tiss\u00e9s, fort de plus de 30 ans d&#8217;exp\u00e9rience consolid\u00e9e sur le march\u00e9 industriel. Il fait partie du <a href=\"https:\/\/notejido.com\/fr\/\">groupe Dise\u00f1os NT<\/a>, un groupe d&#8217;entreprises solide situ\u00e9 \u00e0 Alcal\u00e1 la Real (Ja\u00e9n). Elle se consacre principalement \u00e0 la fabrication de non-tiss\u00e9s techniques pour des secteurs tels que l&#8217;agriculture, la sant\u00e9, l&#8217;absorption, l&#8217;agroalimentaire et l&#8217;h\u00f4tellerie, la construction et l&#8217;industrie, entre autres. Elle propose des solutions efficaces et durables adapt\u00e9es aux besoins de chaque march\u00e9.<\/p>\n\n<\/div><\/div><\/div>\n\n<div class=\"gb-grid-column gb-grid-column-a21c9c48\"><div class=\"gb-container gb-container-a21c9c48\"><div class=\"gb-inside-container\">\n\n<figure class=\"wp-block-image size-full\"><img decoding=\"async\" width=\"1920\" height=\"1080\" src=\"https:\/\/dntagro.com\/wp-content\/uploads\/2025\/08\/sobre-nosotros--quienes-somos-no-definitivo.jpg\" alt=\"Sobre Nosotros. Quienes Somos (no Definitivo)\" class=\"wp-image-16731\" style=\"aspect-ratio:4\/3;object-fit:cover\"\/><\/figure>\n\n<\/div><\/div><\/div>\n<\/div>\n\n<div class=\"gb-container gb-container-1b1a7f76 alignfull\"><div class=\"gb-inside-container\">\n\n<h2 class=\"gb-headline gb-headline-bc5c163b gb-headline-text\">Nos chiffres<\/h2>\n\n\n<div class=\"gb-container gb-container-d039148d\">\n\n<p><strong>DNT Agro<\/strong>, en tant que partie de DNT Non Woven Fabrics, fait partie d&#8217;un groupe d&#8217;entreprises consolid\u00e9 compos\u00e9 de six soci\u00e9t\u00e9s dont les activit\u00e9s sont li\u00e9es \u00e0 la soci\u00e9t\u00e9 m\u00e8re, Dise\u00f1os NT.<\/p>\n\n<\/div>\n<\/div><\/div>\n\n<div class=\"gb-container gb-container-f1caeadd alignfull\"><div class=\"gb-inside-container\">\n<div class=\"gb-grid-wrapper gb-grid-wrapper-dcb8a04f\">\n<div class=\"gb-grid-column gb-grid-column-1148862f\"><div class=\"gb-container gb-container-1148862f\">\n\n<h3 class=\"gb-headline gb-headline-1eb902c8 gb-headline-text\">+10<\/h3>\n\n\n\n<h3 class=\"gb-headline gb-headline-a174898a gb-headline-text\">certificats<\/h3>\n\n<\/div><\/div>\n\n<div class=\"gb-grid-column gb-grid-column-28704380\"><div class=\"gb-container gb-container-28704380\">\n\n<h3 class=\"gb-headline gb-headline-59edd8b9 gb-headline-text\">+18.000m<sup>2<\/sup><\/h3>\n\n\n\n<h3 class=\"gb-headline gb-headline-9bfa8836 gb-headline-text\">d&#8217;installacions<\/h3>\n\n<\/div><\/div>\n\n<div class=\"gb-grid-column gb-grid-column-dca8570f\"><div class=\"gb-container gb-container-dca8570f\">\n\n<h3 class=\"gb-headline gb-headline-23cb1e67 gb-headline-text\">2 usines<\/h3>\n\n\n\n<h3 class=\"gb-headline gb-headline-db2c6b87 gb-headline-text\">de production<\/h3>\n\n<\/div><\/div>\n\n<div class=\"gb-grid-column gb-grid-column-75f2ea11\"><div class=\"gb-container gb-container-75f2ea11\">\n\n<h3 class=\"gb-headline gb-headline-3ab91238 gb-headline-text\">+60<\/h3>\n\n\n\n<h3 class=\"gb-headline gb-headline-b33a1d1e gb-headline-text\">employ\u00e9s qualifi\u00e9s<\/h3>\n\n<\/div><\/div>\n\n<div class=\"gb-grid-column gb-grid-column-7c2ae57a\"><div class=\"gb-container gb-container-7c2ae57a\">\n\n<h3 class=\"gb-headline gb-headline-e2272a37 gb-headline-text\">+5.000 tonnes de production totale<\/h3>\n\n<\/div><\/div>\n\n<div class=\"gb-grid-column gb-grid-column-7ecc26ca\"><div class=\"gb-container gb-container-7ecc26ca\">\n\n<h3 class=\"gb-headline gb-headline-3ff75a8a gb-headline-text\">4 brevets en technologie d&#8217;extrusion<\/h3>\n\n<\/div><\/div>\n<\/div>\n<\/div><\/div>\n\n<div class=\"gb-container gb-container-2bf3e6de\">\n<div class=\"gb-container gb-container-9b2f2a05\">\n<div class=\"gb-container gb-container-1095a7f6\">\n\n<h2 class=\"gb-headline gb-headline-db95fb41 gb-headline-text\">Notre objetif<\/h2>\n\n<\/div>\n\n<div class=\"gb-container gb-container-5cbabdac\">\n<div class=\"gb-grid-wrapper gb-grid-wrapper-03d4d0e1\" data-view=\"2\" data-res-view=\"1\" data-buttons=\"bullets\" data-autoplay=\"2500\">\n<div class=\"gb-grid-column gb-grid-column-2a63f760\"><div class=\"gb-container gb-container-2a63f760\">\n\n<h3 class=\"gb-headline gb-headline-c7313d64 gb-headline-text\">Mission<\/h3>\n\n\n\n<p style=\"font-size:16px\">Notre mission est de d\u00e9velopper des solutions techniques non tiss\u00e9es innovantes et durables qui apportent une r\u00e9elle valeur au secteur agricole, en am\u00e9liorant le rendement, la protection et l&#8217;efficacit\u00e9 de chaque culture.<\/p>\n\n<\/div><\/div>\n\n<div class=\"gb-grid-column gb-grid-column-1fd6be0c\"><div class=\"gb-container gb-container-1fd6be0c\">\n\n<h3 class=\"gb-headline gb-headline-d1dc9c60 gb-headline-text\">Vision<\/h3>\n\n\n\n<p style=\"font-size:16px\">Notre vision est d\u2019\u00eatre un leader international des solutions non tiss\u00e9es pour l\u2019agriculture, offrant innovation, durabilit\u00e9 et valeur ajout\u00e9e \u00e0 chaque culture.<\/p>\n\n<\/div><\/div>\n\n<div class=\"gb-grid-column gb-grid-column-61bc1ae4\"><div class=\"gb-container gb-container-61bc1ae4\">\n\n<h3 class=\"gb-headline gb-headline-c7484458 gb-headline-text\">Valeurs<\/h3>\n\n\n\n<ul class=\"wp-block-list\">\n<li><strong>Responsabilit\u00e9 sociale : <\/strong>Nous nous engageons pour le bien-\u00eatre de notre communaut\u00e9, en promouvant des pratiques \u00e0 fort impact positif sur la soci\u00e9t\u00e9.<\/li>\n\n\n\n<li><strong>Orientation client : <\/strong>Nous \u00e9coutons activement nos clients, favorisant une relation de confiance et de proximit\u00e9 pour proposer des solutions sur mesure qui optimisent leur exp\u00e9rience et leurs r\u00e9sultats.<\/li>\n\n\n\n<li><strong>Innovation : <\/strong>Nous d\u00e9veloppons des produits pionniers qui r\u00e9pondent aux besoins du march\u00e9.<\/li>\n\n\n\n<li><strong>Qualit\u00e9 : <\/strong>Nous garantissons des solutions performantes, durables et durables<\/li>\n\n\n\n<li><strong>D\u00e9veloppement durable\u00a0: <\/strong>Nous transformons les d\u00e9chets en nouvelles ressources et mettons en \u0153uvre des pratiques d&#8217;\u00e9conomie circulaire pour minimiser notre impact environnemental. Solutions pour l&#8217;agriculture biologique.<\/li>\n<\/ul>\n\n<\/div><\/div>\n<\/div>\n<\/div>\n<\/div>\n<\/div>\n\n<div class=\"gb-container gb-container-ba2ca10c alignfull\"><div class=\"gb-inside-container\">\n<div class=\"gb-container gb-container-3d32ad3b historia alignfull\"><div class=\"gb-inside-container\">\n<div class=\"gb-container gb-container-891a7b4e historia-1\"><div class=\"gb-inside-container\">\n<div class=\"gb-grid-wrapper gb-grid-wrapper-e0bf2a73\">\n<div class=\"gb-grid-column gb-grid-column-59d7b47a\"><div class=\"gb-container gb-container-59d7b47a\"><div class=\"gb-inside-container\">\n<div class=\"gb-grid-wrapper gb-grid-wrapper-350f8329\">\n<div class=\"gb-grid-column gb-grid-column-cef544cd\"><div class=\"gb-container gb-container-cef544cd\"><div class=\"gb-inside-container\">\n\n<h2 class=\"gb-headline gb-headline-1c43ec69 gb-headline-text\"><br>Punto de partida<\/h2>\n\n<\/div><\/div><\/div>\n<\/div>\n\n\n<p class=\"has-text-align-left\">Fundaci\u00f3n de Dise\u00f1os NT. Dise\u00f1o y Aplicaciones del No-Tejido S.L<br><\/p>\n\n\n\n<p class=\"has-text-align-left\"><\/p>\n\n<\/div><\/div><\/div>\n\n<div class=\"gb-grid-column gb-grid-column-006d8876\"><div class=\"gb-container gb-container-006d8876\"><div class=\"gb-inside-container\"><\/div><\/div><\/div>\n<\/div>\n<\/div><\/div>\n\n<div class=\"gb-container gb-container-aa36bfec historia-2\"><div class=\"gb-inside-container\">\n<div class=\"gb-grid-wrapper gb-grid-wrapper-b54771d5\">\n<div class=\"gb-grid-column gb-grid-column-2ea788bd\"><div class=\"gb-container gb-container-2ea788bd\"><div class=\"gb-inside-container\"><\/div><\/div><\/div>\n\n<div class=\"gb-grid-column gb-grid-column-5d0f6453\"><div class=\"gb-container gb-container-5d0f6453\"><div class=\"gb-inside-container\">\n<div class=\"gb-container gb-container-ae87c632\"><div class=\"gb-inside-container\">\n<div class=\"gb-grid-wrapper gb-grid-wrapper-2c8f8a58\">\n<div class=\"gb-grid-column gb-grid-column-64ddae5a\"><div class=\"gb-container gb-container-64ddae5a\"><div class=\"gb-inside-container\">\n\n<h2 class=\"gb-headline gb-headline-402878b0 gb-headline-text\"><br><strong>Fundaci\u00f3n de DNT Non Woven Fabrics<\/strong><\/h2>\n\n<\/div><\/div><\/div>\n<\/div>\n\n\n<p><\/p>\n\n\n\n<p class=\"has-text-align-left\">Abrimos nuestras instalaciones en Alcal\u00e1 la Real (Ja\u00e9n) con una moderna l\u00ednea de extrusi\u00f3n de polipropileno (240cm) de \u00faltima tecnolog\u00eda y unos <a href=\"https:\/\/mknotejido@www.notejido.com\/mk\/01%20C%C3%B3dito%20de%20Conducta%20y%20%C3%89tica_%20ESP_%20Rev2%20012024.pdf\">valores<\/a> marcados.<\/p>\n\n\n\n<p class=\"has-text-align-left\"><\/p>\n\n<\/div><\/div>\n<\/div><\/div><\/div>\n<\/div>\n<\/div><\/div>\n\n<div class=\"gb-container gb-container-6f527ff9 historia-3\"><div class=\"gb-inside-container\">\n<div class=\"gb-grid-wrapper gb-grid-wrapper-4fd72ad0\">\n<div class=\"gb-grid-column gb-grid-column-e30f4373\"><div class=\"gb-container gb-container-e30f4373\"><div class=\"gb-inside-container\">\n<div class=\"gb-container gb-container-5f78b235\"><div class=\"gb-inside-container\">\n<div class=\"gb-grid-wrapper gb-grid-wrapper-b62d9ffe\">\n<div class=\"gb-grid-column gb-grid-column-7f9234b8\"><div class=\"gb-container gb-container-7f9234b8\"><div class=\"gb-inside-container\"><\/div><\/div><\/div>\n\n<div class=\"gb-grid-column gb-grid-column-1362094b\"><div class=\"gb-container gb-container-1362094b\"><div class=\"gb-inside-container\">\n\n<h2 class=\"gb-headline gb-headline-bb28b846 gb-headline-text\"><br><strong>Nueva l\u00ednea Spunbond<\/strong><\/h2>\n\n<\/div><\/div><\/div>\n<\/div>\n\n\n<p class=\"has-text-align-left\">Introducci\u00f3n de nueva l\u00ednea Spunbond con un ancho m\u00e1s vers\u00e1til de 160m<br><\/p>\n\n<\/div><\/div>\n<\/div><\/div><\/div>\n\n<div class=\"gb-grid-column gb-grid-column-3552de63\"><div class=\"gb-container gb-container-3552de63\"><div class=\"gb-inside-container\">\n<div class=\"gb-container gb-container-be18ff77\"><div class=\"gb-inside-container\">\n\n<div style=\"height:100px\" aria-hidden=\"true\" class=\"wp-block-spacer\"><\/div>\n\n<\/div><\/div>\n<\/div><\/div><\/div>\n<\/div>\n<\/div><\/div>\n\n<div class=\"gb-container gb-container-03a29f46 historia-5\"><div class=\"gb-inside-container\">\n<div class=\"gb-grid-wrapper gb-grid-wrapper-6bb2c715\">\n<div class=\"gb-grid-column gb-grid-column-afc12775\"><div class=\"gb-container gb-container-afc12775\"><div class=\"gb-inside-container\"><\/div><\/div><\/div>\n\n<div class=\"gb-grid-column gb-grid-column-d1526f54\"><div class=\"gb-container gb-container-d1526f54\"><div class=\"gb-inside-container\">\n<div class=\"gb-grid-wrapper gb-grid-wrapper-11bce2e0\">\n<div class=\"gb-grid-column gb-grid-column-6e8ee039\"><div class=\"gb-container gb-container-6e8ee039\"><div class=\"gb-inside-container\"><\/div><\/div><\/div>\n\n<div class=\"gb-grid-column gb-grid-column-6ccc83e1\"><div class=\"gb-container gb-container-6ccc83e1\"><div class=\"gb-inside-container\">\n\n<h2 class=\"gb-headline gb-headline-c0c9b6e0 gb-headline-text\"><br><strong>Desarrollo de no tejido DNT Recycled Bond<\/strong><\/h2>\n\n<\/div><\/div><\/div>\n<\/div>\n\n\n<p class=\"has-text-align-left\">No tejido Spunbond fabricado con 50-70% de material reciclado, un modelo de producci\u00f3n y consumo sostenible.<\/p>\n\n<\/div><\/div><\/div>\n\n<div class=\"gb-grid-column gb-grid-column-2602071d\"><div class=\"gb-container gb-container-2602071d\"><div class=\"gb-inside-container\"><\/div><\/div><\/div>\n<\/div>\n<\/div><\/div>\n\n<div class=\"gb-container gb-container-11ee34d3 historia-6\"><div class=\"gb-inside-container\">\n<div class=\"gb-grid-wrapper gb-grid-wrapper-3f78944c\">\n<div class=\"gb-grid-column gb-grid-column-21be3aab\"><div class=\"gb-container gb-container-21be3aab\"><div class=\"gb-inside-container\">\n<div class=\"gb-grid-wrapper gb-grid-wrapper-9596bd6e\">\n<div class=\"gb-grid-column gb-grid-column-c46b701b\"><div class=\"gb-container gb-container-c46b701b\"><div class=\"gb-inside-container\"><\/div><\/div><\/div>\n\n<div class=\"gb-grid-column gb-grid-column-9c471cfd\"><div class=\"gb-container gb-container-9c471cfd\"><div class=\"gb-inside-container\">\n\n<h2 class=\"gb-headline gb-headline-89368d6f gb-headline-text\"><br><strong>Meltblown y Extrusi\u00f3n Coating<\/strong><\/h2>\n\n<\/div><\/div><\/div>\n<\/div>\n\n\n<p class=\"has-text-align-left\">Implementaci\u00f3n de dos nuevas l\u00edneas de Meltblown y Extrusion Coating.<br><br><\/p>\n\n\n\n<p class=\"has-text-align-left\"><\/p>\n\n<\/div><\/div><\/div>\n\n<div class=\"gb-grid-column gb-grid-column-d2a1b705\"><div class=\"gb-container gb-container-d2a1b705\"><div class=\"gb-inside-container\"><\/div><\/div><\/div>\n<\/div>\n<\/div><\/div>\n\n<div class=\"gb-container gb-container-2b71f576 historia-7\"><div class=\"gb-inside-container\">\n<div class=\"gb-grid-wrapper gb-grid-wrapper-06262838\">\n<div class=\"gb-grid-column gb-grid-column-27308465\"><div class=\"gb-container gb-container-27308465\"><div class=\"gb-inside-container\"><\/div><\/div><\/div>\n\n<div class=\"gb-grid-column gb-grid-column-6e3d9ea6\"><div class=\"gb-container gb-container-6e3d9ea6\"><div class=\"gb-inside-container\">\n<div class=\"gb-grid-wrapper gb-grid-wrapper-f3763fec\">\n<div class=\"gb-grid-column gb-grid-column-7527c47c\"><div class=\"gb-container gb-container-7527c47c\"><div class=\"gb-inside-container\">\n\n<h2 class=\"gb-headline gb-headline-7a4a70e2 gb-headline-text\"><br><strong>SMS<\/strong><\/h2>\n\n<\/div><\/div><\/div>\n<\/div>\n\n\n<p class=\"has-text-align-left\">Implementaci\u00f3n de una nueva l\u00ednea de SMS, no tejido de mayor cubrici\u00f3n y con una barrera filtrante.<\/p>\n\n<\/div><\/div><\/div>\n\n<div class=\"gb-grid-column gb-grid-column-4e4000e6\"><div class=\"gb-container gb-container-4e4000e6\"><div class=\"gb-inside-container\"><\/div><\/div><\/div>\n<\/div>\n<\/div><\/div>\n\n<div class=\"gb-container gb-container-4343b757 historia-8\"><div class=\"gb-inside-container\">\n<div class=\"gb-grid-wrapper gb-grid-wrapper-9d36db0f\">\n<div class=\"gb-grid-column gb-grid-column-e72d52d5\"><div class=\"gb-container gb-container-e72d52d5\"><div class=\"gb-inside-container\">\n<div class=\"gb-container gb-container-09ca65c9\"><div class=\"gb-inside-container\">\n<div class=\"gb-grid-wrapper gb-grid-wrapper-ec4ff69c\">\n<div class=\"gb-grid-column gb-grid-column-e63482e1\"><div class=\"gb-container gb-container-e63482e1\"><div class=\"gb-inside-container\"><\/div><\/div><\/div>\n\n<div class=\"gb-grid-column gb-grid-column-0976bfc8\"><div class=\"gb-container gb-container-0976bfc8\"><div class=\"gb-inside-container\">\n\n<h2 class=\"gb-headline gb-headline-26c69ff3 gb-headline-text\"><br><strong><strong>Recicladora<\/strong><\/strong><\/h2>\n\n<\/div><\/div><\/div>\n<\/div>\n\n\n<p class=\"has-text-align-left\">Promovemos la econom\u00eda circular, optimizaci\u00f3n de recursos, reducci\u00f3n en el consumo de materias primas y aprovechamiento de los residuos.<br><\/p>\n\n<\/div><\/div>\n<\/div><\/div><\/div>\n\n<div class=\"gb-grid-column gb-grid-column-dba0ad57\"><div class=\"gb-container gb-container-dba0ad57\"><div class=\"gb-inside-container\">\n<div class=\"gb-container gb-container-902017db\"><div class=\"gb-inside-container\">\n\n<div style=\"height:100px\" aria-hidden=\"true\" class=\"wp-block-spacer\"><\/div>\n\n<\/div><\/div>\n<\/div><\/div><\/div>\n<\/div>\n<\/div><\/div>\n<\/div><\/div>\n<\/div><\/div>\n\n\n<p><\/p>\n","protected":false},"excerpt":{"rendered":"<p>Nos chiffres DNT Agro, en tant que partie de DNT Non Woven Fabrics, fait partie d&#8217;un groupe d&#8217;entreprises consolid\u00e9 compos\u00e9 de six soci\u00e9t\u00e9s dont les activit\u00e9s sont li\u00e9es \u00e0 la soci\u00e9t\u00e9 m\u00e8re, Dise\u00f1os NT. Notre objetif<\/p>\n","protected":false},"author":14,"featured_media":16729,"parent":0,"menu_order":0,"comment_status":"closed","ping_status":"closed","template":"","meta":{"inline_featured_image":false,"footnotes":""},"class_list":["post-17521","page","type-page","status-publish","has-post-thumbnail"],"yoast_head":"<!-- This site is optimized with the Yoast SEO plugin v27.4 - https:\/\/yoast.com\/product\/yoast-seo-wordpress\/ -->\n<title>\u00c0 propos de nous - DNT Agro<\/title>\n<meta name=\"description\" content=\"Fundada en 2015 con sede en Alcal\u00e1 la Real (Ja\u00e9n), l\u00edderes en la fabricaci\u00f3n de tejidos no tejidos (non woven) de alta calidad.\" \/>\n<meta name=\"robots\" content=\"index, follow, max-snippet:-1, max-image-preview:large, max-video-preview:-1\" \/>\n<link rel=\"canonical\" href=\"https:\/\/dntagro.com\/fr\/a-propos-de-nous\/\" \/>\n<meta property=\"og:locale\" content=\"fr_FR\" \/>\n<meta property=\"og:type\" content=\"article\" \/>\n<meta property=\"og:title\" content=\"\u00c0 propos de nous - DNT Agro\" \/>\n<meta property=\"og:description\" content=\"Fundada en 2015 con sede en Alcal\u00e1 la Real (Ja\u00e9n), l\u00edderes en la fabricaci\u00f3n de tejidos no tejidos (non woven) de alta calidad.\" \/>\n<meta property=\"og:url\" content=\"https:\/\/dntagro.com\/fr\/a-propos-de-nous\/\" \/>\n<meta property=\"og:site_name\" content=\"DNT Agro\" \/>\n<meta property=\"article:modified_time\" content=\"2025-10-07T10:38:39+00:00\" \/>\n<meta property=\"og:image\" content=\"https:\/\/dntagro.com\/wp-content\/uploads\/2025\/08\/portada-sobre-nosotros.jpg\" \/>\n\t<meta property=\"og:image:width\" content=\"1986\" \/>\n\t<meta property=\"og:image:height\" content=\"568\" \/>\n\t<meta property=\"og:image:type\" content=\"image\/jpeg\" \/>\n<meta name=\"twitter:card\" content=\"summary_large_image\" \/>\n<meta name=\"twitter:label1\" content=\"Dur\u00e9e de lecture estim\u00e9e\" \/>\n\t<meta name=\"twitter:data1\" content=\"3 minutes\" \/>\n<script type=\"application\/ld+json\" class=\"yoast-schema-graph\">{\"@context\":\"https:\\\/\\\/schema.org\",\"@graph\":[{\"@type\":\"WebPage\",\"@id\":\"https:\\\/\\\/dntagro.com\\\/fr\\\/a-propos-de-nous\\\/\",\"url\":\"https:\\\/\\\/dntagro.com\\\/fr\\\/a-propos-de-nous\\\/\",\"name\":\"\u00c0 propos de nous - DNT Agro\",\"isPartOf\":{\"@id\":\"https:\\\/\\\/dntagro.com\\\/fr\\\/#website\"},\"primaryImageOfPage\":{\"@id\":\"https:\\\/\\\/dntagro.com\\\/fr\\\/a-propos-de-nous\\\/#primaryimage\"},\"image\":{\"@id\":\"https:\\\/\\\/dntagro.com\\\/fr\\\/a-propos-de-nous\\\/#primaryimage\"},\"thumbnailUrl\":\"https:\\\/\\\/dntagro.com\\\/wp-content\\\/uploads\\\/2025\\\/08\\\/portada-sobre-nosotros.jpg\",\"datePublished\":\"2021-09-29T14:24:02+00:00\",\"dateModified\":\"2025-10-07T10:38:39+00:00\",\"description\":\"Fundada en 2015 con sede en Alcal\u00e1 la Real (Ja\u00e9n), l\u00edderes en la fabricaci\u00f3n de tejidos no tejidos (non woven) de alta calidad.\",\"breadcrumb\":{\"@id\":\"https:\\\/\\\/dntagro.com\\\/fr\\\/a-propos-de-nous\\\/#breadcrumb\"},\"inLanguage\":\"fr-FR\",\"potentialAction\":[{\"@type\":\"ReadAction\",\"target\":[\"https:\\\/\\\/dntagro.com\\\/fr\\\/a-propos-de-nous\\\/\"]}]},{\"@type\":\"ImageObject\",\"inLanguage\":\"fr-FR\",\"@id\":\"https:\\\/\\\/dntagro.com\\\/fr\\\/a-propos-de-nous\\\/#primaryimage\",\"url\":\"https:\\\/\\\/dntagro.com\\\/wp-content\\\/uploads\\\/2025\\\/08\\\/portada-sobre-nosotros.jpg\",\"contentUrl\":\"https:\\\/\\\/dntagro.com\\\/wp-content\\\/uploads\\\/2025\\\/08\\\/portada-sobre-nosotros.jpg\",\"width\":1986,\"height\":568},{\"@type\":\"BreadcrumbList\",\"@id\":\"https:\\\/\\\/dntagro.com\\\/fr\\\/a-propos-de-nous\\\/#breadcrumb\",\"itemListElement\":[{\"@type\":\"ListItem\",\"position\":1,\"name\":\"Portada\",\"item\":\"https:\\\/\\\/dntagro.com\\\/fr\\\/\"},{\"@type\":\"ListItem\",\"position\":2,\"name\":\"\u00c0 propos de nous\"}]},{\"@type\":\"WebSite\",\"@id\":\"https:\\\/\\\/dntagro.com\\\/fr\\\/#website\",\"url\":\"https:\\\/\\\/dntagro.com\\\/fr\\\/\",\"name\":\"DNT Agro\",\"description\":\"DNT AGRO es la l\u00ednea de no tejidos y complementos para la protecci\u00f3n y el control biol\u00f3gico y t\u00e9rmico de \u00e1rboles, cultivos y plantas.\",\"publisher\":{\"@id\":\"https:\\\/\\\/dntagro.com\\\/fr\\\/#organization\"},\"potentialAction\":[{\"@type\":\"SearchAction\",\"target\":{\"@type\":\"EntryPoint\",\"urlTemplate\":\"https:\\\/\\\/dntagro.com\\\/fr\\\/?s={search_term_string}\"},\"query-input\":{\"@type\":\"PropertyValueSpecification\",\"valueRequired\":true,\"valueName\":\"search_term_string\"}}],\"inLanguage\":\"fr-FR\"},{\"@type\":\"Organization\",\"@id\":\"https:\\\/\\\/dntagro.com\\\/fr\\\/#organization\",\"name\":\"DNT Agro\",\"url\":\"https:\\\/\\\/dntagro.com\\\/fr\\\/\",\"logo\":{\"@type\":\"ImageObject\",\"inLanguage\":\"fr-FR\",\"@id\":\"https:\\\/\\\/dntagro.com\\\/fr\\\/#\\\/schema\\\/logo\\\/image\\\/\",\"url\":\"https:\\\/\\\/dntagro.com\\\/wp-content\\\/uploads\\\/2025\\\/10\\\/dntagro-menu.png\",\"contentUrl\":\"https:\\\/\\\/dntagro.com\\\/wp-content\\\/uploads\\\/2025\\\/10\\\/dntagro-menu.png\",\"width\":170,\"height\":100,\"caption\":\"DNT Agro\"},\"image\":{\"@id\":\"https:\\\/\\\/dntagro.com\\\/fr\\\/#\\\/schema\\\/logo\\\/image\\\/\"}}]}<\/script>\n<!-- \/ Yoast SEO plugin. -->","yoast_head_json":{"title":"\u00c0 propos de nous - DNT Agro","description":"Fundada en 2015 con sede en Alcal\u00e1 la Real (Ja\u00e9n), l\u00edderes en la fabricaci\u00f3n de tejidos no tejidos (non woven) de alta calidad.","robots":{"index":"index","follow":"follow","max-snippet":"max-snippet:-1","max-image-preview":"max-image-preview:large","max-video-preview":"max-video-preview:-1"},"canonical":"https:\/\/dntagro.com\/fr\/a-propos-de-nous\/","og_locale":"fr_FR","og_type":"article","og_title":"\u00c0 propos de nous - DNT Agro","og_description":"Fundada en 2015 con sede en Alcal\u00e1 la Real (Ja\u00e9n), l\u00edderes en la fabricaci\u00f3n de tejidos no tejidos (non woven) de alta calidad.","og_url":"https:\/\/dntagro.com\/fr\/a-propos-de-nous\/","og_site_name":"DNT Agro","article_modified_time":"2025-10-07T10:38:39+00:00","og_image":[{"width":1986,"height":568,"url":"https:\/\/dntagro.com\/wp-content\/uploads\/2025\/08\/portada-sobre-nosotros.jpg","type":"image\/jpeg"}],"twitter_card":"summary_large_image","twitter_misc":{"Dur\u00e9e de lecture estim\u00e9e":"3 minutes"},"schema":{"@context":"https:\/\/schema.org","@graph":[{"@type":"WebPage","@id":"https:\/\/dntagro.com\/fr\/a-propos-de-nous\/","url":"https:\/\/dntagro.com\/fr\/a-propos-de-nous\/","name":"\u00c0 propos de nous - DNT Agro","isPartOf":{"@id":"https:\/\/dntagro.com\/fr\/#website"},"primaryImageOfPage":{"@id":"https:\/\/dntagro.com\/fr\/a-propos-de-nous\/#primaryimage"},"image":{"@id":"https:\/\/dntagro.com\/fr\/a-propos-de-nous\/#primaryimage"},"thumbnailUrl":"https:\/\/dntagro.com\/wp-content\/uploads\/2025\/08\/portada-sobre-nosotros.jpg","datePublished":"2021-09-29T14:24:02+00:00","dateModified":"2025-10-07T10:38:39+00:00","description":"Fundada en 2015 con sede en Alcal\u00e1 la Real (Ja\u00e9n), l\u00edderes en la fabricaci\u00f3n de tejidos no tejidos (non woven) de alta calidad.","breadcrumb":{"@id":"https:\/\/dntagro.com\/fr\/a-propos-de-nous\/#breadcrumb"},"inLanguage":"fr-FR","potentialAction":[{"@type":"ReadAction","target":["https:\/\/dntagro.com\/fr\/a-propos-de-nous\/"]}]},{"@type":"ImageObject","inLanguage":"fr-FR","@id":"https:\/\/dntagro.com\/fr\/a-propos-de-nous\/#primaryimage","url":"https:\/\/dntagro.com\/wp-content\/uploads\/2025\/08\/portada-sobre-nosotros.jpg","contentUrl":"https:\/\/dntagro.com\/wp-content\/uploads\/2025\/08\/portada-sobre-nosotros.jpg","width":1986,"height":568},{"@type":"BreadcrumbList","@id":"https:\/\/dntagro.com\/fr\/a-propos-de-nous\/#breadcrumb","itemListElement":[{"@type":"ListItem","position":1,"name":"Portada","item":"https:\/\/dntagro.com\/fr\/"},{"@type":"ListItem","position":2,"name":"\u00c0 propos de nous"}]},{"@type":"WebSite","@id":"https:\/\/dntagro.com\/fr\/#website","url":"https:\/\/dntagro.com\/fr\/","name":"DNT Agro","description":"DNT AGRO es la l\u00ednea de no tejidos y complementos para la protecci\u00f3n y el control biol\u00f3gico y t\u00e9rmico de \u00e1rboles, cultivos y plantas.","publisher":{"@id":"https:\/\/dntagro.com\/fr\/#organization"},"potentialAction":[{"@type":"SearchAction","target":{"@type":"EntryPoint","urlTemplate":"https:\/\/dntagro.com\/fr\/?s={search_term_string}"},"query-input":{"@type":"PropertyValueSpecification","valueRequired":true,"valueName":"search_term_string"}}],"inLanguage":"fr-FR"},{"@type":"Organization","@id":"https:\/\/dntagro.com\/fr\/#organization","name":"DNT Agro","url":"https:\/\/dntagro.com\/fr\/","logo":{"@type":"ImageObject","inLanguage":"fr-FR","@id":"https:\/\/dntagro.com\/fr\/#\/schema\/logo\/image\/","url":"https:\/\/dntagro.com\/wp-content\/uploads\/2025\/10\/dntagro-menu.png","contentUrl":"https:\/\/dntagro.com\/wp-content\/uploads\/2025\/10\/dntagro-menu.png","width":170,"height":100,"caption":"DNT Agro"},"image":{"@id":"https:\/\/dntagro.com\/fr\/#\/schema\/logo\/image\/"}}]}},"_links":{"self":[{"href":"https:\/\/dntagro.com\/fr\/wp-json\/wp\/v2\/pages\/17521","targetHints":{"allow":["GET"]}}],"collection":[{"href":"https:\/\/dntagro.com\/fr\/wp-json\/wp\/v2\/pages"}],"about":[{"href":"https:\/\/dntagro.com\/fr\/wp-json\/wp\/v2\/types\/page"}],"author":[{"embeddable":true,"href":"https:\/\/dntagro.com\/fr\/wp-json\/wp\/v2\/users\/14"}],"replies":[{"embeddable":true,"href":"https:\/\/dntagro.com\/fr\/wp-json\/wp\/v2\/comments?post=17521"}],"version-history":[{"count":0,"href":"https:\/\/dntagro.com\/fr\/wp-json\/wp\/v2\/pages\/17521\/revisions"}],"wp:featuredmedia":[{"embeddable":true,"href":"https:\/\/dntagro.com\/fr\/wp-json\/wp\/v2\/media\/16729"}],"wp:attachment":[{"href":"https:\/\/dntagro.com\/fr\/wp-json\/wp\/v2\/media?parent=17521"}],"curies":[{"name":"wp","href":"https:\/\/api.w.org\/{rel}","templated":true}]}}