{"id":17517,"date":"2021-10-13T22:15:43","date_gmt":"2021-10-13T20:15:43","guid":{"rendered":"https:\/\/www2.dntagro.com\/economia-circular-2\/"},"modified":"2025-10-14T11:25:18","modified_gmt":"2025-10-14T09:25:18","slug":"economie-cirularie","status":"publish","type":"page","link":"https:\/\/dntagro.com\/fr\/economie-cirularie\/","title":{"rendered":"\u00c9conomie circulaire"},"content":{"rendered":"<div class=\"gb-container gb-container-8cc865b8\"><div class=\"gb-inside-container\">\n\n<p class=\"has-text-align-center\">Notre syst\u00e8me de production int\u00e8gre le concept <strong>d&#8217;\u00e9conomie circulaire<\/strong>. Ce mod\u00e8le de production et de consommation garantit une <a href=\"https:\/\/dntagro.com\/fr\">croissance durable <\/a>en favorisant l&#8217;optimisation des ressources, la r\u00e9duction de la consommation de mati\u00e8res premi\u00e8res et la r\u00e9utilisation des d\u00e9chets pour leur donner une nouvelle vie.<\/p>\n\n\n\n<div style=\"height:30px\" aria-hidden=\"true\" class=\"wp-block-spacer hide-on-mobile\"><\/div>\n\n\n<div class=\"gb-container gb-container-3939dbf1 bloque-fondos\"><div class=\"gb-inside-container\">\n<div class=\"gb-grid-wrapper gb-grid-wrapper-9443645c\">\n<div class=\"gb-grid-column gb-grid-column-4ef543e7\"><div class=\"gb-container gb-container-4ef543e7 imagen-centrar\"><div class=\"gb-inside-container\"><\/div><\/div><\/div>\n\n<div class=\"gb-grid-column gb-grid-column-48747999\"><div class=\"gb-container gb-container-48747999 menu-carta\"><div class=\"gb-inside-container\">\n\n<h2 class=\"gb-headline gb-headline-fcd3a86f gb-headline-text\"><br>NOUS R\u00c9DUISONS L\u2019EMPREINTE CARBONE<\/h2>\n\n\n\n<h3 class=\"gb-headline gb-headline-9c81a963 gb-headline-text\">SOLUTION CONTRE LES IMPOR<br><\/h3>\n\n\n\n<p>\u00c9vitez les importations et obtenez des produits europ\u00e9ens de haute qualit\u00e9. Nous contr\u00f4lons toutes les phases de la cha\u00eene de production, depuis la fabrication des mati\u00e8res premi\u00e8res jusqu\u2019\u00e0 la transformation en produit final. Un syst\u00e8me de gestion qui garantit la qualit\u00e9 de tous nos produits. Livraisons rapides et programmables. Offre sp\u00e9ciale pour les gros volumes. Gagnez du temps et des efforts avec nous. Merci de nous avoir choisi!<\/p>\n\n<\/div><\/div><\/div>\n\n<div class=\"gb-grid-column gb-grid-column-34198529\"><div class=\"gb-container gb-container-34198529 fondo-ham\"><div class=\"gb-inside-container\">\n\n<h2 class=\"gb-headline gb-headline-e1115811 gb-headline-text\">RECICLEUR<\/h2>\n\n\n\n<h3 class=\"gb-headline gb-headline-a5cf5986 gb-headline-text\">RECYCLE NON WOVEN<\/h3>\n\n\n\n<p>Chez DNT Non tiss\u00e9 Fabrics, nous r\u00e9cup\u00e9rons les restes de non-tiss\u00e9s, les transformons en granul\u00e9s de polypropyl\u00e8ne et les r\u00e9incorporons dans notre processus de fabrication <strong>DNT Bond Recycled<\/strong>. Nous transformons les d\u00e9chets en nouvelles ressources.<\/p>\n\n<\/div><\/div><\/div>\n\n<div class=\"gb-grid-column gb-grid-column-480e6f00\"><div class=\"gb-container gb-container-480e6f00\"><div class=\"gb-inside-container\">\n\n<figure class=\"wp-block-video\"><video autoplay loop muted src=\"https:\/\/www.cedecom.net\/cedecom\/previos\/DNT_ECONOMIA_CIRCULAR.mp4\"><\/video><\/figure>\n\n<\/div><\/div><\/div>\n\n<div class=\"gb-grid-column gb-grid-column-d732ee79\"><div class=\"gb-container gb-container-d732ee79 imagen-centrar\"><div class=\"gb-inside-container\"><\/div><\/div><\/div>\n\n<div class=\"gb-grid-column gb-grid-column-1d0e64a1\"><div class=\"gb-container gb-container-1d0e64a1 menu-carta\"><div class=\"gb-inside-container\">\n\n<h2 class=\"gb-headline gb-headline-019d3e99 gb-headline-text\"><br>L\u2019EFFICACIT\u00c9 \u00c9NERG\u00c9TIQUE<\/h2>\n\n\n\n<p>En tant qu\u2019entreprise certifi\u00e9e ISO 50001, nous nous engageons \u00e0 optimiser nos ressources \u00e9nerg\u00e9tiques, \u00e0 promouvoir la transparence dans la gestion de l\u2019efficacit\u00e9 \u00e9nerg\u00e9tique et \u00e0 encourager les meilleures pratiques au sein de notre organisation.<\/p>\n\n<\/div><\/div><\/div>\n<\/div>\n\n\n<div style=\"height:49px\" aria-hidden=\"true\" class=\"wp-block-spacer\"><\/div>\n\n<\/div><\/div>\n<\/div><\/div>\n\n\n<div style=\"height:30px\" aria-hidden=\"true\" class=\"wp-block-spacer\"><\/div>\n","protected":false},"excerpt":{"rendered":"<p>Notre syst\u00e8me de production int\u00e8gre le concept d&#8217;\u00e9conomie circulaire. Ce mod\u00e8le de production et de consommation garantit une croissance durable en favorisant l&#8217;optimisation des ressources, la r\u00e9duction de la consommation de mati\u00e8res premi\u00e8res et la r\u00e9utilisation des d\u00e9chets pour leur donner une nouvelle vie.<\/p>\n","protected":false},"author":5,"featured_media":16794,"parent":0,"menu_order":0,"comment_status":"closed","ping_status":"closed","template":"","meta":{"inline_featured_image":false,"footnotes":""},"class_list":["post-17517","page","type-page","status-publish","has-post-thumbnail"],"yoast_head":"<!-- This site is optimized with the Yoast SEO plugin v27.4 - https:\/\/yoast.com\/product\/yoast-seo-wordpress\/ -->\n<title>\u00c9conomie circulaire - DNT Agro<\/title>\n<meta name=\"description\" content=\"La Econom\u00eda circular garantiza un crecimiento sostenible en el consumo de materias primas y aprovechamiento, reciclando para una nueva vida.\" \/>\n<meta name=\"robots\" content=\"index, follow, max-snippet:-1, max-image-preview:large, max-video-preview:-1\" \/>\n<link rel=\"canonical\" href=\"https:\/\/dntagro.com\/fr\/economie-cirularie\/\" \/>\n<meta property=\"og:locale\" content=\"fr_FR\" \/>\n<meta property=\"og:type\" content=\"article\" \/>\n<meta property=\"og:title\" content=\"\u00c9conomie circulaire - DNT Agro\" \/>\n<meta property=\"og:description\" content=\"La Econom\u00eda circular garantiza un crecimiento sostenible en el consumo de materias primas y aprovechamiento, reciclando para una nueva vida.\" \/>\n<meta property=\"og:url\" content=\"https:\/\/dntagro.com\/fr\/economie-cirularie\/\" \/>\n<meta property=\"og:site_name\" content=\"DNT Agro\" \/>\n<meta property=\"article:modified_time\" content=\"2025-10-14T09:25:18+00:00\" \/>\n<meta property=\"og:image\" content=\"https:\/\/dntagro.com\/wp-content\/uploads\/2025\/08\/portada-economia-circular.jpg\" \/>\n\t<meta property=\"og:image:width\" content=\"1986\" \/>\n\t<meta property=\"og:image:height\" content=\"568\" \/>\n\t<meta property=\"og:image:type\" content=\"image\/jpeg\" \/>\n<meta name=\"twitter:card\" content=\"summary_large_image\" \/>\n<meta name=\"twitter:label1\" content=\"Dur\u00e9e de lecture estim\u00e9e\" \/>\n\t<meta name=\"twitter:data1\" content=\"2 minutes\" \/>\n<script type=\"application\/ld+json\" class=\"yoast-schema-graph\">{\"@context\":\"https:\\\/\\\/schema.org\",\"@graph\":[{\"@type\":\"WebPage\",\"@id\":\"https:\\\/\\\/dntagro.com\\\/fr\\\/economie-cirularie\\\/\",\"url\":\"https:\\\/\\\/dntagro.com\\\/fr\\\/economie-cirularie\\\/\",\"name\":\"\u00c9conomie circulaire - DNT Agro\",\"isPartOf\":{\"@id\":\"https:\\\/\\\/dntagro.com\\\/fr\\\/#website\"},\"primaryImageOfPage\":{\"@id\":\"https:\\\/\\\/dntagro.com\\\/fr\\\/economie-cirularie\\\/#primaryimage\"},\"image\":{\"@id\":\"https:\\\/\\\/dntagro.com\\\/fr\\\/economie-cirularie\\\/#primaryimage\"},\"thumbnailUrl\":\"https:\\\/\\\/dntagro.com\\\/wp-content\\\/uploads\\\/2025\\\/08\\\/portada-economia-circular.jpg\",\"datePublished\":\"2021-10-13T20:15:43+00:00\",\"dateModified\":\"2025-10-14T09:25:18+00:00\",\"description\":\"La Econom\u00eda circular garantiza un crecimiento sostenible en el consumo de materias primas y aprovechamiento, reciclando para una nueva vida.\",\"breadcrumb\":{\"@id\":\"https:\\\/\\\/dntagro.com\\\/fr\\\/economie-cirularie\\\/#breadcrumb\"},\"inLanguage\":\"fr-FR\",\"potentialAction\":[{\"@type\":\"ReadAction\",\"target\":[\"https:\\\/\\\/dntagro.com\\\/fr\\\/economie-cirularie\\\/\"]}]},{\"@type\":\"ImageObject\",\"inLanguage\":\"fr-FR\",\"@id\":\"https:\\\/\\\/dntagro.com\\\/fr\\\/economie-cirularie\\\/#primaryimage\",\"url\":\"https:\\\/\\\/dntagro.com\\\/wp-content\\\/uploads\\\/2025\\\/08\\\/portada-economia-circular.jpg\",\"contentUrl\":\"https:\\\/\\\/dntagro.com\\\/wp-content\\\/uploads\\\/2025\\\/08\\\/portada-economia-circular.jpg\",\"width\":1986,\"height\":568},{\"@type\":\"BreadcrumbList\",\"@id\":\"https:\\\/\\\/dntagro.com\\\/fr\\\/economie-cirularie\\\/#breadcrumb\",\"itemListElement\":[{\"@type\":\"ListItem\",\"position\":1,\"name\":\"Portada\",\"item\":\"https:\\\/\\\/dntagro.com\\\/fr\\\/\"},{\"@type\":\"ListItem\",\"position\":2,\"name\":\"\u00c9conomie circulaire\"}]},{\"@type\":\"WebSite\",\"@id\":\"https:\\\/\\\/dntagro.com\\\/fr\\\/#website\",\"url\":\"https:\\\/\\\/dntagro.com\\\/fr\\\/\",\"name\":\"DNT Agro\",\"description\":\"DNT AGRO es la l\u00ednea de no tejidos y complementos para la protecci\u00f3n y el control biol\u00f3gico y t\u00e9rmico de \u00e1rboles, cultivos y plantas.\",\"publisher\":{\"@id\":\"https:\\\/\\\/dntagro.com\\\/fr\\\/#organization\"},\"potentialAction\":[{\"@type\":\"SearchAction\",\"target\":{\"@type\":\"EntryPoint\",\"urlTemplate\":\"https:\\\/\\\/dntagro.com\\\/fr\\\/?s={search_term_string}\"},\"query-input\":{\"@type\":\"PropertyValueSpecification\",\"valueRequired\":true,\"valueName\":\"search_term_string\"}}],\"inLanguage\":\"fr-FR\"},{\"@type\":\"Organization\",\"@id\":\"https:\\\/\\\/dntagro.com\\\/fr\\\/#organization\",\"name\":\"DNT Agro\",\"url\":\"https:\\\/\\\/dntagro.com\\\/fr\\\/\",\"logo\":{\"@type\":\"ImageObject\",\"inLanguage\":\"fr-FR\",\"@id\":\"https:\\\/\\\/dntagro.com\\\/fr\\\/#\\\/schema\\\/logo\\\/image\\\/\",\"url\":\"https:\\\/\\\/dntagro.com\\\/wp-content\\\/uploads\\\/2025\\\/10\\\/dntagro-menu.png\",\"contentUrl\":\"https:\\\/\\\/dntagro.com\\\/wp-content\\\/uploads\\\/2025\\\/10\\\/dntagro-menu.png\",\"width\":170,\"height\":100,\"caption\":\"DNT Agro\"},\"image\":{\"@id\":\"https:\\\/\\\/dntagro.com\\\/fr\\\/#\\\/schema\\\/logo\\\/image\\\/\"}}]}<\/script>\n<!-- \/ Yoast SEO plugin. -->","yoast_head_json":{"title":"\u00c9conomie circulaire - DNT Agro","description":"La Econom\u00eda circular garantiza un crecimiento sostenible en el consumo de materias primas y aprovechamiento, reciclando para una nueva vida.","robots":{"index":"index","follow":"follow","max-snippet":"max-snippet:-1","max-image-preview":"max-image-preview:large","max-video-preview":"max-video-preview:-1"},"canonical":"https:\/\/dntagro.com\/fr\/economie-cirularie\/","og_locale":"fr_FR","og_type":"article","og_title":"\u00c9conomie circulaire - DNT Agro","og_description":"La Econom\u00eda circular garantiza un crecimiento sostenible en el consumo de materias primas y aprovechamiento, reciclando para una nueva vida.","og_url":"https:\/\/dntagro.com\/fr\/economie-cirularie\/","og_site_name":"DNT Agro","article_modified_time":"2025-10-14T09:25:18+00:00","og_image":[{"width":1986,"height":568,"url":"https:\/\/dntagro.com\/wp-content\/uploads\/2025\/08\/portada-economia-circular.jpg","type":"image\/jpeg"}],"twitter_card":"summary_large_image","twitter_misc":{"Dur\u00e9e de lecture estim\u00e9e":"2 minutes"},"schema":{"@context":"https:\/\/schema.org","@graph":[{"@type":"WebPage","@id":"https:\/\/dntagro.com\/fr\/economie-cirularie\/","url":"https:\/\/dntagro.com\/fr\/economie-cirularie\/","name":"\u00c9conomie circulaire - DNT Agro","isPartOf":{"@id":"https:\/\/dntagro.com\/fr\/#website"},"primaryImageOfPage":{"@id":"https:\/\/dntagro.com\/fr\/economie-cirularie\/#primaryimage"},"image":{"@id":"https:\/\/dntagro.com\/fr\/economie-cirularie\/#primaryimage"},"thumbnailUrl":"https:\/\/dntagro.com\/wp-content\/uploads\/2025\/08\/portada-economia-circular.jpg","datePublished":"2021-10-13T20:15:43+00:00","dateModified":"2025-10-14T09:25:18+00:00","description":"La Econom\u00eda circular garantiza un crecimiento sostenible en el consumo de materias primas y aprovechamiento, reciclando para una nueva vida.","breadcrumb":{"@id":"https:\/\/dntagro.com\/fr\/economie-cirularie\/#breadcrumb"},"inLanguage":"fr-FR","potentialAction":[{"@type":"ReadAction","target":["https:\/\/dntagro.com\/fr\/economie-cirularie\/"]}]},{"@type":"ImageObject","inLanguage":"fr-FR","@id":"https:\/\/dntagro.com\/fr\/economie-cirularie\/#primaryimage","url":"https:\/\/dntagro.com\/wp-content\/uploads\/2025\/08\/portada-economia-circular.jpg","contentUrl":"https:\/\/dntagro.com\/wp-content\/uploads\/2025\/08\/portada-economia-circular.jpg","width":1986,"height":568},{"@type":"BreadcrumbList","@id":"https:\/\/dntagro.com\/fr\/economie-cirularie\/#breadcrumb","itemListElement":[{"@type":"ListItem","position":1,"name":"Portada","item":"https:\/\/dntagro.com\/fr\/"},{"@type":"ListItem","position":2,"name":"\u00c9conomie circulaire"}]},{"@type":"WebSite","@id":"https:\/\/dntagro.com\/fr\/#website","url":"https:\/\/dntagro.com\/fr\/","name":"DNT Agro","description":"DNT AGRO es la l\u00ednea de no tejidos y complementos para la protecci\u00f3n y el control biol\u00f3gico y t\u00e9rmico de \u00e1rboles, cultivos y plantas.","publisher":{"@id":"https:\/\/dntagro.com\/fr\/#organization"},"potentialAction":[{"@type":"SearchAction","target":{"@type":"EntryPoint","urlTemplate":"https:\/\/dntagro.com\/fr\/?s={search_term_string}"},"query-input":{"@type":"PropertyValueSpecification","valueRequired":true,"valueName":"search_term_string"}}],"inLanguage":"fr-FR"},{"@type":"Organization","@id":"https:\/\/dntagro.com\/fr\/#organization","name":"DNT Agro","url":"https:\/\/dntagro.com\/fr\/","logo":{"@type":"ImageObject","inLanguage":"fr-FR","@id":"https:\/\/dntagro.com\/fr\/#\/schema\/logo\/image\/","url":"https:\/\/dntagro.com\/wp-content\/uploads\/2025\/10\/dntagro-menu.png","contentUrl":"https:\/\/dntagro.com\/wp-content\/uploads\/2025\/10\/dntagro-menu.png","width":170,"height":100,"caption":"DNT Agro"},"image":{"@id":"https:\/\/dntagro.com\/fr\/#\/schema\/logo\/image\/"}}]}},"_links":{"self":[{"href":"https:\/\/dntagro.com\/fr\/wp-json\/wp\/v2\/pages\/17517","targetHints":{"allow":["GET"]}}],"collection":[{"href":"https:\/\/dntagro.com\/fr\/wp-json\/wp\/v2\/pages"}],"about":[{"href":"https:\/\/dntagro.com\/fr\/wp-json\/wp\/v2\/types\/page"}],"author":[{"embeddable":true,"href":"https:\/\/dntagro.com\/fr\/wp-json\/wp\/v2\/users\/5"}],"replies":[{"embeddable":true,"href":"https:\/\/dntagro.com\/fr\/wp-json\/wp\/v2\/comments?post=17517"}],"version-history":[{"count":0,"href":"https:\/\/dntagro.com\/fr\/wp-json\/wp\/v2\/pages\/17517\/revisions"}],"wp:featuredmedia":[{"embeddable":true,"href":"https:\/\/dntagro.com\/fr\/wp-json\/wp\/v2\/media\/16794"}],"wp:attachment":[{"href":"https:\/\/dntagro.com\/fr\/wp-json\/wp\/v2\/media?parent=17517"}],"curies":[{"name":"wp","href":"https:\/\/api.w.org\/{rel}","templated":true}]}}