{"id":17509,"date":"2021-10-07T14:34:42","date_gmt":"2021-10-07T12:34:42","guid":{"rendered":"https:\/\/www2.dntagro.com\/idi\/"},"modified":"2025-11-04T16:34:31","modified_gmt":"2025-11-04T15:34:31","slug":"rdi","status":"publish","type":"page","link":"https:\/\/dntagro.com\/fr\/rdi\/","title":{"rendered":"R+D+I"},"content":{"rendered":"\n<div style=\"height:0px\" aria-hidden=\"true\" class=\"wp-block-spacer\"><\/div>\n\n\n<div class=\"gb-container gb-container-8cc865b8\"><div class=\"gb-inside-container\">\n<div class=\"gb-container gb-container-b521dd5d\">\n\n<p class=\"has-text-align-center\">Dans son engagement en faveur du <strong>d\u00e9veloppement durable<\/strong> et de <strong>l&#8217;am\u00e9lioration continue<\/strong>, <strong>DNT Agro<\/strong> promeut des projets de R&amp;D et applique des technologies de pointe pour d\u00e9velopper des <strong>non-tiss\u00e9s techniques<\/strong> plus performants, durables et respectueux de l&#8217;environnement. Gr\u00e2ce \u00e0 une gestion innovante et \u00e0 des m\u00e9thodes de production optimis\u00e9es, elle propose des solutions qui r\u00e9duisent l&#8217;impact environnemental et am\u00e9liorent les performances agronomiques.<\/p>\n\n<\/div>\n\n\n<div style=\"height:30px\" aria-hidden=\"true\" class=\"wp-block-spacer hide-on-mobile\"><\/div>\n\n\n<div class=\"gb-container gb-container-3939dbf1 bloque-fondos\"><div class=\"gb-inside-container\">\n<div class=\"gb-grid-wrapper gb-grid-wrapper-9443645c\">\n<div class=\"gb-grid-column gb-grid-column-48747999\"><div class=\"gb-container gb-container-48747999 menu-carta\"><div class=\"gb-inside-container\">\n\n<h2 class=\"gb-headline gb-headline-fcd3a86f gb-headline-text\"><strong>MOD\u00c8LE UTILITAIRE BICOUCHE NON TISS\u00c9E ANTI-HERBE<\/strong><\/h2>\n\n\n\n<p>Le d\u00e9veloppement continu de nouvelles applications des tissus non tiss\u00e9s a conduit DNT Non Woven Fabrics \u00e0 mettre au point le <a href=\"https:\/\/dntagro.com\/fr\/produits\/bicouche-anti-herbe\/\">Bicouche Non Tiss\u00e9e Anti-Herbe<\/a>, pour lequel nous avons obtenu le mod\u00e8le d\u2019utilit\u00e9. Ce produit assure l\u2019imperm\u00e9abilit\u00e9 et la protection contre les rayons UV, emp\u00eachant ainsi la croissance des mauvaises herbes dans les cultures.<\/p>\n\n<\/div><\/div><\/div>\n\n<div class=\"gb-grid-column gb-grid-column-af89fd4e\"><div class=\"gb-container gb-container-af89fd4e\"><div class=\"gb-inside-container\"><\/div><\/div><\/div>\n\n<div class=\"gb-grid-column gb-grid-column-ba81ae86\"><div class=\"gb-container gb-container-ba81ae86\"><div class=\"gb-inside-container\">\n<div class=\"gb-container gb-container-0b6a1942\">\n<div class=\"gb-grid-wrapper gb-grid-wrapper-cdca9b9d\">\n<div class=\"gb-grid-column gb-grid-column-41abb626\"><div class=\"gb-container gb-container-41abb626\">\n\n<figure class=\"wp-block-image size-medium\"><img decoding=\"async\" width=\"370\" height=\"149\" src=\"https:\/\/dntagro.com\/wp-content\/uploads\/2024\/09\/2024-go_bicapa-logotipo-370x149.png\" alt=\"2024 Go Bicapa Logotipo\" class=\"wp-image-13585\" srcset=\"https:\/\/dntagro.com\/wp-content\/uploads\/2024\/09\/2024-go_bicapa-logotipo-370x149.png 370w, https:\/\/dntagro.com\/wp-content\/uploads\/2024\/09\/2024-go_bicapa-logotipo-1120x451.png 1120w, https:\/\/dntagro.com\/wp-content\/uploads\/2024\/09\/2024-go_bicapa-logotipo-768x309.png 768w, https:\/\/dntagro.com\/wp-content\/uploads\/2024\/09\/2024-go_bicapa-logotipo-1536x619.png 1536w, https:\/\/dntagro.com\/wp-content\/uploads\/2024\/09\/2024-go_bicapa-logotipo.png 1793w\" sizes=\"(max-width: 370px) 100vw, 370px\" \/><\/figure>\n\n<\/div><\/div>\n\n<div class=\"gb-grid-column gb-grid-column-d462ab83\"><div class=\"gb-container gb-container-d462ab83\">\n\n<figure class=\"wp-block-image size-full\"><img decoding=\"async\" width=\"2099\" height=\"1016\" src=\"https:\/\/dntagro.com\/wp-content\/uploads\/2025\/08\/europainvierte-enlaszonasruralesok.png\" alt=\"Europainvierte Enlaszonasruralesok\" class=\"wp-image-16769\"\/><\/figure>\n\n<\/div><\/div>\n<\/div>\n<\/div>\n<\/div><\/div><\/div>\n\n<div class=\"gb-grid-column gb-grid-column-34198529\"><div class=\"gb-container gb-container-34198529 fondo-ham\"><div class=\"gb-inside-container\">\n\n<h2 class=\"gb-headline gb-headline-e1115811 gb-headline-text\">LE PROJECT BICAPA &#8211; OLEOPROTECT<\/h2>\n\n\n\n<p>Le projet Bicapa-Oleoprotect, form\u00e9 par le groupe op\u00e9rationnel: <strong>Fondation Citoliva<\/strong>, <strong>DNT Non Woven Fabrics<\/strong> et <strong>Oleocampo SCA<\/strong>.<\/p>\n\n\n\n<p>L&#8217;objectif principal du projet est d&#8217;optimiser la gestion de la culture de l&#8217;olivier gr\u00e2ce au d\u00e9veloppement et \u00e0 la mise en \u0153uvre d&#8217;un filet anti-mauvaises herbes bicouche en tissu non tiss\u00e9, adapt\u00e9 aux conditions de production de l&#8217;oliveraie <strong>traditionnelle<\/strong>, <strong>intensive<\/strong> et <strong>super intensive<\/strong>.<\/p>\n\n<\/div><\/div><\/div>\n<\/div>\n\n\n<div style=\"height:49px\" aria-hidden=\"true\" class=\"wp-block-spacer\"><\/div>\n\n<\/div><\/div>\n<\/div><\/div>\n\n\n<div style=\"height:30px\" aria-hidden=\"true\" class=\"wp-block-spacer\"><\/div>\n\n\n\n<p><\/p>\n","protected":false},"excerpt":{"rendered":"<p>Dans son engagement en faveur du d\u00e9veloppement durable et de l&#8217;am\u00e9lioration continue, DNT Agro promeut des projets de R&amp;D et applique des technologies de pointe pour d\u00e9velopper des non-tiss\u00e9s techniques plus performants, durables et respectueux de l&#8217;environnement. Gr\u00e2ce \u00e0 une gestion innovante et \u00e0 des m\u00e9thodes de production optimis\u00e9es, elle propose des solutions qui r\u00e9duisent l&#8217;impact environnemental et am\u00e9liorent les performances agronomiques.<\/p>\n","protected":false},"author":5,"featured_media":16754,"parent":0,"menu_order":0,"comment_status":"closed","ping_status":"closed","template":"","meta":{"inline_featured_image":false,"footnotes":""},"class_list":["post-17509","page","type-page","status-publish","has-post-thumbnail"],"yoast_head":"<!-- This site is optimized with the Yoast SEO plugin v27.4 - https:\/\/yoast.com\/product\/yoast-seo-wordpress\/ -->\n<title>R+D+I - DNT Agro<\/title>\n<meta name=\"description\" content=\"DNT Non Woven Fabrics hace esfuerzos en I+D+i, aplicando las metodolog\u00edas de producci\u00f3n y gesti\u00f3n para ofrecer soluciones innovadoras.\" \/>\n<meta name=\"robots\" content=\"index, follow, max-snippet:-1, max-image-preview:large, max-video-preview:-1\" \/>\n<link rel=\"canonical\" href=\"https:\/\/dntagro.com\/fr\/rdi\/\" \/>\n<meta property=\"og:locale\" content=\"fr_FR\" \/>\n<meta property=\"og:type\" content=\"article\" \/>\n<meta property=\"og:title\" content=\"R+D+I - DNT Agro\" \/>\n<meta property=\"og:description\" content=\"DNT Non Woven Fabrics hace esfuerzos en I+D+i, aplicando las metodolog\u00edas de producci\u00f3n y gesti\u00f3n para ofrecer soluciones innovadoras.\" \/>\n<meta property=\"og:url\" content=\"https:\/\/dntagro.com\/fr\/rdi\/\" \/>\n<meta property=\"og:site_name\" content=\"DNT Agro\" \/>\n<meta property=\"article:modified_time\" content=\"2025-11-04T15:34:31+00:00\" \/>\n<meta property=\"og:image\" content=\"https:\/\/dntagro.com\/wp-content\/uploads\/2025\/08\/portada-idi.jpg\" \/>\n\t<meta property=\"og:image:width\" content=\"1986\" \/>\n\t<meta property=\"og:image:height\" content=\"568\" \/>\n\t<meta property=\"og:image:type\" content=\"image\/jpeg\" \/>\n<meta name=\"twitter:card\" content=\"summary_large_image\" \/>\n<meta name=\"twitter:label1\" content=\"Dur\u00e9e de lecture estim\u00e9e\" \/>\n\t<meta name=\"twitter:data1\" content=\"2 minutes\" \/>\n<script type=\"application\/ld+json\" class=\"yoast-schema-graph\">{\"@context\":\"https:\\\/\\\/schema.org\",\"@graph\":[{\"@type\":\"WebPage\",\"@id\":\"https:\\\/\\\/dntagro.com\\\/fr\\\/rdi\\\/\",\"url\":\"https:\\\/\\\/dntagro.com\\\/fr\\\/rdi\\\/\",\"name\":\"R+D+I - DNT Agro\",\"isPartOf\":{\"@id\":\"https:\\\/\\\/dntagro.com\\\/fr\\\/#website\"},\"primaryImageOfPage\":{\"@id\":\"https:\\\/\\\/dntagro.com\\\/fr\\\/rdi\\\/#primaryimage\"},\"image\":{\"@id\":\"https:\\\/\\\/dntagro.com\\\/fr\\\/rdi\\\/#primaryimage\"},\"thumbnailUrl\":\"https:\\\/\\\/dntagro.com\\\/wp-content\\\/uploads\\\/2025\\\/08\\\/portada-idi.jpg\",\"datePublished\":\"2021-10-07T12:34:42+00:00\",\"dateModified\":\"2025-11-04T15:34:31+00:00\",\"description\":\"DNT Non Woven Fabrics hace esfuerzos en I+D+i, aplicando las metodolog\u00edas de producci\u00f3n y gesti\u00f3n para ofrecer soluciones innovadoras.\",\"breadcrumb\":{\"@id\":\"https:\\\/\\\/dntagro.com\\\/fr\\\/rdi\\\/#breadcrumb\"},\"inLanguage\":\"fr-FR\",\"potentialAction\":[{\"@type\":\"ReadAction\",\"target\":[\"https:\\\/\\\/dntagro.com\\\/fr\\\/rdi\\\/\"]}]},{\"@type\":\"ImageObject\",\"inLanguage\":\"fr-FR\",\"@id\":\"https:\\\/\\\/dntagro.com\\\/fr\\\/rdi\\\/#primaryimage\",\"url\":\"https:\\\/\\\/dntagro.com\\\/wp-content\\\/uploads\\\/2025\\\/08\\\/portada-idi.jpg\",\"contentUrl\":\"https:\\\/\\\/dntagro.com\\\/wp-content\\\/uploads\\\/2025\\\/08\\\/portada-idi.jpg\",\"width\":1986,\"height\":568},{\"@type\":\"BreadcrumbList\",\"@id\":\"https:\\\/\\\/dntagro.com\\\/fr\\\/rdi\\\/#breadcrumb\",\"itemListElement\":[{\"@type\":\"ListItem\",\"position\":1,\"name\":\"Portada\",\"item\":\"https:\\\/\\\/dntagro.com\\\/fr\\\/\"},{\"@type\":\"ListItem\",\"position\":2,\"name\":\"R+D+I\"}]},{\"@type\":\"WebSite\",\"@id\":\"https:\\\/\\\/dntagro.com\\\/fr\\\/#website\",\"url\":\"https:\\\/\\\/dntagro.com\\\/fr\\\/\",\"name\":\"DNT Agro\",\"description\":\"DNT AGRO es la l\u00ednea de no tejidos y complementos para la protecci\u00f3n y el control biol\u00f3gico y t\u00e9rmico de \u00e1rboles, cultivos y plantas.\",\"publisher\":{\"@id\":\"https:\\\/\\\/dntagro.com\\\/fr\\\/#organization\"},\"potentialAction\":[{\"@type\":\"SearchAction\",\"target\":{\"@type\":\"EntryPoint\",\"urlTemplate\":\"https:\\\/\\\/dntagro.com\\\/fr\\\/?s={search_term_string}\"},\"query-input\":{\"@type\":\"PropertyValueSpecification\",\"valueRequired\":true,\"valueName\":\"search_term_string\"}}],\"inLanguage\":\"fr-FR\"},{\"@type\":\"Organization\",\"@id\":\"https:\\\/\\\/dntagro.com\\\/fr\\\/#organization\",\"name\":\"DNT Agro\",\"url\":\"https:\\\/\\\/dntagro.com\\\/fr\\\/\",\"logo\":{\"@type\":\"ImageObject\",\"inLanguage\":\"fr-FR\",\"@id\":\"https:\\\/\\\/dntagro.com\\\/fr\\\/#\\\/schema\\\/logo\\\/image\\\/\",\"url\":\"https:\\\/\\\/dntagro.com\\\/wp-content\\\/uploads\\\/2025\\\/10\\\/dntagro-menu.png\",\"contentUrl\":\"https:\\\/\\\/dntagro.com\\\/wp-content\\\/uploads\\\/2025\\\/10\\\/dntagro-menu.png\",\"width\":170,\"height\":100,\"caption\":\"DNT Agro\"},\"image\":{\"@id\":\"https:\\\/\\\/dntagro.com\\\/fr\\\/#\\\/schema\\\/logo\\\/image\\\/\"}}]}<\/script>\n<!-- \/ Yoast SEO plugin. -->","yoast_head_json":{"title":"R+D+I - DNT Agro","description":"DNT Non Woven Fabrics hace esfuerzos en I+D+i, aplicando las metodolog\u00edas de producci\u00f3n y gesti\u00f3n para ofrecer soluciones innovadoras.","robots":{"index":"index","follow":"follow","max-snippet":"max-snippet:-1","max-image-preview":"max-image-preview:large","max-video-preview":"max-video-preview:-1"},"canonical":"https:\/\/dntagro.com\/fr\/rdi\/","og_locale":"fr_FR","og_type":"article","og_title":"R+D+I - DNT Agro","og_description":"DNT Non Woven Fabrics hace esfuerzos en I+D+i, aplicando las metodolog\u00edas de producci\u00f3n y gesti\u00f3n para ofrecer soluciones innovadoras.","og_url":"https:\/\/dntagro.com\/fr\/rdi\/","og_site_name":"DNT Agro","article_modified_time":"2025-11-04T15:34:31+00:00","og_image":[{"width":1986,"height":568,"url":"https:\/\/dntagro.com\/wp-content\/uploads\/2025\/08\/portada-idi.jpg","type":"image\/jpeg"}],"twitter_card":"summary_large_image","twitter_misc":{"Dur\u00e9e de lecture estim\u00e9e":"2 minutes"},"schema":{"@context":"https:\/\/schema.org","@graph":[{"@type":"WebPage","@id":"https:\/\/dntagro.com\/fr\/rdi\/","url":"https:\/\/dntagro.com\/fr\/rdi\/","name":"R+D+I - DNT Agro","isPartOf":{"@id":"https:\/\/dntagro.com\/fr\/#website"},"primaryImageOfPage":{"@id":"https:\/\/dntagro.com\/fr\/rdi\/#primaryimage"},"image":{"@id":"https:\/\/dntagro.com\/fr\/rdi\/#primaryimage"},"thumbnailUrl":"https:\/\/dntagro.com\/wp-content\/uploads\/2025\/08\/portada-idi.jpg","datePublished":"2021-10-07T12:34:42+00:00","dateModified":"2025-11-04T15:34:31+00:00","description":"DNT Non Woven Fabrics hace esfuerzos en I+D+i, aplicando las metodolog\u00edas de producci\u00f3n y gesti\u00f3n para ofrecer soluciones innovadoras.","breadcrumb":{"@id":"https:\/\/dntagro.com\/fr\/rdi\/#breadcrumb"},"inLanguage":"fr-FR","potentialAction":[{"@type":"ReadAction","target":["https:\/\/dntagro.com\/fr\/rdi\/"]}]},{"@type":"ImageObject","inLanguage":"fr-FR","@id":"https:\/\/dntagro.com\/fr\/rdi\/#primaryimage","url":"https:\/\/dntagro.com\/wp-content\/uploads\/2025\/08\/portada-idi.jpg","contentUrl":"https:\/\/dntagro.com\/wp-content\/uploads\/2025\/08\/portada-idi.jpg","width":1986,"height":568},{"@type":"BreadcrumbList","@id":"https:\/\/dntagro.com\/fr\/rdi\/#breadcrumb","itemListElement":[{"@type":"ListItem","position":1,"name":"Portada","item":"https:\/\/dntagro.com\/fr\/"},{"@type":"ListItem","position":2,"name":"R+D+I"}]},{"@type":"WebSite","@id":"https:\/\/dntagro.com\/fr\/#website","url":"https:\/\/dntagro.com\/fr\/","name":"DNT Agro","description":"DNT AGRO es la l\u00ednea de no tejidos y complementos para la protecci\u00f3n y el control biol\u00f3gico y t\u00e9rmico de \u00e1rboles, cultivos y plantas.","publisher":{"@id":"https:\/\/dntagro.com\/fr\/#organization"},"potentialAction":[{"@type":"SearchAction","target":{"@type":"EntryPoint","urlTemplate":"https:\/\/dntagro.com\/fr\/?s={search_term_string}"},"query-input":{"@type":"PropertyValueSpecification","valueRequired":true,"valueName":"search_term_string"}}],"inLanguage":"fr-FR"},{"@type":"Organization","@id":"https:\/\/dntagro.com\/fr\/#organization","name":"DNT Agro","url":"https:\/\/dntagro.com\/fr\/","logo":{"@type":"ImageObject","inLanguage":"fr-FR","@id":"https:\/\/dntagro.com\/fr\/#\/schema\/logo\/image\/","url":"https:\/\/dntagro.com\/wp-content\/uploads\/2025\/10\/dntagro-menu.png","contentUrl":"https:\/\/dntagro.com\/wp-content\/uploads\/2025\/10\/dntagro-menu.png","width":170,"height":100,"caption":"DNT Agro"},"image":{"@id":"https:\/\/dntagro.com\/fr\/#\/schema\/logo\/image\/"}}]}},"_links":{"self":[{"href":"https:\/\/dntagro.com\/fr\/wp-json\/wp\/v2\/pages\/17509","targetHints":{"allow":["GET"]}}],"collection":[{"href":"https:\/\/dntagro.com\/fr\/wp-json\/wp\/v2\/pages"}],"about":[{"href":"https:\/\/dntagro.com\/fr\/wp-json\/wp\/v2\/types\/page"}],"author":[{"embeddable":true,"href":"https:\/\/dntagro.com\/fr\/wp-json\/wp\/v2\/users\/5"}],"replies":[{"embeddable":true,"href":"https:\/\/dntagro.com\/fr\/wp-json\/wp\/v2\/comments?post=17509"}],"version-history":[{"count":0,"href":"https:\/\/dntagro.com\/fr\/wp-json\/wp\/v2\/pages\/17509\/revisions"}],"wp:featuredmedia":[{"embeddable":true,"href":"https:\/\/dntagro.com\/fr\/wp-json\/wp\/v2\/media\/16754"}],"wp:attachment":[{"href":"https:\/\/dntagro.com\/fr\/wp-json\/wp\/v2\/media?parent=17509"}],"curies":[{"name":"wp","href":"https:\/\/api.w.org\/{rel}","templated":true}]}}