{"id":17546,"date":"2024-09-17T09:27:53","date_gmt":"2024-09-17T07:27:53","guid":{"rendered":"https:\/\/www2.dntagro.com\/ciclo-de-vida\/"},"modified":"2025-11-04T09:21:04","modified_gmt":"2025-11-04T08:21:04","slug":"life-cycle","status":"publish","type":"page","link":"https:\/\/dntagro.com\/en\/life-cycle\/","title":{"rendered":"LIFE CYCLE"},"content":{"rendered":"<div class=\"gb-container gb-container-8cc865b8\"><div class=\"gb-inside-container\">\n<div class=\"gb-container gb-container-b521dd5d\">\n\n<p>The carbon footprint measures the greenhouse gas (GHG) emissions produced during the life cycle, directly or indirectly, by humans, organizations, and businesses.<\/p>\n\n\n\n<p>Lifecycle analysis assesses the environmental impacts of a product, process, or activity from its origin to its disposal.<\/p>\n\n\n\n<p class=\"has-text-align-center\">At <strong>DNT Agro<\/strong>, we assess the environmental impact of our products throughout their entire life cycle, from the origin of raw materials to their final disposal. Our carbon footprint and compliance with<strong> ISO 14067<\/strong> reflect our commitment to sustainability and continuous improvement.<\/p>\n\n<\/div>\n\n\n<div style=\"height:30px\" aria-hidden=\"true\" class=\"wp-block-spacer hide-on-mobile\"><\/div>\n\n\n<div class=\"gb-container gb-container-3939dbf1 bloque-fondos\"><div class=\"gb-inside-container\">\n<div class=\"gb-grid-wrapper gb-grid-wrapper-9443645c\">\n<div class=\"gb-grid-column gb-grid-column-4ef543e7\"><div class=\"gb-container gb-container-4ef543e7 imagen-centrar\"><div class=\"gb-inside-container\"><\/div><\/div><\/div>\n\n<div class=\"gb-grid-column gb-grid-column-48747999\"><div class=\"gb-container gb-container-48747999 menu-carta\"><div class=\"gb-inside-container\">\n\n<h2 class=\"gb-headline gb-headline-fcd3a86f gb-headline-text\"><strong>LIFE CYCLE ANALYSIS<\/strong><\/h2>\n\n\n\n<h3 class=\"gb-headline gb-headline-9c81a963 gb-headline-text\">SPUNBOND<\/h3>\n\n\n\n<p>Our\u00a0<a href=\"https:\/\/dntnonwovenfabrics.com\/en\/producto\/spunbond\/\">Spunbond<\/a>\u00a0material reduces CO<sub>2<\/sub> emissions by 39% compared to imports, thus reducing transport\u00a0<a href=\"https:\/\/notejido.com\/en\/sustainability-and-csr\/\">emissions<\/a>\u00a0due to the proximity to our suppliers and customers.<\/p>\n\n<\/div><\/div><\/div>\n\n<div class=\"gb-grid-column gb-grid-column-34198529\"><div class=\"gb-container gb-container-34198529 fondo-ham\"><div class=\"gb-inside-container\">\n\n<h2 class=\"gb-headline gb-headline-e1115811 gb-headline-text\">LIFE CYCLE ANALYSIS<\/h2>\n\n\n\n<h3 class=\"gb-headline gb-headline-a5cf5986 gb-headline-text\">SMS<\/h3>\n\n\n\n<p><strong>Our SMS material reduces CO<sub>2<\/sub> emissions by 41%<\/strong>\u00a0compared to imports, thus reducing transport emissions due to the proximity to our suppliers and customers.<\/p>\n\n<\/div><\/div><\/div>\n\n<div class=\"gb-grid-column gb-grid-column-480e6f00\"><div class=\"gb-container gb-container-480e6f00\"><div class=\"gb-inside-container\"><\/div><\/div><\/div>\n<\/div>\n\n\n<div style=\"height:49px\" aria-hidden=\"true\" class=\"wp-block-spacer\"><\/div>\n\n<\/div><\/div>\n<\/div><\/div>\n\n\n<div style=\"height:30px\" aria-hidden=\"true\" class=\"wp-block-spacer\"><\/div>\n\n\n\n<p><\/p>\n","protected":false},"excerpt":{"rendered":"<p>The carbon footprint measures the greenhouse gas (GHG) emissions produced during the life cycle, directly or indirectly, by humans, organizations, and businesses. Lifecycle analysis assesses the environmental impacts of a product, process, or activity from its origin to its disposal. At DNT Agro, we assess the environmental impact of our products throughout their entire life cycle, from the origin of raw materials to their final disposal. Our carbon footprint and &#8230; <\/p>\n<p class=\"read-more-container\"><a title=\"LIFE CYCLE\" class=\"read-more button\" href=\"https:\/\/dntagro.com\/en\/life-cycle\/#more-17546\" aria-label=\"Read more about LIFE CYCLE\">Read more<\/a><\/p>\n","protected":false},"author":14,"featured_media":16894,"parent":0,"menu_order":0,"comment_status":"closed","ping_status":"closed","template":"","meta":{"inline_featured_image":false,"footnotes":""},"class_list":["post-17546","page","type-page","status-publish","has-post-thumbnail"],"yoast_head":"<!-- This site is optimized with the Yoast SEO plugin v27.4 - https:\/\/yoast.com\/product\/yoast-seo-wordpress\/ -->\n<title>LIFE CYCLE - DNT Agro<\/title>\n<meta name=\"description\" content=\"El an\u00e1lisis de Ciclo de Vida eval\u00faa los impactos ambientales de un producto, proceso o actividad desde su origen hasta su desecho.\u00a0\" \/>\n<meta name=\"robots\" content=\"index, follow, max-snippet:-1, max-image-preview:large, max-video-preview:-1\" \/>\n<link rel=\"canonical\" href=\"https:\/\/dntagro.com\/en\/life-cycle\/\" \/>\n<meta property=\"og:locale\" content=\"en_US\" \/>\n<meta property=\"og:type\" content=\"article\" \/>\n<meta property=\"og:title\" content=\"LIFE CYCLE - DNT Agro\" \/>\n<meta property=\"og:description\" content=\"El an\u00e1lisis de Ciclo de Vida eval\u00faa los impactos ambientales de un producto, proceso o actividad desde su origen hasta su desecho.\u00a0\" \/>\n<meta property=\"og:url\" content=\"https:\/\/dntagro.com\/en\/life-cycle\/\" \/>\n<meta property=\"og:site_name\" content=\"DNT Agro\" \/>\n<meta property=\"article:modified_time\" content=\"2025-11-04T08:21:04+00:00\" \/>\n<meta property=\"og:image\" content=\"https:\/\/dntagro.com\/wp-content\/uploads\/2025\/09\/banner-portada-ciclo-de-vida.jpg\" \/>\n\t<meta property=\"og:image:width\" content=\"1986\" \/>\n\t<meta property=\"og:image:height\" content=\"568\" \/>\n\t<meta property=\"og:image:type\" content=\"image\/jpeg\" \/>\n<meta name=\"twitter:card\" content=\"summary_large_image\" \/>\n<meta name=\"twitter:label1\" content=\"Est. reading time\" \/>\n\t<meta name=\"twitter:data1\" content=\"1 minute\" \/>\n<script type=\"application\/ld+json\" class=\"yoast-schema-graph\">{\"@context\":\"https:\\\/\\\/schema.org\",\"@graph\":[{\"@type\":\"WebPage\",\"@id\":\"https:\\\/\\\/dntagro.com\\\/en\\\/life-cycle\\\/\",\"url\":\"https:\\\/\\\/dntagro.com\\\/en\\\/life-cycle\\\/\",\"name\":\"LIFE CYCLE - DNT Agro\",\"isPartOf\":{\"@id\":\"https:\\\/\\\/dntagro.com\\\/en\\\/#website\"},\"primaryImageOfPage\":{\"@id\":\"https:\\\/\\\/dntagro.com\\\/en\\\/life-cycle\\\/#primaryimage\"},\"image\":{\"@id\":\"https:\\\/\\\/dntagro.com\\\/en\\\/life-cycle\\\/#primaryimage\"},\"thumbnailUrl\":\"https:\\\/\\\/dntagro.com\\\/wp-content\\\/uploads\\\/2025\\\/09\\\/banner-portada-ciclo-de-vida.jpg\",\"datePublished\":\"2024-09-17T07:27:53+00:00\",\"dateModified\":\"2025-11-04T08:21:04+00:00\",\"description\":\"El an\u00e1lisis de Ciclo de Vida eval\u00faa los impactos ambientales de un producto, proceso o actividad desde su origen hasta su desecho.\u00a0\",\"breadcrumb\":{\"@id\":\"https:\\\/\\\/dntagro.com\\\/en\\\/life-cycle\\\/#breadcrumb\"},\"inLanguage\":\"en-US\",\"potentialAction\":[{\"@type\":\"ReadAction\",\"target\":[\"https:\\\/\\\/dntagro.com\\\/en\\\/life-cycle\\\/\"]}]},{\"@type\":\"ImageObject\",\"inLanguage\":\"en-US\",\"@id\":\"https:\\\/\\\/dntagro.com\\\/en\\\/life-cycle\\\/#primaryimage\",\"url\":\"https:\\\/\\\/dntagro.com\\\/wp-content\\\/uploads\\\/2025\\\/09\\\/banner-portada-ciclo-de-vida.jpg\",\"contentUrl\":\"https:\\\/\\\/dntagro.com\\\/wp-content\\\/uploads\\\/2025\\\/09\\\/banner-portada-ciclo-de-vida.jpg\",\"width\":1986,\"height\":568},{\"@type\":\"BreadcrumbList\",\"@id\":\"https:\\\/\\\/dntagro.com\\\/en\\\/life-cycle\\\/#breadcrumb\",\"itemListElement\":[{\"@type\":\"ListItem\",\"position\":1,\"name\":\"Portada\",\"item\":\"https:\\\/\\\/dntagro.com\\\/en\\\/\"},{\"@type\":\"ListItem\",\"position\":2,\"name\":\"LIFE CYCLE\"}]},{\"@type\":\"WebSite\",\"@id\":\"https:\\\/\\\/dntagro.com\\\/en\\\/#website\",\"url\":\"https:\\\/\\\/dntagro.com\\\/en\\\/\",\"name\":\"DNT Agro\",\"description\":\"DNT AGRO es la l\u00ednea de no tejidos y complementos para la protecci\u00f3n y el control biol\u00f3gico y t\u00e9rmico de \u00e1rboles, cultivos y plantas.\",\"publisher\":{\"@id\":\"https:\\\/\\\/dntagro.com\\\/en\\\/#organization\"},\"potentialAction\":[{\"@type\":\"SearchAction\",\"target\":{\"@type\":\"EntryPoint\",\"urlTemplate\":\"https:\\\/\\\/dntagro.com\\\/en\\\/?s={search_term_string}\"},\"query-input\":{\"@type\":\"PropertyValueSpecification\",\"valueRequired\":true,\"valueName\":\"search_term_string\"}}],\"inLanguage\":\"en-US\"},{\"@type\":\"Organization\",\"@id\":\"https:\\\/\\\/dntagro.com\\\/en\\\/#organization\",\"name\":\"DNT Agro\",\"url\":\"https:\\\/\\\/dntagro.com\\\/en\\\/\",\"logo\":{\"@type\":\"ImageObject\",\"inLanguage\":\"en-US\",\"@id\":\"https:\\\/\\\/dntagro.com\\\/en\\\/#\\\/schema\\\/logo\\\/image\\\/\",\"url\":\"https:\\\/\\\/dntagro.com\\\/wp-content\\\/uploads\\\/2025\\\/10\\\/dntagro-menu.png\",\"contentUrl\":\"https:\\\/\\\/dntagro.com\\\/wp-content\\\/uploads\\\/2025\\\/10\\\/dntagro-menu.png\",\"width\":170,\"height\":100,\"caption\":\"DNT Agro\"},\"image\":{\"@id\":\"https:\\\/\\\/dntagro.com\\\/en\\\/#\\\/schema\\\/logo\\\/image\\\/\"}}]}<\/script>\n<!-- \/ Yoast SEO plugin. -->","yoast_head_json":{"title":"LIFE CYCLE - DNT Agro","description":"El an\u00e1lisis de Ciclo de Vida eval\u00faa los impactos ambientales de un producto, proceso o actividad desde su origen hasta su desecho.\u00a0","robots":{"index":"index","follow":"follow","max-snippet":"max-snippet:-1","max-image-preview":"max-image-preview:large","max-video-preview":"max-video-preview:-1"},"canonical":"https:\/\/dntagro.com\/en\/life-cycle\/","og_locale":"en_US","og_type":"article","og_title":"LIFE CYCLE - DNT Agro","og_description":"El an\u00e1lisis de Ciclo de Vida eval\u00faa los impactos ambientales de un producto, proceso o actividad desde su origen hasta su desecho.\u00a0","og_url":"https:\/\/dntagro.com\/en\/life-cycle\/","og_site_name":"DNT Agro","article_modified_time":"2025-11-04T08:21:04+00:00","og_image":[{"width":1986,"height":568,"url":"https:\/\/dntagro.com\/wp-content\/uploads\/2025\/09\/banner-portada-ciclo-de-vida.jpg","type":"image\/jpeg"}],"twitter_card":"summary_large_image","twitter_misc":{"Est. reading time":"1 minute"},"schema":{"@context":"https:\/\/schema.org","@graph":[{"@type":"WebPage","@id":"https:\/\/dntagro.com\/en\/life-cycle\/","url":"https:\/\/dntagro.com\/en\/life-cycle\/","name":"LIFE CYCLE - DNT Agro","isPartOf":{"@id":"https:\/\/dntagro.com\/en\/#website"},"primaryImageOfPage":{"@id":"https:\/\/dntagro.com\/en\/life-cycle\/#primaryimage"},"image":{"@id":"https:\/\/dntagro.com\/en\/life-cycle\/#primaryimage"},"thumbnailUrl":"https:\/\/dntagro.com\/wp-content\/uploads\/2025\/09\/banner-portada-ciclo-de-vida.jpg","datePublished":"2024-09-17T07:27:53+00:00","dateModified":"2025-11-04T08:21:04+00:00","description":"El an\u00e1lisis de Ciclo de Vida eval\u00faa los impactos ambientales de un producto, proceso o actividad desde su origen hasta su desecho.\u00a0","breadcrumb":{"@id":"https:\/\/dntagro.com\/en\/life-cycle\/#breadcrumb"},"inLanguage":"en-US","potentialAction":[{"@type":"ReadAction","target":["https:\/\/dntagro.com\/en\/life-cycle\/"]}]},{"@type":"ImageObject","inLanguage":"en-US","@id":"https:\/\/dntagro.com\/en\/life-cycle\/#primaryimage","url":"https:\/\/dntagro.com\/wp-content\/uploads\/2025\/09\/banner-portada-ciclo-de-vida.jpg","contentUrl":"https:\/\/dntagro.com\/wp-content\/uploads\/2025\/09\/banner-portada-ciclo-de-vida.jpg","width":1986,"height":568},{"@type":"BreadcrumbList","@id":"https:\/\/dntagro.com\/en\/life-cycle\/#breadcrumb","itemListElement":[{"@type":"ListItem","position":1,"name":"Portada","item":"https:\/\/dntagro.com\/en\/"},{"@type":"ListItem","position":2,"name":"LIFE CYCLE"}]},{"@type":"WebSite","@id":"https:\/\/dntagro.com\/en\/#website","url":"https:\/\/dntagro.com\/en\/","name":"DNT Agro","description":"DNT AGRO es la l\u00ednea de no tejidos y complementos para la protecci\u00f3n y el control biol\u00f3gico y t\u00e9rmico de \u00e1rboles, cultivos y plantas.","publisher":{"@id":"https:\/\/dntagro.com\/en\/#organization"},"potentialAction":[{"@type":"SearchAction","target":{"@type":"EntryPoint","urlTemplate":"https:\/\/dntagro.com\/en\/?s={search_term_string}"},"query-input":{"@type":"PropertyValueSpecification","valueRequired":true,"valueName":"search_term_string"}}],"inLanguage":"en-US"},{"@type":"Organization","@id":"https:\/\/dntagro.com\/en\/#organization","name":"DNT Agro","url":"https:\/\/dntagro.com\/en\/","logo":{"@type":"ImageObject","inLanguage":"en-US","@id":"https:\/\/dntagro.com\/en\/#\/schema\/logo\/image\/","url":"https:\/\/dntagro.com\/wp-content\/uploads\/2025\/10\/dntagro-menu.png","contentUrl":"https:\/\/dntagro.com\/wp-content\/uploads\/2025\/10\/dntagro-menu.png","width":170,"height":100,"caption":"DNT Agro"},"image":{"@id":"https:\/\/dntagro.com\/en\/#\/schema\/logo\/image\/"}}]}},"_links":{"self":[{"href":"https:\/\/dntagro.com\/en\/wp-json\/wp\/v2\/pages\/17546","targetHints":{"allow":["GET"]}}],"collection":[{"href":"https:\/\/dntagro.com\/en\/wp-json\/wp\/v2\/pages"}],"about":[{"href":"https:\/\/dntagro.com\/en\/wp-json\/wp\/v2\/types\/page"}],"author":[{"embeddable":true,"href":"https:\/\/dntagro.com\/en\/wp-json\/wp\/v2\/users\/14"}],"replies":[{"embeddable":true,"href":"https:\/\/dntagro.com\/en\/wp-json\/wp\/v2\/comments?post=17546"}],"version-history":[{"count":0,"href":"https:\/\/dntagro.com\/en\/wp-json\/wp\/v2\/pages\/17546\/revisions"}],"wp:featuredmedia":[{"embeddable":true,"href":"https:\/\/dntagro.com\/en\/wp-json\/wp\/v2\/media\/16894"}],"wp:attachment":[{"href":"https:\/\/dntagro.com\/en\/wp-json\/wp\/v2\/media?parent=17546"}],"curies":[{"name":"wp","href":"https:\/\/api.w.org\/{rel}","templated":true}]}}