{"id":17516,"date":"2021-10-13T22:15:43","date_gmt":"2021-10-13T20:15:43","guid":{"rendered":"https:\/\/www2.dntagro.com\/economia-circular-2\/"},"modified":"2025-10-14T11:25:03","modified_gmt":"2025-10-14T09:25:03","slug":"circular-economy","status":"publish","type":"page","link":"https:\/\/dntagro.com\/en\/circular-economy\/","title":{"rendered":"Circular economy"},"content":{"rendered":"<div class=\"gb-container gb-container-8cc865b8\"><div class=\"gb-inside-container\">\n\n<p class=\"has-text-align-center\">Our production system integrates the concept of a <strong>circular economy<\/strong>. This production and consumption model guarantees <a href=\"https:\/\/dntagro.com\/en\">sustainable growth<\/a> by promoting resource optimization, reducing raw material consumption, and reusing waste to give it a new lease of life.<\/p>\n\n\n\n<div style=\"height:30px\" aria-hidden=\"true\" class=\"wp-block-spacer hide-on-mobile\"><\/div>\n\n\n<div class=\"gb-container gb-container-3939dbf1 bloque-fondos\"><div class=\"gb-inside-container\">\n<div class=\"gb-grid-wrapper gb-grid-wrapper-9443645c\">\n<div class=\"gb-grid-column gb-grid-column-4ef543e7\"><div class=\"gb-container gb-container-4ef543e7 imagen-centrar\"><div class=\"gb-inside-container\"><\/div><\/div><\/div>\n\n<div class=\"gb-grid-column gb-grid-column-48747999\"><div class=\"gb-container gb-container-48747999 menu-carta\"><div class=\"gb-inside-container\">\n\n<h2 class=\"gb-headline gb-headline-fcd3a86f gb-headline-text\">WE REDUCE THE CARBON FOOTPRINT<\/h2>\n\n\n\n<h3 class=\"gb-headline gb-headline-9c81a963 gb-headline-text\">SOLUTIONS TO IMPORTS<\/h3>\n\n\n\n<p>Avoid imports and obtain high quality European products. With the circular economy we control all stages of the production chain, from the manufacture of raw materials to the transformation into the final product. A management system that ensures the quality of all our products. Fast and programmable deliveries. Special offer for large volumes. Save time and effort with us, thank you for choosing us!<\/p>\n\n<\/div><\/div><\/div>\n\n<div class=\"gb-grid-column gb-grid-column-34198529\"><div class=\"gb-container gb-container-34198529 fondo-ham\"><div class=\"gb-inside-container\">\n\n<h2 class=\"gb-headline gb-headline-e1115811 gb-headline-text\">RECICLING MACHINE<\/h2>\n\n\n\n<h3 class=\"gb-headline gb-headline-a5cf5986 gb-headline-text\">RECYCLE NON WOVEN<\/h3>\n\n\n\n<p>At&nbsp;<a href=\"https:\/\/dntnonwovenfabrics.com\/en\/\">DNT Non Woven Fabrics<\/a>&nbsp;we recover nonwoven waste, transform it into polypropylene pellets and re-incorporate them into our <strong>DNT Bond Recycled<\/strong> manufacturing process. We turn waste into new resources. Thus contributing to the idea of circular economy.<\/p>\n\n<\/div><\/div><\/div>\n\n<div class=\"gb-grid-column gb-grid-column-480e6f00\"><div class=\"gb-container gb-container-480e6f00\"><div class=\"gb-inside-container\">\n\n<figure class=\"wp-block-video\"><video autoplay loop muted src=\"https:\/\/www.cedecom.net\/cedecom\/previos\/DNT_ECONOMIA_CIRCULAR.mp4\"><\/video><\/figure>\n\n<\/div><\/div><\/div>\n\n<div class=\"gb-grid-column gb-grid-column-d732ee79\"><div class=\"gb-container gb-container-d732ee79 imagen-centrar\"><div class=\"gb-inside-container\"><\/div><\/div><\/div>\n\n<div class=\"gb-grid-column gb-grid-column-1d0e64a1\"><div class=\"gb-container gb-container-1d0e64a1 menu-carta\"><div class=\"gb-inside-container\">\n\n<h2 class=\"gb-headline gb-headline-019d3e99 gb-headline-text\">ENERGY EFFICIENCY<\/h2>\n\n\n\n<p>As an&nbsp;<a href=\"https:\/\/dntnonwovenfabrics.com\/noticias\/certificacion-iso-50001-en-eficiencia-energetica\/\">ISO 50001<\/a>&nbsp;certified company, we are committed to optimising our energy resources, promoting transparency in energy efficiency management and encouraging best practices throughout our organisation.<\/p>\n\n<\/div><\/div><\/div>\n<\/div>\n\n\n<div style=\"height:49px\" aria-hidden=\"true\" class=\"wp-block-spacer\"><\/div>\n\n<\/div><\/div>\n<\/div><\/div>\n\n\n<div style=\"height:30px\" aria-hidden=\"true\" class=\"wp-block-spacer\"><\/div>\n","protected":false},"excerpt":{"rendered":"<p>Our production system integrates the concept of a circular economy. This production and consumption model guarantees sustainable growth by promoting resource optimization, reducing raw material consumption, and reusing waste to give it a new lease of life.<\/p>\n","protected":false},"author":5,"featured_media":16793,"parent":0,"menu_order":0,"comment_status":"closed","ping_status":"closed","template":"","meta":{"inline_featured_image":false,"footnotes":""},"class_list":["post-17516","page","type-page","status-publish","has-post-thumbnail"],"yoast_head":"<!-- This site is optimized with the Yoast SEO plugin v27.4 - https:\/\/yoast.com\/product\/yoast-seo-wordpress\/ -->\n<title>Circular economy - DNT Agro<\/title>\n<meta name=\"description\" content=\"La Econom\u00eda circular garantiza un crecimiento sostenible en el consumo de materias primas y aprovechamiento, reciclando para una nueva vida.\" \/>\n<meta name=\"robots\" content=\"index, follow, max-snippet:-1, max-image-preview:large, max-video-preview:-1\" \/>\n<link rel=\"canonical\" href=\"https:\/\/dntagro.com\/en\/circular-economy\/\" \/>\n<meta property=\"og:locale\" content=\"en_US\" \/>\n<meta property=\"og:type\" content=\"article\" \/>\n<meta property=\"og:title\" content=\"Circular economy - DNT Agro\" \/>\n<meta property=\"og:description\" content=\"La Econom\u00eda circular garantiza un crecimiento sostenible en el consumo de materias primas y aprovechamiento, reciclando para una nueva vida.\" \/>\n<meta property=\"og:url\" content=\"https:\/\/dntagro.com\/en\/circular-economy\/\" \/>\n<meta property=\"og:site_name\" content=\"DNT Agro\" \/>\n<meta property=\"article:modified_time\" content=\"2025-10-14T09:25:03+00:00\" \/>\n<meta property=\"og:image\" content=\"https:\/\/dntagro.com\/wp-content\/uploads\/2025\/08\/portada-economia-circular.jpg\" \/>\n\t<meta property=\"og:image:width\" content=\"1986\" \/>\n\t<meta property=\"og:image:height\" content=\"568\" \/>\n\t<meta property=\"og:image:type\" content=\"image\/jpeg\" \/>\n<meta name=\"twitter:card\" content=\"summary_large_image\" \/>\n<meta name=\"twitter:label1\" content=\"Est. reading time\" \/>\n\t<meta name=\"twitter:data1\" content=\"2 minutes\" \/>\n<script type=\"application\/ld+json\" class=\"yoast-schema-graph\">{\"@context\":\"https:\\\/\\\/schema.org\",\"@graph\":[{\"@type\":\"WebPage\",\"@id\":\"https:\\\/\\\/dntagro.com\\\/en\\\/circular-economy\\\/\",\"url\":\"https:\\\/\\\/dntagro.com\\\/en\\\/circular-economy\\\/\",\"name\":\"Circular economy - DNT Agro\",\"isPartOf\":{\"@id\":\"https:\\\/\\\/dntagro.com\\\/en\\\/#website\"},\"primaryImageOfPage\":{\"@id\":\"https:\\\/\\\/dntagro.com\\\/en\\\/circular-economy\\\/#primaryimage\"},\"image\":{\"@id\":\"https:\\\/\\\/dntagro.com\\\/en\\\/circular-economy\\\/#primaryimage\"},\"thumbnailUrl\":\"https:\\\/\\\/dntagro.com\\\/wp-content\\\/uploads\\\/2025\\\/08\\\/portada-economia-circular.jpg\",\"datePublished\":\"2021-10-13T20:15:43+00:00\",\"dateModified\":\"2025-10-14T09:25:03+00:00\",\"description\":\"La Econom\u00eda circular garantiza un crecimiento sostenible en el consumo de materias primas y aprovechamiento, reciclando para una nueva vida.\",\"breadcrumb\":{\"@id\":\"https:\\\/\\\/dntagro.com\\\/en\\\/circular-economy\\\/#breadcrumb\"},\"inLanguage\":\"en-US\",\"potentialAction\":[{\"@type\":\"ReadAction\",\"target\":[\"https:\\\/\\\/dntagro.com\\\/en\\\/circular-economy\\\/\"]}]},{\"@type\":\"ImageObject\",\"inLanguage\":\"en-US\",\"@id\":\"https:\\\/\\\/dntagro.com\\\/en\\\/circular-economy\\\/#primaryimage\",\"url\":\"https:\\\/\\\/dntagro.com\\\/wp-content\\\/uploads\\\/2025\\\/08\\\/portada-economia-circular.jpg\",\"contentUrl\":\"https:\\\/\\\/dntagro.com\\\/wp-content\\\/uploads\\\/2025\\\/08\\\/portada-economia-circular.jpg\",\"width\":1986,\"height\":568},{\"@type\":\"BreadcrumbList\",\"@id\":\"https:\\\/\\\/dntagro.com\\\/en\\\/circular-economy\\\/#breadcrumb\",\"itemListElement\":[{\"@type\":\"ListItem\",\"position\":1,\"name\":\"Portada\",\"item\":\"https:\\\/\\\/dntagro.com\\\/en\\\/\"},{\"@type\":\"ListItem\",\"position\":2,\"name\":\"Circular economy\"}]},{\"@type\":\"WebSite\",\"@id\":\"https:\\\/\\\/dntagro.com\\\/en\\\/#website\",\"url\":\"https:\\\/\\\/dntagro.com\\\/en\\\/\",\"name\":\"DNT Agro\",\"description\":\"DNT AGRO es la l\u00ednea de no tejidos y complementos para la protecci\u00f3n y el control biol\u00f3gico y t\u00e9rmico de \u00e1rboles, cultivos y plantas.\",\"publisher\":{\"@id\":\"https:\\\/\\\/dntagro.com\\\/en\\\/#organization\"},\"potentialAction\":[{\"@type\":\"SearchAction\",\"target\":{\"@type\":\"EntryPoint\",\"urlTemplate\":\"https:\\\/\\\/dntagro.com\\\/en\\\/?s={search_term_string}\"},\"query-input\":{\"@type\":\"PropertyValueSpecification\",\"valueRequired\":true,\"valueName\":\"search_term_string\"}}],\"inLanguage\":\"en-US\"},{\"@type\":\"Organization\",\"@id\":\"https:\\\/\\\/dntagro.com\\\/en\\\/#organization\",\"name\":\"DNT Agro\",\"url\":\"https:\\\/\\\/dntagro.com\\\/en\\\/\",\"logo\":{\"@type\":\"ImageObject\",\"inLanguage\":\"en-US\",\"@id\":\"https:\\\/\\\/dntagro.com\\\/en\\\/#\\\/schema\\\/logo\\\/image\\\/\",\"url\":\"https:\\\/\\\/dntagro.com\\\/wp-content\\\/uploads\\\/2025\\\/10\\\/dntagro-menu.png\",\"contentUrl\":\"https:\\\/\\\/dntagro.com\\\/wp-content\\\/uploads\\\/2025\\\/10\\\/dntagro-menu.png\",\"width\":170,\"height\":100,\"caption\":\"DNT Agro\"},\"image\":{\"@id\":\"https:\\\/\\\/dntagro.com\\\/en\\\/#\\\/schema\\\/logo\\\/image\\\/\"}}]}<\/script>\n<!-- \/ Yoast SEO plugin. -->","yoast_head_json":{"title":"Circular economy - DNT Agro","description":"La Econom\u00eda circular garantiza un crecimiento sostenible en el consumo de materias primas y aprovechamiento, reciclando para una nueva vida.","robots":{"index":"index","follow":"follow","max-snippet":"max-snippet:-1","max-image-preview":"max-image-preview:large","max-video-preview":"max-video-preview:-1"},"canonical":"https:\/\/dntagro.com\/en\/circular-economy\/","og_locale":"en_US","og_type":"article","og_title":"Circular economy - DNT Agro","og_description":"La Econom\u00eda circular garantiza un crecimiento sostenible en el consumo de materias primas y aprovechamiento, reciclando para una nueva vida.","og_url":"https:\/\/dntagro.com\/en\/circular-economy\/","og_site_name":"DNT Agro","article_modified_time":"2025-10-14T09:25:03+00:00","og_image":[{"width":1986,"height":568,"url":"https:\/\/dntagro.com\/wp-content\/uploads\/2025\/08\/portada-economia-circular.jpg","type":"image\/jpeg"}],"twitter_card":"summary_large_image","twitter_misc":{"Est. reading time":"2 minutes"},"schema":{"@context":"https:\/\/schema.org","@graph":[{"@type":"WebPage","@id":"https:\/\/dntagro.com\/en\/circular-economy\/","url":"https:\/\/dntagro.com\/en\/circular-economy\/","name":"Circular economy - DNT Agro","isPartOf":{"@id":"https:\/\/dntagro.com\/en\/#website"},"primaryImageOfPage":{"@id":"https:\/\/dntagro.com\/en\/circular-economy\/#primaryimage"},"image":{"@id":"https:\/\/dntagro.com\/en\/circular-economy\/#primaryimage"},"thumbnailUrl":"https:\/\/dntagro.com\/wp-content\/uploads\/2025\/08\/portada-economia-circular.jpg","datePublished":"2021-10-13T20:15:43+00:00","dateModified":"2025-10-14T09:25:03+00:00","description":"La Econom\u00eda circular garantiza un crecimiento sostenible en el consumo de materias primas y aprovechamiento, reciclando para una nueva vida.","breadcrumb":{"@id":"https:\/\/dntagro.com\/en\/circular-economy\/#breadcrumb"},"inLanguage":"en-US","potentialAction":[{"@type":"ReadAction","target":["https:\/\/dntagro.com\/en\/circular-economy\/"]}]},{"@type":"ImageObject","inLanguage":"en-US","@id":"https:\/\/dntagro.com\/en\/circular-economy\/#primaryimage","url":"https:\/\/dntagro.com\/wp-content\/uploads\/2025\/08\/portada-economia-circular.jpg","contentUrl":"https:\/\/dntagro.com\/wp-content\/uploads\/2025\/08\/portada-economia-circular.jpg","width":1986,"height":568},{"@type":"BreadcrumbList","@id":"https:\/\/dntagro.com\/en\/circular-economy\/#breadcrumb","itemListElement":[{"@type":"ListItem","position":1,"name":"Portada","item":"https:\/\/dntagro.com\/en\/"},{"@type":"ListItem","position":2,"name":"Circular economy"}]},{"@type":"WebSite","@id":"https:\/\/dntagro.com\/en\/#website","url":"https:\/\/dntagro.com\/en\/","name":"DNT Agro","description":"DNT AGRO es la l\u00ednea de no tejidos y complementos para la protecci\u00f3n y el control biol\u00f3gico y t\u00e9rmico de \u00e1rboles, cultivos y plantas.","publisher":{"@id":"https:\/\/dntagro.com\/en\/#organization"},"potentialAction":[{"@type":"SearchAction","target":{"@type":"EntryPoint","urlTemplate":"https:\/\/dntagro.com\/en\/?s={search_term_string}"},"query-input":{"@type":"PropertyValueSpecification","valueRequired":true,"valueName":"search_term_string"}}],"inLanguage":"en-US"},{"@type":"Organization","@id":"https:\/\/dntagro.com\/en\/#organization","name":"DNT Agro","url":"https:\/\/dntagro.com\/en\/","logo":{"@type":"ImageObject","inLanguage":"en-US","@id":"https:\/\/dntagro.com\/en\/#\/schema\/logo\/image\/","url":"https:\/\/dntagro.com\/wp-content\/uploads\/2025\/10\/dntagro-menu.png","contentUrl":"https:\/\/dntagro.com\/wp-content\/uploads\/2025\/10\/dntagro-menu.png","width":170,"height":100,"caption":"DNT Agro"},"image":{"@id":"https:\/\/dntagro.com\/en\/#\/schema\/logo\/image\/"}}]}},"_links":{"self":[{"href":"https:\/\/dntagro.com\/en\/wp-json\/wp\/v2\/pages\/17516","targetHints":{"allow":["GET"]}}],"collection":[{"href":"https:\/\/dntagro.com\/en\/wp-json\/wp\/v2\/pages"}],"about":[{"href":"https:\/\/dntagro.com\/en\/wp-json\/wp\/v2\/types\/page"}],"author":[{"embeddable":true,"href":"https:\/\/dntagro.com\/en\/wp-json\/wp\/v2\/users\/5"}],"replies":[{"embeddable":true,"href":"https:\/\/dntagro.com\/en\/wp-json\/wp\/v2\/comments?post=17516"}],"version-history":[{"count":0,"href":"https:\/\/dntagro.com\/en\/wp-json\/wp\/v2\/pages\/17516\/revisions"}],"wp:featuredmedia":[{"embeddable":true,"href":"https:\/\/dntagro.com\/en\/wp-json\/wp\/v2\/media\/16793"}],"wp:attachment":[{"href":"https:\/\/dntagro.com\/en\/wp-json\/wp\/v2\/media?parent=17516"}],"curies":[{"name":"wp","href":"https:\/\/api.w.org\/{rel}","templated":true}]}}