{"id":17508,"date":"2021-10-07T14:34:42","date_gmt":"2021-10-07T12:34:42","guid":{"rendered":"https:\/\/www2.dntagro.com\/idi\/"},"modified":"2025-11-04T16:35:25","modified_gmt":"2025-11-04T15:35:25","slug":"rdi","status":"publish","type":"page","link":"https:\/\/dntagro.com\/en\/rdi\/","title":{"rendered":"R+D+I"},"content":{"rendered":"\n<div style=\"height:0px\" aria-hidden=\"true\" class=\"wp-block-spacer\"><\/div>\n\n\n<div class=\"gb-container gb-container-8cc865b8\"><div class=\"gb-inside-container\">\n<div class=\"gb-container gb-container-b521dd5d\">\n\n<p class=\"has-text-align-center\">In its commitment to <strong>sustainability and continuous improvement<\/strong>, <strong>DNT Agro<\/strong> promotes <strong>R&amp;D<\/strong> projects and applies cutting-edge technologies to develop more efficient, durable, and environmentally friendly <strong>technical nonwovens<\/strong>. Thanks to innovative management and optimized production methodologies, it offers solutions that reduce environmental impact and improve agronomic performance.<\/p>\n\n<\/div>\n\n\n<div style=\"height:30px\" aria-hidden=\"true\" class=\"wp-block-spacer hide-on-mobile\"><\/div>\n\n\n<div class=\"gb-container gb-container-3939dbf1 bloque-fondos\"><div class=\"gb-inside-container\">\n<div class=\"gb-grid-wrapper gb-grid-wrapper-9443645c\">\n<div class=\"gb-grid-column gb-grid-column-48747999\"><div class=\"gb-container gb-container-48747999 menu-carta\"><div class=\"gb-inside-container\">\n\n<h2 class=\"gb-headline gb-headline-fcd3a86f gb-headline-text\"><strong>UTILITY MODEL DOUBLE-LAYER ANTI-WEED NON WOVEN<\/strong><\/h2>\n\n\n\n<p>The continuous development of new nonwoven applications in R+D+i has led DNT Non Woven Fabrics to develop the\u00a0<a href=\"https:\/\/dntagro.com\/en\/products\/double-layer-anti-weed\/\">Double-Layer Anti-Weed Non-Woven<\/a>, for which we have been granted the Utility Model. This product provides impermeability and protection against UV radiation, preventing the growth of weeds in crops.<\/p>\n\n<\/div><\/div><\/div>\n\n<div class=\"gb-grid-column gb-grid-column-af89fd4e\"><div class=\"gb-container gb-container-af89fd4e\"><div class=\"gb-inside-container\"><\/div><\/div><\/div>\n\n<div class=\"gb-grid-column gb-grid-column-ba81ae86\"><div class=\"gb-container gb-container-ba81ae86\"><div class=\"gb-inside-container\">\n<div class=\"gb-container gb-container-0b6a1942\">\n<div class=\"gb-grid-wrapper gb-grid-wrapper-cdca9b9d\">\n<div class=\"gb-grid-column gb-grid-column-41abb626\"><div class=\"gb-container gb-container-41abb626\">\n\n<figure class=\"wp-block-image size-medium\"><img decoding=\"async\" width=\"370\" height=\"149\" src=\"https:\/\/dntagro.com\/wp-content\/uploads\/2024\/09\/2024-go_bicapa-logotipo-370x149.png\" alt=\"2024 Go Bicapa Logotipo\" class=\"wp-image-13585\" srcset=\"https:\/\/dntagro.com\/wp-content\/uploads\/2024\/09\/2024-go_bicapa-logotipo-370x149.png 370w, https:\/\/dntagro.com\/wp-content\/uploads\/2024\/09\/2024-go_bicapa-logotipo-1120x451.png 1120w, https:\/\/dntagro.com\/wp-content\/uploads\/2024\/09\/2024-go_bicapa-logotipo-768x309.png 768w, https:\/\/dntagro.com\/wp-content\/uploads\/2024\/09\/2024-go_bicapa-logotipo-1536x619.png 1536w, https:\/\/dntagro.com\/wp-content\/uploads\/2024\/09\/2024-go_bicapa-logotipo.png 1793w\" sizes=\"(max-width: 370px) 100vw, 370px\" \/><\/figure>\n\n<\/div><\/div>\n\n<div class=\"gb-grid-column gb-grid-column-d462ab83\"><div class=\"gb-container gb-container-d462ab83\">\n\n<figure class=\"wp-block-image size-full\"><img decoding=\"async\" width=\"2099\" height=\"1016\" src=\"https:\/\/dntagro.com\/wp-content\/uploads\/2025\/08\/europainvierte-enlaszonasruralesok.png\" alt=\"Europainvierte Enlaszonasruralesok\" class=\"wp-image-16769\"\/><\/figure>\n\n<\/div><\/div>\n<\/div>\n<\/div>\n<\/div><\/div><\/div>\n\n<div class=\"gb-grid-column gb-grid-column-34198529\"><div class=\"gb-container gb-container-34198529 fondo-ham\"><div class=\"gb-inside-container\">\n\n<h2 class=\"gb-headline gb-headline-e1115811 gb-headline-text\">BICAPA-OLEOPROTECT PROJECT<\/h2>\n\n\n\n<p>The Bicapa-Oleoprotect project, formed by the operational group: <strong>Fundaci\u00f3n Citoliva<\/strong>, <strong>DNT Non Woven Fabrics<\/strong> and <strong>Oleocampo SCA<\/strong>.<\/p>\n\n\n\n<p>The main objective of the project is to optimise olive grove management through the development and implementation of a double-layer non-woven weed control fabric, adapted to the production conditions of <strong>traditional<\/strong>, <strong>intensive<\/strong> and <strong>super-intensive olive groves<\/strong>.<\/p>\n\n<\/div><\/div><\/div>\n<\/div>\n\n\n<div style=\"height:49px\" aria-hidden=\"true\" class=\"wp-block-spacer\"><\/div>\n\n<\/div><\/div>\n<\/div><\/div>\n\n\n<div style=\"height:30px\" aria-hidden=\"true\" class=\"wp-block-spacer\"><\/div>\n\n\n\n<p><\/p>\n","protected":false},"excerpt":{"rendered":"<p>In its commitment to sustainability and continuous improvement, DNT Agro promotes R&amp;D projects and applies cutting-edge technologies to develop more efficient, durable, and environmentally friendly technical nonwovens. Thanks to innovative management and optimized production methodologies, it offers solutions that reduce environmental impact and improve agronomic performance.<\/p>\n","protected":false},"author":5,"featured_media":16753,"parent":0,"menu_order":0,"comment_status":"closed","ping_status":"closed","template":"","meta":{"inline_featured_image":false,"footnotes":""},"class_list":["post-17508","page","type-page","status-publish","has-post-thumbnail"],"yoast_head":"<!-- This site is optimized with the Yoast SEO plugin v27.4 - https:\/\/yoast.com\/product\/yoast-seo-wordpress\/ -->\n<title>R+D+I - DNT Agro<\/title>\n<meta name=\"description\" content=\"DNT Non Woven Fabrics hace esfuerzos en I+D+i, aplicando las metodolog\u00edas de producci\u00f3n y gesti\u00f3n para ofrecer soluciones innovadoras.\" \/>\n<meta name=\"robots\" content=\"index, follow, max-snippet:-1, max-image-preview:large, max-video-preview:-1\" \/>\n<link rel=\"canonical\" href=\"https:\/\/dntagro.com\/en\/rdi\/\" \/>\n<meta property=\"og:locale\" content=\"en_US\" \/>\n<meta property=\"og:type\" content=\"article\" \/>\n<meta property=\"og:title\" content=\"R+D+I - DNT Agro\" \/>\n<meta property=\"og:description\" content=\"DNT Non Woven Fabrics hace esfuerzos en I+D+i, aplicando las metodolog\u00edas de producci\u00f3n y gesti\u00f3n para ofrecer soluciones innovadoras.\" \/>\n<meta property=\"og:url\" content=\"https:\/\/dntagro.com\/en\/rdi\/\" \/>\n<meta property=\"og:site_name\" content=\"DNT Agro\" \/>\n<meta property=\"article:modified_time\" content=\"2025-11-04T15:35:25+00:00\" \/>\n<meta property=\"og:image\" content=\"https:\/\/dntagro.com\/wp-content\/uploads\/2025\/08\/portada-idi.jpg\" \/>\n\t<meta property=\"og:image:width\" content=\"1986\" \/>\n\t<meta property=\"og:image:height\" content=\"568\" \/>\n\t<meta property=\"og:image:type\" content=\"image\/jpeg\" \/>\n<meta name=\"twitter:card\" content=\"summary_large_image\" \/>\n<meta name=\"twitter:label1\" content=\"Est. reading time\" \/>\n\t<meta name=\"twitter:data1\" content=\"2 minutes\" \/>\n<script type=\"application\/ld+json\" class=\"yoast-schema-graph\">{\"@context\":\"https:\\\/\\\/schema.org\",\"@graph\":[{\"@type\":\"WebPage\",\"@id\":\"https:\\\/\\\/dntagro.com\\\/en\\\/rdi\\\/\",\"url\":\"https:\\\/\\\/dntagro.com\\\/en\\\/rdi\\\/\",\"name\":\"R+D+I - DNT Agro\",\"isPartOf\":{\"@id\":\"https:\\\/\\\/dntagro.com\\\/en\\\/#website\"},\"primaryImageOfPage\":{\"@id\":\"https:\\\/\\\/dntagro.com\\\/en\\\/rdi\\\/#primaryimage\"},\"image\":{\"@id\":\"https:\\\/\\\/dntagro.com\\\/en\\\/rdi\\\/#primaryimage\"},\"thumbnailUrl\":\"https:\\\/\\\/dntagro.com\\\/wp-content\\\/uploads\\\/2025\\\/08\\\/portada-idi.jpg\",\"datePublished\":\"2021-10-07T12:34:42+00:00\",\"dateModified\":\"2025-11-04T15:35:25+00:00\",\"description\":\"DNT Non Woven Fabrics hace esfuerzos en I+D+i, aplicando las metodolog\u00edas de producci\u00f3n y gesti\u00f3n para ofrecer soluciones innovadoras.\",\"breadcrumb\":{\"@id\":\"https:\\\/\\\/dntagro.com\\\/en\\\/rdi\\\/#breadcrumb\"},\"inLanguage\":\"en-US\",\"potentialAction\":[{\"@type\":\"ReadAction\",\"target\":[\"https:\\\/\\\/dntagro.com\\\/en\\\/rdi\\\/\"]}]},{\"@type\":\"ImageObject\",\"inLanguage\":\"en-US\",\"@id\":\"https:\\\/\\\/dntagro.com\\\/en\\\/rdi\\\/#primaryimage\",\"url\":\"https:\\\/\\\/dntagro.com\\\/wp-content\\\/uploads\\\/2025\\\/08\\\/portada-idi.jpg\",\"contentUrl\":\"https:\\\/\\\/dntagro.com\\\/wp-content\\\/uploads\\\/2025\\\/08\\\/portada-idi.jpg\",\"width\":1986,\"height\":568},{\"@type\":\"BreadcrumbList\",\"@id\":\"https:\\\/\\\/dntagro.com\\\/en\\\/rdi\\\/#breadcrumb\",\"itemListElement\":[{\"@type\":\"ListItem\",\"position\":1,\"name\":\"Portada\",\"item\":\"https:\\\/\\\/dntagro.com\\\/en\\\/\"},{\"@type\":\"ListItem\",\"position\":2,\"name\":\"R+D+I\"}]},{\"@type\":\"WebSite\",\"@id\":\"https:\\\/\\\/dntagro.com\\\/en\\\/#website\",\"url\":\"https:\\\/\\\/dntagro.com\\\/en\\\/\",\"name\":\"DNT Agro\",\"description\":\"DNT AGRO es la l\u00ednea de no tejidos y complementos para la protecci\u00f3n y el control biol\u00f3gico y t\u00e9rmico de \u00e1rboles, cultivos y plantas.\",\"publisher\":{\"@id\":\"https:\\\/\\\/dntagro.com\\\/en\\\/#organization\"},\"potentialAction\":[{\"@type\":\"SearchAction\",\"target\":{\"@type\":\"EntryPoint\",\"urlTemplate\":\"https:\\\/\\\/dntagro.com\\\/en\\\/?s={search_term_string}\"},\"query-input\":{\"@type\":\"PropertyValueSpecification\",\"valueRequired\":true,\"valueName\":\"search_term_string\"}}],\"inLanguage\":\"en-US\"},{\"@type\":\"Organization\",\"@id\":\"https:\\\/\\\/dntagro.com\\\/en\\\/#organization\",\"name\":\"DNT Agro\",\"url\":\"https:\\\/\\\/dntagro.com\\\/en\\\/\",\"logo\":{\"@type\":\"ImageObject\",\"inLanguage\":\"en-US\",\"@id\":\"https:\\\/\\\/dntagro.com\\\/en\\\/#\\\/schema\\\/logo\\\/image\\\/\",\"url\":\"https:\\\/\\\/dntagro.com\\\/wp-content\\\/uploads\\\/2025\\\/10\\\/dntagro-menu.png\",\"contentUrl\":\"https:\\\/\\\/dntagro.com\\\/wp-content\\\/uploads\\\/2025\\\/10\\\/dntagro-menu.png\",\"width\":170,\"height\":100,\"caption\":\"DNT Agro\"},\"image\":{\"@id\":\"https:\\\/\\\/dntagro.com\\\/en\\\/#\\\/schema\\\/logo\\\/image\\\/\"}}]}<\/script>\n<!-- \/ Yoast SEO plugin. -->","yoast_head_json":{"title":"R+D+I - DNT Agro","description":"DNT Non Woven Fabrics hace esfuerzos en I+D+i, aplicando las metodolog\u00edas de producci\u00f3n y gesti\u00f3n para ofrecer soluciones innovadoras.","robots":{"index":"index","follow":"follow","max-snippet":"max-snippet:-1","max-image-preview":"max-image-preview:large","max-video-preview":"max-video-preview:-1"},"canonical":"https:\/\/dntagro.com\/en\/rdi\/","og_locale":"en_US","og_type":"article","og_title":"R+D+I - DNT Agro","og_description":"DNT Non Woven Fabrics hace esfuerzos en I+D+i, aplicando las metodolog\u00edas de producci\u00f3n y gesti\u00f3n para ofrecer soluciones innovadoras.","og_url":"https:\/\/dntagro.com\/en\/rdi\/","og_site_name":"DNT Agro","article_modified_time":"2025-11-04T15:35:25+00:00","og_image":[{"width":1986,"height":568,"url":"https:\/\/dntagro.com\/wp-content\/uploads\/2025\/08\/portada-idi.jpg","type":"image\/jpeg"}],"twitter_card":"summary_large_image","twitter_misc":{"Est. reading time":"2 minutes"},"schema":{"@context":"https:\/\/schema.org","@graph":[{"@type":"WebPage","@id":"https:\/\/dntagro.com\/en\/rdi\/","url":"https:\/\/dntagro.com\/en\/rdi\/","name":"R+D+I - DNT Agro","isPartOf":{"@id":"https:\/\/dntagro.com\/en\/#website"},"primaryImageOfPage":{"@id":"https:\/\/dntagro.com\/en\/rdi\/#primaryimage"},"image":{"@id":"https:\/\/dntagro.com\/en\/rdi\/#primaryimage"},"thumbnailUrl":"https:\/\/dntagro.com\/wp-content\/uploads\/2025\/08\/portada-idi.jpg","datePublished":"2021-10-07T12:34:42+00:00","dateModified":"2025-11-04T15:35:25+00:00","description":"DNT Non Woven Fabrics hace esfuerzos en I+D+i, aplicando las metodolog\u00edas de producci\u00f3n y gesti\u00f3n para ofrecer soluciones innovadoras.","breadcrumb":{"@id":"https:\/\/dntagro.com\/en\/rdi\/#breadcrumb"},"inLanguage":"en-US","potentialAction":[{"@type":"ReadAction","target":["https:\/\/dntagro.com\/en\/rdi\/"]}]},{"@type":"ImageObject","inLanguage":"en-US","@id":"https:\/\/dntagro.com\/en\/rdi\/#primaryimage","url":"https:\/\/dntagro.com\/wp-content\/uploads\/2025\/08\/portada-idi.jpg","contentUrl":"https:\/\/dntagro.com\/wp-content\/uploads\/2025\/08\/portada-idi.jpg","width":1986,"height":568},{"@type":"BreadcrumbList","@id":"https:\/\/dntagro.com\/en\/rdi\/#breadcrumb","itemListElement":[{"@type":"ListItem","position":1,"name":"Portada","item":"https:\/\/dntagro.com\/en\/"},{"@type":"ListItem","position":2,"name":"R+D+I"}]},{"@type":"WebSite","@id":"https:\/\/dntagro.com\/en\/#website","url":"https:\/\/dntagro.com\/en\/","name":"DNT Agro","description":"DNT AGRO es la l\u00ednea de no tejidos y complementos para la protecci\u00f3n y el control biol\u00f3gico y t\u00e9rmico de \u00e1rboles, cultivos y plantas.","publisher":{"@id":"https:\/\/dntagro.com\/en\/#organization"},"potentialAction":[{"@type":"SearchAction","target":{"@type":"EntryPoint","urlTemplate":"https:\/\/dntagro.com\/en\/?s={search_term_string}"},"query-input":{"@type":"PropertyValueSpecification","valueRequired":true,"valueName":"search_term_string"}}],"inLanguage":"en-US"},{"@type":"Organization","@id":"https:\/\/dntagro.com\/en\/#organization","name":"DNT Agro","url":"https:\/\/dntagro.com\/en\/","logo":{"@type":"ImageObject","inLanguage":"en-US","@id":"https:\/\/dntagro.com\/en\/#\/schema\/logo\/image\/","url":"https:\/\/dntagro.com\/wp-content\/uploads\/2025\/10\/dntagro-menu.png","contentUrl":"https:\/\/dntagro.com\/wp-content\/uploads\/2025\/10\/dntagro-menu.png","width":170,"height":100,"caption":"DNT Agro"},"image":{"@id":"https:\/\/dntagro.com\/en\/#\/schema\/logo\/image\/"}}]}},"_links":{"self":[{"href":"https:\/\/dntagro.com\/en\/wp-json\/wp\/v2\/pages\/17508","targetHints":{"allow":["GET"]}}],"collection":[{"href":"https:\/\/dntagro.com\/en\/wp-json\/wp\/v2\/pages"}],"about":[{"href":"https:\/\/dntagro.com\/en\/wp-json\/wp\/v2\/types\/page"}],"author":[{"embeddable":true,"href":"https:\/\/dntagro.com\/en\/wp-json\/wp\/v2\/users\/5"}],"replies":[{"embeddable":true,"href":"https:\/\/dntagro.com\/en\/wp-json\/wp\/v2\/comments?post=17508"}],"version-history":[{"count":0,"href":"https:\/\/dntagro.com\/en\/wp-json\/wp\/v2\/pages\/17508\/revisions"}],"wp:featuredmedia":[{"embeddable":true,"href":"https:\/\/dntagro.com\/en\/wp-json\/wp\/v2\/media\/16753"}],"wp:attachment":[{"href":"https:\/\/dntagro.com\/en\/wp-json\/wp\/v2\/media?parent=17508"}],"curies":[{"name":"wp","href":"https:\/\/api.w.org\/{rel}","templated":true}]}}